{"id":223879,"date":"2025-07-25T15:25:20","date_gmt":"2025-07-25T15:25:20","guid":{"rendered":"https:\/\/aldeco.pt\/staging\/product\/savvy-fr\/"},"modified":"2026-03-04T11:35:05","modified_gmt":"2026-03-04T11:35:05","slug":"savvy-fr","status":"publish","type":"product","link":"https:\/\/staging.aldeco.pt\/es\/product\/savvy-fr\/","title":{"rendered":"SAVVY FR"},"content":{"rendered":"<p>SAVVY FR es una hermosa tela para visillos con textura de lino y tacto suave. Esta calidad, de aspecto y tacto muy naturales, ofrece una ca\u00edda perfecta y est\u00e1 confeccionada con hilo GRS 100 % poli\u00e9ster reciclado, ign\u00edfugo inerente.  SAVVY FR es una hermosa tela para visillos con textura de lino y tacto suave. Esta calidad, de aspecto y tacto muy naturales, ofrece una ca\u00edda perfecta y est\u00e1 confeccionada con hilo GRS 100 % poli\u00e9ster reciclado, ign\u00edfugo inerente. Es lavable a 74 \u00b0C y cumple con la norma estadounidense de lavado hospitalario AATCC 96. Savvy es una tela transl\u00facida de dobre ancho, con 305 cm, disponible en 25 delicados colores. La gama de colores abarca desde los tonos naturales hasta los m\u00e1s profundos, con exquisitos azules. GRS es el Global Recycled Standard, un est\u00e1ndar que garantiza la trazabilidad completa de los materiales reciclados hasta la tela final. Esta tela tambi\u00e9n cumple con la norma OEKO-TEX Standard 100, lo que la hace segura para la salud humana y el medio ambiente. Se produce de acuerdo con la norma ISO 14001, el sistema de gesti\u00f3n ambiental creado para mejorar la eficiencia de los recursos.     <\/p>\n","protected":false},"excerpt":{"rendered":"<p>SAVVY FR es una hermosa tela para visillos con textura de lino y tacto suave. Esta calidad, de aspecto y tacto muy naturales, ofrece una ca\u00edda perfecta y est\u00e1 confeccionada con hilo GRS 100 % poli\u00e9ster reciclado, ign\u00edfugo inerente.  SAVVY FR es una hermosa tela para visillos con textura de lino y tacto suave. Esta calidad, de aspecto y tacto muy naturales, ofrece una ca\u00edda perfecta y est\u00e1 confeccionada con hilo GRS 100 % poli\u00e9ster reciclado, ign\u00edfugo inerente. Es lavable a 74 \u00b0C y cumple con la norma estadounidense de lavado hospitalario AATCC 96. Savvy es una tela transl\u00facida de dobre ancho, con 305 cm, disponible en 25 delicados colores. La gama de colores abarca desde los tonos naturales hasta los m\u00e1s profundos, con exquisitos azules. GRS es el Global Recycled Standard, un est\u00e1ndar que garantiza la trazabilidad completa de los materiales reciclados hasta la tela final. Esta tela tambi\u00e9n cumple con la norma OEKO-TEX Standard 100, lo que la hace segura para la salud humana y el medio ambiente. Se produce de acuerdo con la norma ISO 14001, el sistema de gesti\u00f3n ambiental creado para mejorar la eficiencia de los recursos.     <\/p>\n<h2>SAVVY FR es una hermosa tela para visillos con textura de lino y tacto suave. Esta calidad, de aspecto y tacto muy naturales, ofrece una ca\u00edda perfecta y est\u00e1 confeccionada con hilo GRS 100 % poli\u00e9ster reciclado, ign\u00edfugo inerente. <\/h2>\n<p><img fetchpriority=\"high\" decoding=\"async\" class=\"alignnone wp-image-223849 size-medium\" src=\"https:\/\/aldeco.pt\/staging\/wp-content\/uploads\/2025\/07\/ALDECO_SAVVY-FR_01-Dove-1-300x300.jpg\" alt=\"SAVVY FR - Aldeco\" width=\"300\" height=\"300\"><\/p>\n<p><a href=\"https:\/\/aldeco.pt\/staging\/product\/savvy-fr\/?attribute_pa_aldeco-color=01-dove&amp;attribute_pa_colour=gray\">https:\/\/aldeco.pt\/staging\/product\/savvy-fr\/?attribute_pa_aldeco-color=01-dove&amp;attribute_pa_colour=gray<\/a><\/p>\n<p><a href=\"https:\/\/www.instagram.com\/aldeco_interiorfabrics\/\">https:\/\/www.instagram.com\/aldeco_interiorfabrics\/<\/a><\/p>\n","protected":false},"featured_media":222769,"template":"","meta":[],"product_brand":[],"product_cat":[6154],"product_tag":[],"class_list":{"0":"post-223879","1":"product","2":"type-product","3":"status-publish","4":"has-post-thumbnail","6":"product_cat-aldeco-smarter-es","7":"pa_cleanability-8283","8":"pa_composition-ext-100-rpl-fr-es","9":"pa_contract-fabrics-1-es","10":"pa_interior-fabrics-1-es","11":"pa_line-telas","12":"pa_lithfastness-5-es","13":"pa_opportunities-descontinuado-es","14":"pa_range-liso-es","15":"pa_rapport-horizontal-0-es","16":"pa_rapport-vertical-0-es","17":"pa_special-treatments-fabrics-1-es","18":"pa_sustainable-fabrics-1-es","21":"first","22":"instock","23":"purchasable","24":"product-type-variable"},"acf":[],"_links":{"self":[{"href":"https:\/\/staging.aldeco.pt\/es\/wp-json\/wp\/v2\/product\/223879","targetHints":{"allow":["GET"]}}],"collection":[{"href":"https:\/\/staging.aldeco.pt\/es\/wp-json\/wp\/v2\/product"}],"about":[{"href":"https:\/\/staging.aldeco.pt\/es\/wp-json\/wp\/v2\/types\/product"}],"version-history":[{"count":1,"href":"https:\/\/staging.aldeco.pt\/es\/wp-json\/wp\/v2\/product\/223879\/revisions"}],"predecessor-version":[{"id":223943,"href":"https:\/\/staging.aldeco.pt\/es\/wp-json\/wp\/v2\/product\/223879\/revisions\/223943"}],"wp:featuredmedia":[{"embeddable":true,"href":"https:\/\/staging.aldeco.pt\/es\/wp-json\/wp\/v2\/media\/222769"}],"wp:attachment":[{"href":"https:\/\/staging.aldeco.pt\/es\/wp-json\/wp\/v2\/media?parent=223879"}],"wp:term":[{"taxonomy":"product_brand","embeddable":true,"href":"https:\/\/staging.aldeco.pt\/es\/wp-json\/wp\/v2\/product_brand?post=223879"},{"taxonomy":"product_cat","embeddable":true,"href":"https:\/\/staging.aldeco.pt\/es\/wp-json\/wp\/v2\/product_cat?post=223879"},{"taxonomy":"product_tag","embeddable":true,"href":"https:\/\/staging.aldeco.pt\/es\/wp-json\/wp\/v2\/product_tag?post=223879"}],"curies":[{"name":"wp","href":"https:\/\/api.w.org\/{rel}","templated":true}]}}