{"id":223838,"date":"2025-07-25T15:24:23","date_gmt":"2025-07-25T15:24:23","guid":{"rendered":"https:\/\/aldeco.pt\/staging\/product\/savant-fr\/"},"modified":"2026-03-04T11:35:51","modified_gmt":"2026-03-04T11:35:51","slug":"savant-fr","status":"publish","type":"product","link":"https:\/\/staging.aldeco.pt\/es\/product\/savant-fr\/","title":{"rendered":"SAVANT FR"},"content":{"rendered":"<p>SAVANT FR es una tela jacquard ideal para cortinas y decoraci\u00f3n. Este tejido de 145 cm representa la naturaleza con un estampado inspirado en el m\u00e1rmol italiano.  SAVANT FR es una tela jacquard ideal para cortinas y decoraci\u00f3n. Este tejido de 145 cm representa la naturaleza con un estampado inspirado en el m\u00e1rmol italiano. Presenta un aspecto org\u00e1nico y lujoso, como un mineral rico y suave. Savant combina a la perfecci\u00f3n con SESTRI, un estampado m\u00e1s discreto con la misma calidad, estructura y colores. Ambos son lavables seg\u00fan la norma hospitalaria estadounidense AATCC 96. Savant est\u00e1 fabricado con un 70 % de hilo de poli\u00e9ster ign\u00edfugo GRS reciclado. GRS es el Global Recycled Standard, un referente en la trazabilidad completa de los materiales reciclados utilizados hasta el tejido final. Esto garantiza su sostenibilidad. Adem\u00e1s, cuenta con la certificaci\u00f3n OEKO-TEX 100, que lo hace ecol\u00f3gico y no perjudicial para la salud humana. Es un producto neutro y ecol\u00f3gicamente seguro, fabricado seg\u00fan la norma ISO 1400, un sistema de gesti\u00f3n ambiental que busca mejorar la eficiencia de los recursos. Savant refuerza nuestro compromiso con la sostenibilidad. Est\u00e1 disponible en ocho elegantes y profundos colores.         <\/p>\n","protected":false},"excerpt":{"rendered":"<p>SAVANT FR es una tela jacquard ideal para cortinas y decoraci\u00f3n. Este tejido de 145 cm representa la naturaleza con un estampado inspirado en el m\u00e1rmol italiano.  SAVANT FR es una tela jacquard ideal para cortinas y decoraci\u00f3n. Este tejido de 145 cm representa la naturaleza con un estampado inspirado en el m\u00e1rmol italiano. Presenta un aspecto org\u00e1nico y lujoso, como un mineral rico y suave. Savant combina a la perfecci\u00f3n con SESTRI, un estampado m\u00e1s discreto con la misma calidad, estructura y colores. Ambos son lavables seg\u00fan la norma hospitalaria estadounidense AATCC 96. Savant est\u00e1 fabricado con un 70 % de hilo de poli\u00e9ster ign\u00edfugo GRS reciclado. GRS es el Global Recycled Standard, un referente en la trazabilidad completa de los materiales reciclados utilizados hasta el tejido final. Esto garantiza su sostenibilidad. Adem\u00e1s, cuenta con la certificaci\u00f3n OEKO-TEX 100, que lo hace ecol\u00f3gico y no perjudicial para la salud humana. Es un producto neutro y ecol\u00f3gicamente seguro, fabricado seg\u00fan la norma ISO 1400, un sistema de gesti\u00f3n ambiental que busca mejorar la eficiencia de los recursos. Savant refuerza nuestro compromiso con la sostenibilidad. Est\u00e1 disponible en ocho elegantes y profundos colores.         <\/p>\n<h2>SAVANT FR es una tela jacquard ideal para cortinas y decoraci\u00f3n. Este tejido de 145 cm representa la naturaleza con un estampado inspirado en el m\u00e1rmol italiano. <\/h2>\n<p><img fetchpriority=\"high\" decoding=\"async\" class=\"alignnone wp-image-223825 size-medium\" src=\"https:\/\/aldeco.pt\/staging\/wp-content\/uploads\/2025\/07\/ALDECO_SAVANT-FR_02-Fresco-2-300x300.jpg\" alt=\"SAVANT FR - Aldeco\" width=\"300\" height=\"300\"><\/p>\n<p><a href=\"https:\/\/aldeco.pt\/staging\/product\/savant-fr\/?attribute_pa_colour=gray&amp;attribute_pa_aldeco-color=02-fresco\">https:\/\/aldeco.pt\/staging\/product\/savant-fr\/?attribute_pa_colour=gray&amp;attribute_pa_aldeco-color=02-fresco<\/a><\/p>\n<p><a href=\"https:\/\/www.instagram.com\/aldeco_interiorfabrics\/\">https:\/\/www.instagram.com\/aldeco_interiorfabrics\/<\/a><\/p>\n","protected":false},"featured_media":222742,"template":"","meta":[],"product_brand":[],"product_cat":[6154],"product_tag":[],"class_list":{"0":"post-223838","1":"product","2":"type-product","3":"status-publish","4":"has-post-thumbnail","6":"product_cat-aldeco-smarter-es","7":"pa_cleanability-8283","8":"pa_composition-ext-70-rpl-fr-30-pl-fr-es","9":"pa_contract-fabrics-1-es","10":"pa_interior-fabrics-1-es","11":"pa_line-telas","12":"pa_lithfastness-6-es","13":"pa_opportunities-descontinuado-es","14":"pa_range-jacquard-es","15":"pa_rapport-horizontal-29-es","16":"pa_rapport-vertical-42-es","17":"pa_special-treatments-fabrics-1-es","18":"pa_sustainable-fabrics-1-es","21":"first","22":"instock","23":"purchasable","24":"product-type-variable"},"acf":[],"_links":{"self":[{"href":"https:\/\/staging.aldeco.pt\/es\/wp-json\/wp\/v2\/product\/223838","targetHints":{"allow":["GET"]}}],"collection":[{"href":"https:\/\/staging.aldeco.pt\/es\/wp-json\/wp\/v2\/product"}],"about":[{"href":"https:\/\/staging.aldeco.pt\/es\/wp-json\/wp\/v2\/types\/product"}],"version-history":[{"count":1,"href":"https:\/\/staging.aldeco.pt\/es\/wp-json\/wp\/v2\/product\/223838\/revisions"}],"predecessor-version":[{"id":223847,"href":"https:\/\/staging.aldeco.pt\/es\/wp-json\/wp\/v2\/product\/223838\/revisions\/223847"}],"wp:featuredmedia":[{"embeddable":true,"href":"https:\/\/staging.aldeco.pt\/es\/wp-json\/wp\/v2\/media\/222742"}],"wp:attachment":[{"href":"https:\/\/staging.aldeco.pt\/es\/wp-json\/wp\/v2\/media?parent=223838"}],"wp:term":[{"taxonomy":"product_brand","embeddable":true,"href":"https:\/\/staging.aldeco.pt\/es\/wp-json\/wp\/v2\/product_brand?post=223838"},{"taxonomy":"product_cat","embeddable":true,"href":"https:\/\/staging.aldeco.pt\/es\/wp-json\/wp\/v2\/product_cat?post=223838"},{"taxonomy":"product_tag","embeddable":true,"href":"https:\/\/staging.aldeco.pt\/es\/wp-json\/wp\/v2\/product_tag?post=223838"}],"curies":[{"name":"wp","href":"https:\/\/api.w.org\/{rel}","templated":true}]}}