{"id":223809,"date":"2025-07-25T15:22:52","date_gmt":"2025-07-25T15:22:52","guid":{"rendered":"https:\/\/aldeco.pt\/staging\/product\/saiph-fr\/"},"modified":"2026-03-04T11:36:39","modified_gmt":"2026-03-04T11:36:39","slug":"saiph-fr","status":"publish","type":"product","link":"https:\/\/staging.aldeco.pt\/es\/product\/saiph-fr\/","title":{"rendered":"SAIPH FR"},"content":{"rendered":"<p>SAIPH FR es una suave tela boucl\u00e9 altamente estructurada, ideal para tapicer\u00eda. Este tejido reciclado presenta un dise\u00f1o de espiga, es extremadamente resistente a la abrasi\u00f3n y est\u00e1 certificado seg\u00fan los est\u00e1ndares internacionales de resistencia al fuego m\u00e1s exigentes incluyendo CRIB 5. Con un aspecto moderno y natural, es un tejido ecol\u00f3gico y vers\u00e1til compuesto casi en su totalidad por poli\u00e9ster reciclado inherentemente ign\u00edfugo, que cumple con el the Global Recycled Standard Post-Consumer. Sus fibras se obtienen mediante el reciclaje de materiales reutilizados. Este tejido se puede utilizar en espacios residenciales, de proyectos Contract y marinos, gracias a sus caracter\u00edsticas t\u00e9cnicas que tambi\u00e9n le confieren propiedades de absorci\u00f3n ac\u00fastica. SAIPH tiene un aspecto mate y atemporal, y se puede combinar con el tejido liso Sabik, que presenta la misma estructura con un aspecto s\u00f3lido. Ambos est\u00e1n disponibles en 12 colores profundos muy actuales.      <\/p>\n","protected":false},"excerpt":{"rendered":"<p>SAIPH FR es una suave tela boucl\u00e9 altamente estructurada, ideal para tapicer\u00eda. Este tejido reciclado presenta un dise\u00f1o de espiga, es extremadamente resistente a la abrasi\u00f3n y est\u00e1 certificado seg\u00fan los est\u00e1ndares internacionales de resistencia al fuego m\u00e1s exigentes incluyendo CRIB 5. Con un aspecto moderno y natural, es un tejido ecol\u00f3gico y vers\u00e1til compuesto casi en su totalidad por poli\u00e9ster reciclado inherentemente ign\u00edfugo, que cumple con el the Global Recycled Standard Post-Consumer. Sus fibras se obtienen mediante el reciclaje de materiales reutilizados. Este tejido se puede utilizar en espacios residenciales, de proyectos Contract y marinos, gracias a sus caracter\u00edsticas t\u00e9cnicas que tambi\u00e9n le confieren propiedades de absorci\u00f3n ac\u00fastica. SAIPH tiene un aspecto mate y atemporal, y se puede combinar con el tejido liso Sabik, que presenta la misma estructura con un aspecto s\u00f3lido. Ambos est\u00e1n disponibles en 12 colores profundos muy actuales.      <\/p>\n<h2>SAIPH FR es una suave tela boucl\u00e9 altamente estructurada, ideal para tapicer\u00eda.<\/h2>\n<p><img fetchpriority=\"high\" decoding=\"async\" class=\"alignnone wp-image-223782 size-medium\" src=\"https:\/\/aldeco.pt\/staging\/wp-content\/uploads\/2025\/07\/ALDECO_SAIPH-FR_02-Sand-1-300x300.jpg\" alt=\"SAIPH FR - Aldeco\" width=\"300\" height=\"300\"><\/p>\n<p><a href=\"https:\/\/aldeco.pt\/staging\/product\/saiph-fr\/?attribute_pa_colour=greige&amp;attribute_pa_aldeco-color=02-sand\">https:\/\/aldeco.pt\/staging\/product\/saiph-fr\/?attribute_pa_colour=greige&amp;attribute_pa_aldeco-color=02-sand<\/a><\/p>\n<p><a href=\"https:\/\/www.instagram.com\/aldeco_interiorfabrics\/\">https:\/\/www.instagram.com\/aldeco_interiorfabrics\/<\/a><\/p>\n","protected":false},"featured_media":222706,"template":"","meta":[],"product_brand":[],"product_cat":[6154],"product_tag":[],"class_list":{"0":"post-223809","1":"product","2":"type-product","3":"status-publish","4":"has-post-thumbnail","6":"product_cat-aldeco-smarter-es","7":"pa_cleanability-8283","8":"pa_composition-ext-95-rpl-fr-5-pl-fr-es","9":"pa_contract-fabrics-1-es","10":"pa_interior-fabrics-1-es","11":"pa_line-telas","12":"pa_lithfastness-4-es","13":"pa_opportunities-descontinuado-es","14":"pa_range-boucle-es","15":"pa_range-jacquard-es","16":"pa_rapport-horizontal-5-5-es","17":"pa_rapport-vertical-2-es","18":"pa_special-treatments-fabrics-1-es","19":"pa_sustainable-fabrics-1-es","22":"first","23":"instock","24":"purchasable","25":"product-type-variable"},"acf":[],"_links":{"self":[{"href":"https:\/\/staging.aldeco.pt\/es\/wp-json\/wp\/v2\/product\/223809","targetHints":{"allow":["GET"]}}],"collection":[{"href":"https:\/\/staging.aldeco.pt\/es\/wp-json\/wp\/v2\/product"}],"about":[{"href":"https:\/\/staging.aldeco.pt\/es\/wp-json\/wp\/v2\/types\/product"}],"version-history":[{"count":2,"href":"https:\/\/staging.aldeco.pt\/es\/wp-json\/wp\/v2\/product\/223809\/revisions"}],"predecessor-version":[{"id":223822,"href":"https:\/\/staging.aldeco.pt\/es\/wp-json\/wp\/v2\/product\/223809\/revisions\/223822"}],"wp:featuredmedia":[{"embeddable":true,"href":"https:\/\/staging.aldeco.pt\/es\/wp-json\/wp\/v2\/media\/222706"}],"wp:attachment":[{"href":"https:\/\/staging.aldeco.pt\/es\/wp-json\/wp\/v2\/media?parent=223809"}],"wp:term":[{"taxonomy":"product_brand","embeddable":true,"href":"https:\/\/staging.aldeco.pt\/es\/wp-json\/wp\/v2\/product_brand?post=223809"},{"taxonomy":"product_cat","embeddable":true,"href":"https:\/\/staging.aldeco.pt\/es\/wp-json\/wp\/v2\/product_cat?post=223809"},{"taxonomy":"product_tag","embeddable":true,"href":"https:\/\/staging.aldeco.pt\/es\/wp-json\/wp\/v2\/product_tag?post=223809"}],"curies":[{"name":"wp","href":"https:\/\/api.w.org\/{rel}","templated":true}]}}