{"id":223769,"date":"2025-07-25T15:21:26","date_gmt":"2025-07-25T15:21:26","guid":{"rendered":"https:\/\/aldeco.pt\/staging\/product\/sabik-fr\/"},"modified":"2026-03-04T11:37:26","modified_gmt":"2026-03-04T11:37:26","slug":"sabik-fr","status":"publish","type":"product","link":"https:\/\/staging.aldeco.pt\/es\/product\/sabik-fr\/","title":{"rendered":"SABIK FR"},"content":{"rendered":"<p>SABIK FR es una tela boucl\u00e9 altamente estructurada, ideal para tapicer\u00eda. Este tejido reciclado es extremadamente resistente a la abrasi\u00f3n y est\u00e1 certificado seg\u00fan los m\u00e1s demandantes est\u00e1ndares internacionales de resistencia al fuego. Con un aspecto moderno y natural, es un tejido ecol\u00f3gico y vers\u00e1til, compuesto casi en su totalidad por poli\u00e9ster reciclado inherentemente ign\u00edfugo, que cumple con el est\u00e1ndar Global Recycled Standard Post-Consumer. Sus fibras se obtienen mediante el reciclaje de materiales reutilizados. Este tejido se puede utilizar en entornos residenciales, proyectos contract y marinos, gracias a sus caracter\u00edsticas t\u00e9cnicas que tambi\u00e9n le confieren propiedades de absorci\u00f3n ac\u00fastica. Sabik tiene un aspecto mate y s\u00f3lido y se puede combinar con la tela SAIPH, que presenta la misma estructura con dise\u00f1o de espiga. Ambos est\u00e1n disponibles en 12 colores muy modernos.      <\/p>\n","protected":false},"excerpt":{"rendered":"<p>SABIK FR es una tela boucl\u00e9 altamente estructurada, ideal para tapicer\u00eda. Este tejido reciclado es extremadamente resistente a la abrasi\u00f3n y est\u00e1 certificado seg\u00fan los m\u00e1s demandantes est\u00e1ndares internacionales de resistencia al fuego. Con un aspecto moderno y natural, es un tejido ecol\u00f3gico y vers\u00e1til, compuesto casi en su totalidad por poli\u00e9ster reciclado inherentemente ign\u00edfugo, que cumple con el est\u00e1ndar Global Recycled Standard Post-Consumer. Sus fibras se obtienen mediante el reciclaje de materiales reutilizados. Este tejido se puede utilizar en entornos residenciales, proyectos contract y marinos, gracias a sus caracter\u00edsticas t\u00e9cnicas que tambi\u00e9n le confieren propiedades de absorci\u00f3n ac\u00fastica. Sabik tiene un aspecto mate y s\u00f3lido y se puede combinar con la tela SAIPH, que presenta la misma estructura con dise\u00f1o de espiga. Ambos est\u00e1n disponibles en 12 colores muy modernos.      <\/p>\n<h2>SABIK FR es una tela boucl\u00e9 altamente estructurada, ideal para tapicer\u00eda&#8230;<\/h2>\n<p><img fetchpriority=\"high\" decoding=\"async\" class=\"alignnone wp-image-223752 size-medium\" src=\"https:\/\/aldeco.pt\/staging\/wp-content\/uploads\/2025\/07\/ALDECO_SABIK-FR_01-Dune-1-300x300.jpg\" alt=\"SABIK FR - Aldeco\" width=\"300\" height=\"300\"><\/p>\n<p><a href=\"https:\/\/aldeco.pt\/staging\/product\/sabik-fr\/?attribute_pa_colour=greige&amp;attribute_pa_aldeco-color=01-dune\">https:\/\/aldeco.pt\/staging\/product\/sabik-fr\/?attribute_pa_colour=greige&amp;attribute_pa_aldeco-color=01-dune<\/a><\/p>\n<p><a href=\"https:\/\/www.instagram.com\/aldeco_interiorfabrics\/\">https:\/\/www.instagram.com\/aldeco_interiorfabrics\/<\/a><\/p>\n","protected":false},"featured_media":222670,"template":"","meta":[],"product_brand":[],"product_cat":[6154],"product_tag":[],"class_list":{"0":"post-223769","1":"product","2":"type-product","3":"status-publish","4":"has-post-thumbnail","6":"product_cat-aldeco-smarter-es","7":"pa_cleanability-8283","8":"pa_composition-ext-96-rpl-fr-4-pl-fr-es","9":"pa_contract-fabrics-1-es","10":"pa_interior-fabrics-1-es","11":"pa_line-telas","12":"pa_lithfastness-6-es","13":"pa_opportunities-descontinuado-es","14":"pa_range-boucle-es","15":"pa_range-jacquard-es","16":"pa_rapport-horizontal-0-es","17":"pa_rapport-vertical-0-es","18":"pa_special-treatments-fabrics-1-es","19":"pa_sustainable-fabrics-1-es","22":"first","23":"instock","24":"purchasable","25":"product-type-variable"},"acf":[],"_links":{"self":[{"href":"https:\/\/staging.aldeco.pt\/es\/wp-json\/wp\/v2\/product\/223769","targetHints":{"allow":["GET"]}}],"collection":[{"href":"https:\/\/staging.aldeco.pt\/es\/wp-json\/wp\/v2\/product"}],"about":[{"href":"https:\/\/staging.aldeco.pt\/es\/wp-json\/wp\/v2\/types\/product"}],"version-history":[{"count":1,"href":"https:\/\/staging.aldeco.pt\/es\/wp-json\/wp\/v2\/product\/223769\/revisions"}],"predecessor-version":[{"id":223786,"href":"https:\/\/staging.aldeco.pt\/es\/wp-json\/wp\/v2\/product\/223769\/revisions\/223786"}],"wp:featuredmedia":[{"embeddable":true,"href":"https:\/\/staging.aldeco.pt\/es\/wp-json\/wp\/v2\/media\/222670"}],"wp:attachment":[{"href":"https:\/\/staging.aldeco.pt\/es\/wp-json\/wp\/v2\/media?parent=223769"}],"wp:term":[{"taxonomy":"product_brand","embeddable":true,"href":"https:\/\/staging.aldeco.pt\/es\/wp-json\/wp\/v2\/product_brand?post=223769"},{"taxonomy":"product_cat","embeddable":true,"href":"https:\/\/staging.aldeco.pt\/es\/wp-json\/wp\/v2\/product_cat?post=223769"},{"taxonomy":"product_tag","embeddable":true,"href":"https:\/\/staging.aldeco.pt\/es\/wp-json\/wp\/v2\/product_tag?post=223769"}],"curies":[{"name":"wp","href":"https:\/\/api.w.org\/{rel}","templated":true}]}}