{"id":223732,"date":"2025-07-25T15:20:21","date_gmt":"2025-07-25T15:20:21","guid":{"rendered":"https:\/\/aldeco.pt\/staging\/product\/re-new-fr\/"},"modified":"2026-03-04T11:38:12","modified_gmt":"2026-03-04T11:38:12","slug":"re-new-fr","status":"publish","type":"product","link":"https:\/\/staging.aldeco.pt\/es\/product\/re-new-fr\/","title":{"rendered":"RE-NEW FR"},"content":{"rendered":"<p>RE-NEW FR es una encantador a tela Dimout, al igual que RE-BOOT, disponible en nueve colores. Su propio nombre indica su origen: fabricado con m\u00e1s del 50 % de poli\u00e9ster reciclado, RE-NEW ofrece un tacto agradable, natural y seco, y una apariencia glamurosa y ligeramente met\u00e1lica. Es lavable a alta temperatura, cumpliendo con el est\u00e1ndar estadounidense de lavado hospitalario. RE-NEW es un tejido sostenible y de f\u00e1cil cuidado, con certificaci\u00f3n OEKO-TEX 100, y no contiene sustancias nocivas para la salud.  <\/p>\n","protected":false},"excerpt":{"rendered":"<p>RE-NEW FR es una encantador a tela Dimout, al igual que RE-BOOT, disponible en nueve colores. Su propio nombre indica su origen: fabricado con m\u00e1s del 50 % de poli\u00e9ster reciclado, RE-NEW ofrece un tacto agradable, natural y seco, y una apariencia glamurosa y ligeramente met\u00e1lica. Es lavable a alta temperatura, cumpliendo con el est\u00e1ndar estadounidense de lavado hospitalario. RE-NEW es un tejido sostenible y de f\u00e1cil cuidado, con certificaci\u00f3n OEKO-TEX 100, y no contiene sustancias nocivas para la salud.  <\/p>\n<h2>RE-NEW FR es una encantador a tela Dimout, al igual que RE-BOOT, disponible en nueve colores.<\/h2>\n<p><img fetchpriority=\"high\" decoding=\"async\" class=\"alignnone wp-image-223728 size-medium\" src=\"https:\/\/aldeco.pt\/staging\/wp-content\/uploads\/2025\/07\/ALDECO_RE-NEW-FR_01-Stone-2-300x300.jpg\" alt=\"RE-NEW FR - Aldeco\" width=\"300\" height=\"300\"><\/p>\n<p><a href=\"https:\/\/aldeco.pt\/staging\/product\/re-new-fr\/?attribute_pa_colour=greige&amp;attribute_pa_aldeco-color=01-stone\">https:\/\/aldeco.pt\/staging\/product\/re-new-fr\/?attribute_pa_colour=greige&amp;attribute_pa_aldeco-color=01-stone<\/a><\/p>\n<p><a href=\"https:\/\/www.instagram.com\/aldeco_interiorfabrics\/\">https:\/\/www.instagram.com\/aldeco_interiorfabrics\/<\/a><\/p>\n","protected":false},"featured_media":222640,"template":"","meta":[],"product_brand":[],"product_cat":[6154],"product_tag":[],"class_list":{"0":"post-223732","1":"product","2":"type-product","3":"status-publish","4":"has-post-thumbnail","6":"product_cat-aldeco-smarter-es","7":"pa_composition-ext-54-rpl-fr-46-pl-fr-es","8":"pa_contract-fabrics-1-es","9":"pa_interior-fabrics-1-es","10":"pa_line-telas","11":"pa_lithfastness-5-es","12":"pa_opportunities-descontinuado-es","13":"pa_range-dimout-es","14":"pa_range-dobby-es","15":"pa_rapport-horizontal-0-es","16":"pa_rapport-vertical-0-es","17":"pa_special-treatments-fabrics-1-es","18":"pa_sustainable-fabrics-1-es","21":"first","22":"instock","23":"purchasable","24":"product-type-variable"},"acf":[],"_links":{"self":[{"href":"https:\/\/staging.aldeco.pt\/es\/wp-json\/wp\/v2\/product\/223732","targetHints":{"allow":["GET"]}}],"collection":[{"href":"https:\/\/staging.aldeco.pt\/es\/wp-json\/wp\/v2\/product"}],"about":[{"href":"https:\/\/staging.aldeco.pt\/es\/wp-json\/wp\/v2\/types\/product"}],"version-history":[{"count":1,"href":"https:\/\/staging.aldeco.pt\/es\/wp-json\/wp\/v2\/product\/223732\/revisions"}],"predecessor-version":[{"id":223787,"href":"https:\/\/staging.aldeco.pt\/es\/wp-json\/wp\/v2\/product\/223732\/revisions\/223787"}],"wp:featuredmedia":[{"embeddable":true,"href":"https:\/\/staging.aldeco.pt\/es\/wp-json\/wp\/v2\/media\/222640"}],"wp:attachment":[{"href":"https:\/\/staging.aldeco.pt\/es\/wp-json\/wp\/v2\/media?parent=223732"}],"wp:term":[{"taxonomy":"product_brand","embeddable":true,"href":"https:\/\/staging.aldeco.pt\/es\/wp-json\/wp\/v2\/product_brand?post=223732"},{"taxonomy":"product_cat","embeddable":true,"href":"https:\/\/staging.aldeco.pt\/es\/wp-json\/wp\/v2\/product_cat?post=223732"},{"taxonomy":"product_tag","embeddable":true,"href":"https:\/\/staging.aldeco.pt\/es\/wp-json\/wp\/v2\/product_tag?post=223732"}],"curies":[{"name":"wp","href":"https:\/\/api.w.org\/{rel}","templated":true}]}}