{"id":223709,"date":"2025-07-25T15:18:03","date_gmt":"2025-07-25T15:18:03","guid":{"rendered":"https:\/\/aldeco.pt\/staging\/product\/re-delis-fr\/"},"modified":"2026-03-04T11:38:58","modified_gmt":"2026-03-04T11:38:58","slug":"re-delis-fr","status":"publish","type":"product","link":"https:\/\/staging.aldeco.pt\/es\/product\/re-delis-fr\/","title":{"rendered":"RE-DELIS FR"},"content":{"rendered":"<p>RE-DELIS FR es un tejido de poli\u00e9ster reciclado, vers\u00e1til y lavable. Este tejido de doble ancho, mate y de aspecto natural es ign\u00edfugo seg\u00fan diversas normas internacionales.  RE-DELIS FR es un tejido de poli\u00e9ster reciclado, vers\u00e1til y lavable. Este tejido de doble ancho, mate y de aspecto natural es ign\u00edfugo seg\u00fan diversas normas internacionales. Es un tejido resistente y de alto gramaje con propiedades ac\u00fasticas, ideal para m\u00faltiples usos, como tapicer\u00eda, cortinas, decoraci\u00f3n y textiles para el hogar. Cuenta con la certificaci\u00f3n OEKO-TEX y no contiene sustancias nocivas para la salud ni el medio ambiente. Est\u00e1 disponible en 18 colores lisos.  <\/p>\n","protected":false},"excerpt":{"rendered":"<p>RE-DELIS FR es un tejido de poli\u00e9ster reciclado, vers\u00e1til y lavable. Este tejido de doble ancho, mate y de aspecto natural es ign\u00edfugo seg\u00fan diversas normas internacionales.  RE-DELIS FR es un tejido de poli\u00e9ster reciclado, vers\u00e1til y lavable. Este tejido de doble ancho, mate y de aspecto natural es ign\u00edfugo seg\u00fan diversas normas internacionales. Es un tejido resistente y de alto gramaje con propiedades ac\u00fasticas, ideal para m\u00faltiples usos, como tapicer\u00eda, cortinas, decoraci\u00f3n y textiles para el hogar. Cuenta con la certificaci\u00f3n OEKO-TEX y no contiene sustancias nocivas para la salud ni el medio ambiente. Est\u00e1 disponible en 18 colores lisos.  <\/p>\n<h2>RE-DELIS FR es un tejido de poli\u00e9ster reciclado, vers\u00e1til y lavable. Este tejido de doble ancho, mate y de aspecto natural es ign\u00edfugo seg\u00fan diversas normas internacionales. <\/h2>\n<p><img fetchpriority=\"high\" decoding=\"async\" class=\"alignnone wp-image-223685 size-medium\" src=\"https:\/\/aldeco.pt\/staging\/wp-content\/uploads\/2025\/07\/ALDECO_RE-DELIS-FR_01-Aluminium-1-300x300.jpg\" alt=\"RE-DELIS FR - Aldeco\" width=\"300\" height=\"300\"><\/p>\n<p><a href=\"https:\/\/aldeco.pt\/staging\/product\/re-delis-fr\/?attribute_pa_colour=gray&amp;attribute_pa_aldeco-color=01-aluminium\">https:\/\/aldeco.pt\/staging\/product\/re-delis-fr\/?attribute_pa_colour=gray&amp;attribute_pa_aldeco-color=01-aluminium<\/a><\/p>\n<p><a href=\"https:\/\/www.instagram.com\/aldeco_interiorfabrics\/\">https:\/\/www.instagram.com\/aldeco_interiorfabrics\/<\/a><\/p>\n","protected":false},"featured_media":222586,"template":"","meta":[],"product_brand":[],"product_cat":[6154],"product_tag":[],"class_list":{"0":"post-223709","1":"product","2":"type-product","3":"status-publish","4":"has-post-thumbnail","6":"product_cat-aldeco-smarter-es","7":"pa_cleanability-8283","8":"pa_composition-ext-52-rpl-fr-48-pl-fr-es","9":"pa_contract-fabrics-1-es","10":"pa_interior-fabrics-1-es","11":"pa_line-telas","12":"pa_lithfastness-5-es","13":"pa_opportunities-descontinuado-es","14":"pa_range-liso-es","15":"pa_rapport-horizontal-0-es","16":"pa_rapport-vertical-0-es","17":"pa_special-treatments-fabrics-1-es","18":"pa_sustainable-fabrics-1-es","21":"first","22":"instock","23":"purchasable","24":"product-type-variable"},"acf":[],"_links":{"self":[{"href":"https:\/\/staging.aldeco.pt\/es\/wp-json\/wp\/v2\/product\/223709","targetHints":{"allow":["GET"]}}],"collection":[{"href":"https:\/\/staging.aldeco.pt\/es\/wp-json\/wp\/v2\/product"}],"about":[{"href":"https:\/\/staging.aldeco.pt\/es\/wp-json\/wp\/v2\/types\/product"}],"version-history":[{"count":1,"href":"https:\/\/staging.aldeco.pt\/es\/wp-json\/wp\/v2\/product\/223709\/revisions"}],"predecessor-version":[{"id":223788,"href":"https:\/\/staging.aldeco.pt\/es\/wp-json\/wp\/v2\/product\/223709\/revisions\/223788"}],"wp:featuredmedia":[{"embeddable":true,"href":"https:\/\/staging.aldeco.pt\/es\/wp-json\/wp\/v2\/media\/222586"}],"wp:attachment":[{"href":"https:\/\/staging.aldeco.pt\/es\/wp-json\/wp\/v2\/media?parent=223709"}],"wp:term":[{"taxonomy":"product_brand","embeddable":true,"href":"https:\/\/staging.aldeco.pt\/es\/wp-json\/wp\/v2\/product_brand?post=223709"},{"taxonomy":"product_cat","embeddable":true,"href":"https:\/\/staging.aldeco.pt\/es\/wp-json\/wp\/v2\/product_cat?post=223709"},{"taxonomy":"product_tag","embeddable":true,"href":"https:\/\/staging.aldeco.pt\/es\/wp-json\/wp\/v2\/product_tag?post=223709"}],"curies":[{"name":"wp","href":"https:\/\/api.w.org\/{rel}","templated":true}]}}