{"id":223675,"date":"2025-07-25T15:16:57","date_gmt":"2025-07-25T15:16:57","guid":{"rendered":"https:\/\/aldeco.pt\/staging\/product\/re-boot-fr\/"},"modified":"2026-03-04T11:39:45","modified_gmt":"2026-03-04T11:39:45","slug":"re-boot-fr","status":"publish","type":"product","link":"https:\/\/staging.aldeco.pt\/es\/product\/re-boot-fr\/","title":{"rendered":"RE-BOOT FR"},"content":{"rendered":"<p>RE-BOOT FR es una hermosa tela texturizada dimout, lavable, hecha de una mezcla de poli\u00e9ster, al igual que RE-NEW, ambas disponibles en nueve colores. Su nombre indica el origen de estos dimouts: m\u00e1s del 50 % de poli\u00e9ster reciclado inherente combinado con poli\u00e9ster regular inherente para una apariencia glamurosa y ligeramente met\u00e1lica. Es lavable a altas temperaturas y cumple con la norma estadounidense de lavado hospitalario. Por lo tanto, RE-BOOT es una tela f\u00e1cil de lavar y sostenible, que cumple con el est\u00e1ndar Global Recycled Standard y la certificaci\u00f3n OEKO-TEX 100, no contiene sustancias nocivas para la salud humana ni el medio ambiente. Cuenta con propiedades de aislamiento ac\u00fastico certificadas y cumple con varias normas internacionales de retardaci\u00f3n del fuego.   <\/p>\n","protected":false},"excerpt":{"rendered":"<p>RE-BOOT FR es una hermosa tela texturizada dimout, lavable, hecha de una mezcla de poli\u00e9ster, al igual que RE-NEW, ambas disponibles en nueve colores. Su nombre indica el origen de estos dimouts: m\u00e1s del 50 % de poli\u00e9ster reciclado inherente combinado con poli\u00e9ster regular inherente para una apariencia glamurosa y ligeramente met\u00e1lica. Es lavable a altas temperaturas y cumple con la norma estadounidense de lavado hospitalario. Por lo tanto, RE-BOOT es una tela f\u00e1cil de lavar y sostenible, que cumple con el est\u00e1ndar Global Recycled Standard y la certificaci\u00f3n OEKO-TEX 100, no contiene sustancias nocivas para la salud humana ni el medio ambiente. Cuenta con propiedades de aislamiento ac\u00fastico certificadas y cumple con varias normas internacionales de retardaci\u00f3n del fuego.   <\/p>\n<h2>RE-BOOT FR es una hermosa tela texturizada dimout, lavable, hecha de una mezcla de poli\u00e9ster, al igual que RE-NEW, ambas disponibles en nueve colores.<\/h2>\n<p><img fetchpriority=\"high\" decoding=\"async\" class=\"alignnone wp-image-223660 size-medium\" src=\"https:\/\/aldeco.pt\/staging\/wp-content\/uploads\/2025\/07\/ALDECO_RE-BOOT-FR_01-Zinc-1-300x300.jpg\" alt=\"RE-BOOT FR - Aldeco\" width=\"300\" height=\"300\"><\/p>\n<p><a href=\"https:\/\/aldeco.pt\/staging\/product\/re-boot-fr\/?attribute_pa_colour=greige&amp;attribute_pa_aldeco-color=01-zinc\">https:\/\/aldeco.pt\/staging\/product\/re-boot-fr\/?attribute_pa_colour=greige&amp;attribute_pa_aldeco-color=01-zinc<\/a><\/p>\n<p><a href=\"https:\/\/www.instagram.com\/aldeco_interiorfabrics\/\">https:\/\/www.instagram.com\/aldeco_interiorfabrics\/<\/a><\/p>\n","protected":false},"featured_media":222559,"template":"","meta":[],"product_brand":[],"product_cat":[6154],"product_tag":[],"class_list":{"0":"post-223675","1":"product","2":"type-product","3":"status-publish","4":"has-post-thumbnail","6":"product_cat-aldeco-smarter-es","7":"pa_cleanability-8283","8":"pa_composition-ext-53-rpl-fr-43pl-fr-es","9":"pa_contract-fabrics-1-es","10":"pa_interior-fabrics-1-es","11":"pa_line-telas","12":"pa_lithfastness-5-es","13":"pa_opportunities-descontinuado-es","14":"pa_range-dimout-es","15":"pa_range-dobby-es","16":"pa_rapport-horizontal-0-es","17":"pa_rapport-vertical-0-es","18":"pa_special-treatments-fabrics-1-es","19":"pa_sustainable-fabrics-1-es","22":"first","23":"instock","24":"purchasable","25":"product-type-variable"},"acf":[],"_links":{"self":[{"href":"https:\/\/staging.aldeco.pt\/es\/wp-json\/wp\/v2\/product\/223675","targetHints":{"allow":["GET"]}}],"collection":[{"href":"https:\/\/staging.aldeco.pt\/es\/wp-json\/wp\/v2\/product"}],"about":[{"href":"https:\/\/staging.aldeco.pt\/es\/wp-json\/wp\/v2\/types\/product"}],"version-history":[{"count":1,"href":"https:\/\/staging.aldeco.pt\/es\/wp-json\/wp\/v2\/product\/223675\/revisions"}],"predecessor-version":[{"id":223789,"href":"https:\/\/staging.aldeco.pt\/es\/wp-json\/wp\/v2\/product\/223675\/revisions\/223789"}],"wp:featuredmedia":[{"embeddable":true,"href":"https:\/\/staging.aldeco.pt\/es\/wp-json\/wp\/v2\/media\/222559"}],"wp:attachment":[{"href":"https:\/\/staging.aldeco.pt\/es\/wp-json\/wp\/v2\/media?parent=223675"}],"wp:term":[{"taxonomy":"product_brand","embeddable":true,"href":"https:\/\/staging.aldeco.pt\/es\/wp-json\/wp\/v2\/product_brand?post=223675"},{"taxonomy":"product_cat","embeddable":true,"href":"https:\/\/staging.aldeco.pt\/es\/wp-json\/wp\/v2\/product_cat?post=223675"},{"taxonomy":"product_tag","embeddable":true,"href":"https:\/\/staging.aldeco.pt\/es\/wp-json\/wp\/v2\/product_tag?post=223675"}],"curies":[{"name":"wp","href":"https:\/\/api.w.org\/{rel}","templated":true}]}}