{"id":223637,"date":"2025-07-25T15:14:15","date_gmt":"2025-07-25T15:14:15","guid":{"rendered":"https:\/\/aldeco.pt\/staging\/product\/offa-wlb-fr\/"},"modified":"2026-03-04T11:40:31","modified_gmt":"2026-03-04T11:40:31","slug":"offa-wlb-fr","status":"publish","type":"product","link":"https:\/\/staging.aldeco.pt\/es\/product\/offa-wlb-fr\/","title":{"rendered":"OFFA WLB FR"},"content":{"rendered":"<p>OFFA FR es un voile de poli\u00e9ster inherentemente ign\u00edfugo para visillos. Su elegante transparencia define a Offa como una tela de belleza atemporal que inspira ligereza.  OFFA FR es un voile de poli\u00e9ster inherentemente ign\u00edfugo para visillos. Su elegante transparencia define a Offa como una tela de belleza atemporal que inspira ligereza. Ofrece una ca\u00edda perfecta gracias al uso de plomo. Cumple con la norma OEKO-TEX 100, no contiene sustancias nocivas para las personas ni el medio ambiente y es ign\u00edfugo, certificado por diversas normas internacionales de retardaci\u00f3n de llama. Est\u00e1 disponible en 22 tonos suaves y delicados.  <\/p>\n","protected":false},"excerpt":{"rendered":"<p>OFFA FR es un voile de poli\u00e9ster inherentemente ign\u00edfugo para visillos. Su elegante transparencia define a Offa como una tela de belleza atemporal que inspira ligereza.  OFFA FR es un voile de poli\u00e9ster inherentemente ign\u00edfugo para visillos. Su elegante transparencia define a Offa como una tela de belleza atemporal que inspira ligereza. Ofrece una ca\u00edda perfecta gracias al uso de plomo. Cumple con la norma OEKO-TEX 100, no contiene sustancias nocivas para las personas ni el medio ambiente y es ign\u00edfugo, certificado por diversas normas internacionales de retardaci\u00f3n de llama. Est\u00e1 disponible en 22 tonos suaves y delicados.  <\/p>\n<h2>OFFA FR es un voile de poli\u00e9ster inherentemente ign\u00edfugo para visillos. Su elegante transparencia define a Offa como una tela de belleza atemporal que inspira ligereza. <\/h2>\n<p><img fetchpriority=\"high\" decoding=\"async\" class=\"alignnone wp-image-223610 size-medium\" src=\"https:\/\/aldeco.pt\/staging\/wp-content\/uploads\/2025\/07\/ALDECO_Offa-FR_10-Rattan-2-300x300.jpg\" alt=\"Offa WLB FR - Aldeco\" width=\"300\" height=\"300\"><\/p>\n<p><a href=\"https:\/\/aldeco.pt\/staging\/product\/offa-wlb-fr\/?attribute_pa_colour=white&amp;attribute_pa_aldeco-color=01-snow\">https:\/\/aldeco.pt\/staging\/product\/offa-wlb-fr\/?attribute_pa_colour=white&amp;attribute_pa_aldeco-color=01-snow<\/a><\/p>\n<p><a href=\"https:\/\/www.instagram.com\/aldeco_interiorfabrics\/\">https:\/\/www.instagram.com\/aldeco_interiorfabrics\/<\/a><\/p>\n","protected":false},"featured_media":223165,"template":"","meta":[],"product_brand":[],"product_cat":[6154],"product_tag":[],"class_list":{"0":"post-223637","1":"product","2":"type-product","3":"status-publish","4":"has-post-thumbnail","6":"product_cat-aldeco-smarter-es","7":"pa_cleanability-8283","8":"pa_composition-ext-100-pl-fr-es","9":"pa_contract-fabrics-1-es","10":"pa_interior-fabrics-1-es","11":"pa_line-telas","12":"pa_lithfastness-5-es","13":"pa_opportunities-descontinuado-es","14":"pa_range-liso-es","15":"pa_rapport-horizontal-0-es","16":"pa_rapport-vertical-0-es","17":"pa_special-treatments-fabrics-1-es","18":"pa_sustainable-fabrics-1-es","21":"first","22":"instock","23":"purchasable","24":"product-type-variable"},"acf":[],"_links":{"self":[{"href":"https:\/\/staging.aldeco.pt\/es\/wp-json\/wp\/v2\/product\/223637","targetHints":{"allow":["GET"]}}],"collection":[{"href":"https:\/\/staging.aldeco.pt\/es\/wp-json\/wp\/v2\/product"}],"about":[{"href":"https:\/\/staging.aldeco.pt\/es\/wp-json\/wp\/v2\/types\/product"}],"version-history":[{"count":1,"href":"https:\/\/staging.aldeco.pt\/es\/wp-json\/wp\/v2\/product\/223637\/revisions"}],"predecessor-version":[{"id":223790,"href":"https:\/\/staging.aldeco.pt\/es\/wp-json\/wp\/v2\/product\/223637\/revisions\/223790"}],"wp:featuredmedia":[{"embeddable":true,"href":"https:\/\/staging.aldeco.pt\/es\/wp-json\/wp\/v2\/media\/223165"}],"wp:attachment":[{"href":"https:\/\/staging.aldeco.pt\/es\/wp-json\/wp\/v2\/media?parent=223637"}],"wp:term":[{"taxonomy":"product_brand","embeddable":true,"href":"https:\/\/staging.aldeco.pt\/es\/wp-json\/wp\/v2\/product_brand?post=223637"},{"taxonomy":"product_cat","embeddable":true,"href":"https:\/\/staging.aldeco.pt\/es\/wp-json\/wp\/v2\/product_cat?post=223637"},{"taxonomy":"product_tag","embeddable":true,"href":"https:\/\/staging.aldeco.pt\/es\/wp-json\/wp\/v2\/product_tag?post=223637"}],"curies":[{"name":"wp","href":"https:\/\/api.w.org\/{rel}","templated":true}]}}