{"id":223570,"date":"2025-07-25T15:14:09","date_gmt":"2025-07-25T15:14:09","guid":{"rendered":"https:\/\/aldeco.pt\/staging\/product\/moon-velvet-fr\/"},"modified":"2026-03-04T11:41:18","modified_gmt":"2026-03-04T11:41:18","slug":"moon-velvet-fr","status":"publish","type":"product","link":"https:\/\/staging.aldeco.pt\/es\/product\/moon-velvet-fr\/","title":{"rendered":"MOON VELVET FR"},"content":{"rendered":"<p>Moon Velvet FR es un suntuoso terciopelo t\u00e9cnico con aspecto de terciopelo de viscosa, disponible en 39 hermosos colores. Moon Velvet FR es un suntuoso terciopelo t\u00e9cnico con aspecto de terciopelo de viscosa, disponible en 39 hermosos colores. Su pelo es lujoso, suave y duradero, lo que convierte a Moon en una opci\u00f3n glamurosa para tapicer\u00eda de lujo en cualquier proyecto residencial o de contract. Su composici\u00f3n de poli\u00e9ster ign\u00edfugo le confiere una resistencia \u00fanica y una versatilidad ilimitada, cumpliendo con diversas normas internacionales contra incendios, la norma OEKO-TEX, no contiene productos qu\u00edmicos perjudiciales para las personas ni el medio ambiente. Este incre\u00edble terciopelo se puede utilizar en tapicer\u00eda de alto rendimiento, decoraci\u00f3n, cortinas, hosteler\u00eda e incluso teatros gracias a sus propiedades ac\u00fasticas de absorci\u00f3n de sonido. Este terciopelo lavable cumple con la exigente norma hospitalaria estadounidense ATCC96, manteniendo su elegante y suave apariencia de una forma sencillamente espectacular.   <\/p>\n","protected":false},"excerpt":{"rendered":"<p>Moon Velvet FR es un suntuoso terciopelo t\u00e9cnico con aspecto de terciopelo de viscosa, disponible en 39 hermosos colores. Moon Velvet FR es un suntuoso terciopelo t\u00e9cnico con aspecto de terciopelo de viscosa, disponible en 39 hermosos colores. Su pelo es lujoso, suave y duradero, lo que convierte a Moon en una opci\u00f3n glamurosa para tapicer\u00eda de lujo en cualquier proyecto residencial o de contract. Su composici\u00f3n de poli\u00e9ster ign\u00edfugo le confiere una resistencia \u00fanica y una versatilidad ilimitada, cumpliendo con diversas normas internacionales contra incendios, la norma OEKO-TEX, no contiene productos qu\u00edmicos perjudiciales para las personas ni el medio ambiente. Este incre\u00edble terciopelo se puede utilizar en tapicer\u00eda de alto rendimiento, decoraci\u00f3n, cortinas, hosteler\u00eda e incluso teatros gracias a sus propiedades ac\u00fasticas de absorci\u00f3n de sonido. Este terciopelo lavable cumple con la exigente norma hospitalaria estadounidense ATCC96, manteniendo su elegante y suave apariencia de una forma sencillamente espectacular.   <\/p>\n<h2>Moon Velvet FR es un suntuoso terciopelo t\u00e9cnico con aspecto de terciopelo de viscosa, disponible en 39 hermosos colores.<\/h2>\n<p><img fetchpriority=\"high\" decoding=\"async\" class=\"alignnone wp-image-223525 size-medium\" src=\"https:\/\/aldeco.pt\/staging\/wp-content\/uploads\/2025\/07\/ALDECO_Moon-Velvet_01-Strawberry-1-300x300.jpg\" alt=\"Moon Velvet FR - Aldeco\" width=\"300\" height=\"300\"><\/p>\n<p><a href=\"https:\/\/aldeco.pt\/staging\/product\/moon-velvet-fr-39\/?attribute_pa_colour=red&amp;attribute_pa_aldeco-color=01-strawberry\">https:\/\/aldeco.pt\/staging\/product\/moon-velvet-fr-39\/?attribute_pa_colour=red&amp;attribute_pa_aldeco-color=01-strawberry<\/a><\/p>\n<p><a href=\"https:\/\/www.instagram.com\/aldeco_interiorfabrics\/\">https:\/\/www.instagram.com\/aldeco_interiorfabrics\/<\/a><\/p>\n<p>&nbsp;<\/p>\n","protected":false},"featured_media":222442,"template":"","meta":[],"product_brand":[],"product_cat":[6154],"product_tag":[],"class_list":{"0":"post-223570","1":"product","2":"type-product","3":"status-publish","4":"has-post-thumbnail","6":"product_cat-aldeco-smarter-es","7":"pa_cleanability-8283","8":"pa_composition-ext-100-pl-fr-es","9":"pa_contract-fabrics-1-es","10":"pa_interior-fabrics-1-es","11":"pa_line-telas","12":"pa_lithfastness-5-es","13":"pa_opportunities-descontinuado-es","14":"pa_range-terciopelo","15":"pa_rapport-horizontal-0-es","16":"pa_rapport-vertical-0-es","17":"pa_special-treatments-fabrics-1-es","18":"pa_sustainable-fabrics-1-es","21":"first","22":"instock","23":"purchasable","24":"product-type-variable"},"acf":[],"_links":{"self":[{"href":"https:\/\/staging.aldeco.pt\/es\/wp-json\/wp\/v2\/product\/223570","targetHints":{"allow":["GET"]}}],"collection":[{"href":"https:\/\/staging.aldeco.pt\/es\/wp-json\/wp\/v2\/product"}],"about":[{"href":"https:\/\/staging.aldeco.pt\/es\/wp-json\/wp\/v2\/types\/product"}],"version-history":[{"count":2,"href":"https:\/\/staging.aldeco.pt\/es\/wp-json\/wp\/v2\/product\/223570\/revisions"}],"predecessor-version":[{"id":224108,"href":"https:\/\/staging.aldeco.pt\/es\/wp-json\/wp\/v2\/product\/223570\/revisions\/224108"}],"wp:featuredmedia":[{"embeddable":true,"href":"https:\/\/staging.aldeco.pt\/es\/wp-json\/wp\/v2\/media\/222442"}],"wp:attachment":[{"href":"https:\/\/staging.aldeco.pt\/es\/wp-json\/wp\/v2\/media?parent=223570"}],"wp:term":[{"taxonomy":"product_brand","embeddable":true,"href":"https:\/\/staging.aldeco.pt\/es\/wp-json\/wp\/v2\/product_brand?post=223570"},{"taxonomy":"product_cat","embeddable":true,"href":"https:\/\/staging.aldeco.pt\/es\/wp-json\/wp\/v2\/product_cat?post=223570"},{"taxonomy":"product_tag","embeddable":true,"href":"https:\/\/staging.aldeco.pt\/es\/wp-json\/wp\/v2\/product_tag?post=223570"}],"curies":[{"name":"wp","href":"https:\/\/api.w.org\/{rel}","templated":true}]}}