{"id":223493,"date":"2025-07-25T15:06:27","date_gmt":"2025-07-25T15:06:27","guid":{"rendered":"https:\/\/aldeco.pt\/staging\/product\/gossy-fr\/"},"modified":"2026-03-04T11:42:04","modified_gmt":"2026-03-04T11:42:04","slug":"gossy-fr","status":"publish","type":"product","link":"https:\/\/staging.aldeco.pt\/es\/product\/gossy-fr\/","title":{"rendered":"GOSSY FR"},"content":{"rendered":"<p>Gossy FR es una tela para visillos suave y transl\u00facida con un aspecto natural que se integra en cualquier decoraci\u00f3n de interiores. Es fabricada 100 % con poli\u00e9ster ign\u00edfugo y cumple con diversas normas internacionales de resistencia al fuego. Esta tela de apariencia de lino cumple con la norma OEKO-TEX 100, no contiene sustancias nocivas para las personas ni el medio ambiente y est\u00e1 disponible en aproximadamente 30 tonos muy naturales. <\/p>\n","protected":false},"excerpt":{"rendered":"<p>Gossy FR es una tela para visillos suave y transl\u00facida con un aspecto natural que se integra en cualquier decoraci\u00f3n de interiores. Es fabricada 100 % con poli\u00e9ster ign\u00edfugo y cumple con diversas normas internacionales de resistencia al fuego. Esta tela de apariencia de lino cumple con la norma OEKO-TEX 100, no contiene sustancias nocivas para las personas ni el medio ambiente y est\u00e1 disponible en aproximadamente 30 tonos muy naturales. <\/p>\n<h2>Gossy FR es una tela para visillos suave y transl\u00facida con un aspecto natural que se integra en cualquier decoraci\u00f3n de interiores.<\/h2>\n<p><img fetchpriority=\"high\" decoding=\"async\" class=\"alignnone wp-image-223457 size-medium\" src=\"https:\/\/aldeco.pt\/staging\/wp-content\/uploads\/2025\/07\/ALDECO_Gossy-FR_06-Aqua-1-300x300.jpg\" alt=\"Gossy FR - Aldeco\" width=\"300\" height=\"300\"><\/p>\n<p><a href=\"https:\/\/aldeco.pt\/staging\/product\/gossy-fr\/?attribute_pa_colour=silver&amp;attribute_pa_aldeco-color=01-silver\">https:\/\/aldeco.pt\/staging\/product\/gossy-fr\/?attribute_pa_colour=silver&amp;attribute_pa_aldeco-color=01-silver<\/a><\/p>\n<p><a href=\"https:\/\/www.instagram.com\/aldeco_interiorfabrics\/\">https:\/\/www.instagram.com\/aldeco_interiorfabrics\/<\/a><\/p>\n","protected":false},"featured_media":222397,"template":"","meta":[],"product_brand":[],"product_cat":[6154],"product_tag":[],"class_list":{"0":"post-223493","1":"product","2":"type-product","3":"status-publish","4":"has-post-thumbnail","6":"product_cat-aldeco-smarter-es","7":"pa_cleanability-8283","8":"pa_composition-ext-100-pl-fr-es","9":"pa_contract-fabrics-1-es","10":"pa_interior-fabrics-1-es","11":"pa_line-telas","12":"pa_lithfastness-5-6-es-2","13":"pa_opportunities-descontinuado-es","14":"pa_range-liso-es","15":"pa_rapport-horizontal-0-es","16":"pa_rapport-vertical-0-es","17":"pa_special-treatments-fabrics-1-es","18":"pa_sustainable-fabrics-1-es","21":"first","22":"instock","23":"purchasable","24":"product-type-variable"},"acf":[],"_links":{"self":[{"href":"https:\/\/staging.aldeco.pt\/es\/wp-json\/wp\/v2\/product\/223493","targetHints":{"allow":["GET"]}}],"collection":[{"href":"https:\/\/staging.aldeco.pt\/es\/wp-json\/wp\/v2\/product"}],"about":[{"href":"https:\/\/staging.aldeco.pt\/es\/wp-json\/wp\/v2\/types\/product"}],"version-history":[{"count":1,"href":"https:\/\/staging.aldeco.pt\/es\/wp-json\/wp\/v2\/product\/223493\/revisions"}],"predecessor-version":[{"id":223792,"href":"https:\/\/staging.aldeco.pt\/es\/wp-json\/wp\/v2\/product\/223493\/revisions\/223792"}],"wp:featuredmedia":[{"embeddable":true,"href":"https:\/\/staging.aldeco.pt\/es\/wp-json\/wp\/v2\/media\/222397"}],"wp:attachment":[{"href":"https:\/\/staging.aldeco.pt\/es\/wp-json\/wp\/v2\/media?parent=223493"}],"wp:term":[{"taxonomy":"product_brand","embeddable":true,"href":"https:\/\/staging.aldeco.pt\/es\/wp-json\/wp\/v2\/product_brand?post=223493"},{"taxonomy":"product_cat","embeddable":true,"href":"https:\/\/staging.aldeco.pt\/es\/wp-json\/wp\/v2\/product_cat?post=223493"},{"taxonomy":"product_tag","embeddable":true,"href":"https:\/\/staging.aldeco.pt\/es\/wp-json\/wp\/v2\/product_tag?post=223493"}],"curies":[{"name":"wp","href":"https:\/\/api.w.org\/{rel}","templated":true}]}}