{"id":223426,"date":"2025-07-25T15:02:42","date_gmt":"2025-07-25T15:02:42","guid":{"rendered":"https:\/\/aldeco.pt\/staging\/product\/life-wlb-fr\/"},"modified":"2026-03-04T11:42:51","modified_gmt":"2026-03-04T11:42:51","slug":"life-wlb-fr","status":"publish","type":"product","link":"https:\/\/staging.aldeco.pt\/es\/product\/life-wlb-fr\/","title":{"rendered":"LIFE WLB FR"},"content":{"rendered":"<p>Life FR WLB es un voile hecho 100% de poli\u00e9ster. Es una tela atemporal y transl\u00facida, y gracias a su simplicidad y apariencia limpia, es un imprescindible.  Life FR WLB es un voile hecho 100% de poli\u00e9ster. Es una tela atemporal y transl\u00facida, y gracias a su simplicidad y apariencia limpia, es un imprescindible. Es lavable y ign\u00edfuga (FR), lo que significa que cumple con todas las normas internacionales de protecci\u00f3n contra incendios y es un producto excelente para proyectos de construcci\u00f3n. Cuenta con la certificaci\u00f3n OEKO-TEX 100 y no contiene sustancias qu\u00edmicas nocivas, lo que la hace segura para las personas, los animales y el planeta. Su producci\u00f3n cuenta con la certificaci\u00f3n ISO 14001, lo que garantiza el menor impacto ambiental posible. Este visillo est\u00e1 fabricado con hilo de plomo ecol\u00f3gico para una ca\u00edda perfecta y est\u00e1 disponible en 30 tonos.    <\/p>\n<p>&nbsp;<\/p>\n","protected":false},"excerpt":{"rendered":"<p>Life FR WLB es un voile hecho 100% de poli\u00e9ster. Es una tela atemporal y transl\u00facida, y gracias a su simplicidad y apariencia limpia, es un imprescindible.  Life FR WLB es un voile hecho 100% de poli\u00e9ster. Es una tela atemporal y transl\u00facida, y gracias a su simplicidad y apariencia limpia, es un imprescindible. Es lavable y ign\u00edfuga (FR), lo que significa que cumple con todas las normas internacionales de protecci\u00f3n contra incendios y es un producto excelente para proyectos de construcci\u00f3n. Cuenta con la certificaci\u00f3n OEKO-TEX 100 y no contiene sustancias qu\u00edmicas nocivas, lo que la hace segura para las personas, los animales y el planeta. Su producci\u00f3n cuenta con la certificaci\u00f3n ISO 14001, lo que garantiza el menor impacto ambiental posible. Este visillo est\u00e1 fabricado con hilo de plomo ecol\u00f3gico para una ca\u00edda perfecta y est\u00e1 disponible en 30 tonos.    <\/p>\n<h2>Life FR WLB es un voile hecho 100% de poli\u00e9ster. Es una tela atemporal y transl\u00facida, y gracias a su simplicidad y apariencia limpia, es un imprescindible. <\/h2>\n<p><img fetchpriority=\"high\" decoding=\"async\" class=\"alignnone wp-image-223390 size-medium\" src=\"https:\/\/aldeco.pt\/staging\/wp-content\/uploads\/2025\/07\/ALDECO_Life-FR_01-Sand-1-300x300.jpg\" alt=\"Life WLB FR - Aldeco\" width=\"300\" height=\"300\"><\/p>\n<p><a href=\"https:\/\/aldeco.pt\/staging\/product\/life-wlb-fr\/?attribute_pa_aldeco-color=01-sand&amp;attribute_pa_colour=beige\">https:\/\/aldeco.pt\/staging\/product\/life-wlb-fr\/?attribute_pa_aldeco-color=01-sand&amp;attribute_pa_colour=beige<\/a><\/p>\n<p><a href=\"https:\/\/www.instagram.com\/aldeco_interiorfabrics\/\">https:\/\/www.instagram.com\/aldeco_interiorfabrics\/<\/a><\/p>\n","protected":false},"featured_media":222208,"template":"","meta":[],"product_brand":[],"product_cat":[6154],"product_tag":[],"class_list":{"0":"post-223426","1":"product","2":"type-product","3":"status-publish","4":"has-post-thumbnail","6":"product_cat-aldeco-smarter-es","7":"pa_cleanability-8283","8":"pa_composition-ext-100-pl-fr-es","9":"pa_contract-fabrics-1-es","10":"pa_interior-fabrics-1-es","11":"pa_line-telas","12":"pa_lithfastness-6-es","13":"pa_opportunities-descontinuado-es","14":"pa_range-liso-es","15":"pa_rapport-horizontal-0-es","16":"pa_rapport-vertical-0-es","17":"pa_special-treatments-fabrics-1-es","18":"pa_sustainable-fabrics-1-es","21":"first","22":"instock","23":"purchasable","24":"product-type-variable"},"acf":[],"_links":{"self":[{"href":"https:\/\/staging.aldeco.pt\/es\/wp-json\/wp\/v2\/product\/223426","targetHints":{"allow":["GET"]}}],"collection":[{"href":"https:\/\/staging.aldeco.pt\/es\/wp-json\/wp\/v2\/product"}],"about":[{"href":"https:\/\/staging.aldeco.pt\/es\/wp-json\/wp\/v2\/types\/product"}],"version-history":[{"count":1,"href":"https:\/\/staging.aldeco.pt\/es\/wp-json\/wp\/v2\/product\/223426\/revisions"}],"predecessor-version":[{"id":223793,"href":"https:\/\/staging.aldeco.pt\/es\/wp-json\/wp\/v2\/product\/223426\/revisions\/223793"}],"wp:featuredmedia":[{"embeddable":true,"href":"https:\/\/staging.aldeco.pt\/es\/wp-json\/wp\/v2\/media\/222208"}],"wp:attachment":[{"href":"https:\/\/staging.aldeco.pt\/es\/wp-json\/wp\/v2\/media?parent=223426"}],"wp:term":[{"taxonomy":"product_brand","embeddable":true,"href":"https:\/\/staging.aldeco.pt\/es\/wp-json\/wp\/v2\/product_brand?post=223426"},{"taxonomy":"product_cat","embeddable":true,"href":"https:\/\/staging.aldeco.pt\/es\/wp-json\/wp\/v2\/product_cat?post=223426"},{"taxonomy":"product_tag","embeddable":true,"href":"https:\/\/staging.aldeco.pt\/es\/wp-json\/wp\/v2\/product_tag?post=223426"}],"curies":[{"name":"wp","href":"https:\/\/api.w.org\/{rel}","templated":true}]}}