{"id":223358,"date":"2025-07-25T14:58:48","date_gmt":"2025-07-25T14:58:48","guid":{"rendered":"https:\/\/aldeco.pt\/staging\/product\/genial-fr\/"},"modified":"2026-03-04T11:43:37","modified_gmt":"2026-03-04T11:43:37","slug":"genial-fr","status":"publish","type":"product","link":"https:\/\/staging.aldeco.pt\/es\/product\/genial-fr\/","title":{"rendered":"GENIAL FR"},"content":{"rendered":"<p>Genial FR es una tela ancha y texturizada para cortinas y visillos. Su doble ancho, combinado con una vibrante paleta de colores, la hace ideal para grandes ventanas y proyectos exigentes.  Genial FR es una tela ancha y texturizada para cortinas y visillos. Su doble ancho, combinado con una vibrante paleta de colores, la hace ideal para grandes ventanas y proyectos exigentes. Este tejido de poli\u00e9ster ign\u00edfugo inherente cuenta con la certificaci\u00f3n de diversas normas internacionales de resistencia al fuego, incluyendo la n\u00e1utica, cumple con la norma OEKO-TEX, no contiene sustancias nocivas para las personas ni el medio ambiente y es aislante ac\u00fastico. Sus caracter\u00edsticas t\u00e9cnicas convierten a Genial FR en una tela extremadamente t\u00e9cnica y elegante para entornos residenciales y de contract. Est\u00e1 disponible en m\u00e1s de 30 colores.  <\/p>\n","protected":false},"excerpt":{"rendered":"<p>Genial FR es una tela ancha y texturizada para cortinas y visillos. Su doble ancho, combinado con una vibrante paleta de colores, la hace ideal para grandes ventanas y proyectos exigentes.  Genial FR es una tela ancha y texturizada para cortinas y visillos. Su doble ancho, combinado con una vibrante paleta de colores, la hace ideal para grandes ventanas y proyectos exigentes. Este tejido de poli\u00e9ster ign\u00edfugo inherente cuenta con la certificaci\u00f3n de diversas normas internacionales de resistencia al fuego, incluyendo la n\u00e1utica, cumple con la norma OEKO-TEX, no contiene sustancias nocivas para las personas ni el medio ambiente y es aislante ac\u00fastico. Sus caracter\u00edsticas t\u00e9cnicas convierten a Genial FR en una tela extremadamente t\u00e9cnica y elegante para entornos residenciales y de contract. Est\u00e1 disponible en m\u00e1s de 30 colores.  <\/p>\n<h1>Genial FR es una tela ancha y texturizada para cortinas y visillos. Su doble ancho, combinado con una vibrante paleta de colores, la hace ideal para grandes ventanas y proyectos exigentes. <\/h1>\n<p><img fetchpriority=\"high\" decoding=\"async\" class=\"alignnone wp-image-223321 size-medium\" src=\"https:\/\/aldeco.pt\/staging\/wp-content\/uploads\/2025\/07\/ALDECO_Genial-FR_02-Feather-1-300x300.jpg\" alt=\"Genial FR - Aldeco\" width=\"300\" height=\"300\"><\/p>\n<p><a href=\"https:\/\/aldeco.pt\/staging\/product\/genial-fr\/?attribute_pa_colour=taupe&amp;attribute_pa_aldeco-color=01-pelican\">https:\/\/aldeco.pt\/staging\/product\/genial-fr\/?attribute_pa_colour=taupe&amp;attribute_pa_aldeco-color=01-pelican<\/a><\/p>\n<p><a href=\"https:\/\/www.instagram.com\/aldeco_interiorfabrics\/\">https:\/\/www.instagram.com\/aldeco_interiorfabrics\/<\/a><\/p>\n<p>&nbsp;<\/p>\n","protected":false},"featured_media":222100,"template":"","meta":[],"product_brand":[],"product_cat":[6154],"product_tag":[],"class_list":{"0":"post-223358","1":"product","2":"type-product","3":"status-publish","4":"has-post-thumbnail","6":"product_cat-aldeco-smarter-es","7":"pa_cleanability-8283","8":"pa_composition-ext-100-pl-fr-es","9":"pa_contract-fabrics-1-es","10":"pa_interior-fabrics-1-es","11":"pa_line-telas","12":"pa_lithfastness-5-es","13":"pa_opportunities-descontinuado-es","14":"pa_range-dobby-es","15":"pa_rapport-horizontal-0-es","16":"pa_rapport-vertical-0-es","17":"pa_special-treatments-fabrics-1-es","18":"pa_sustainable-fabrics-1-es","21":"first","22":"instock","23":"purchasable","24":"product-type-variable"},"acf":[],"_links":{"self":[{"href":"https:\/\/staging.aldeco.pt\/es\/wp-json\/wp\/v2\/product\/223358","targetHints":{"allow":["GET"]}}],"collection":[{"href":"https:\/\/staging.aldeco.pt\/es\/wp-json\/wp\/v2\/product"}],"about":[{"href":"https:\/\/staging.aldeco.pt\/es\/wp-json\/wp\/v2\/types\/product"}],"version-history":[{"count":1,"href":"https:\/\/staging.aldeco.pt\/es\/wp-json\/wp\/v2\/product\/223358\/revisions"}],"predecessor-version":[{"id":223794,"href":"https:\/\/staging.aldeco.pt\/es\/wp-json\/wp\/v2\/product\/223358\/revisions\/223794"}],"wp:featuredmedia":[{"embeddable":true,"href":"https:\/\/staging.aldeco.pt\/es\/wp-json\/wp\/v2\/media\/222100"}],"wp:attachment":[{"href":"https:\/\/staging.aldeco.pt\/es\/wp-json\/wp\/v2\/media?parent=223358"}],"wp:term":[{"taxonomy":"product_brand","embeddable":true,"href":"https:\/\/staging.aldeco.pt\/es\/wp-json\/wp\/v2\/product_brand?post=223358"},{"taxonomy":"product_cat","embeddable":true,"href":"https:\/\/staging.aldeco.pt\/es\/wp-json\/wp\/v2\/product_cat?post=223358"},{"taxonomy":"product_tag","embeddable":true,"href":"https:\/\/staging.aldeco.pt\/es\/wp-json\/wp\/v2\/product_tag?post=223358"}],"curies":[{"name":"wp","href":"https:\/\/api.w.org\/{rel}","templated":true}]}}