{"id":223293,"date":"2025-07-25T14:55:18","date_gmt":"2025-07-25T14:55:18","guid":{"rendered":"https:\/\/aldeco.pt\/staging\/product\/bright-fr\/"},"modified":"2026-03-04T11:44:23","modified_gmt":"2026-03-04T11:44:23","slug":"bright-fr","status":"publish","type":"product","link":"https:\/\/staging.aldeco.pt\/es\/product\/bright-fr\/","title":{"rendered":"BRIGHT FR"},"content":{"rendered":"<p>Bright FR es una tela reciclada transparente de gran ancho (306 cm) con aspecto de lino y una sofisticada textura natural. Sostenible, est\u00e1 compuesta por 55 % de poli\u00e9ster reciclado con certificaci\u00f3n GRS y 45 % de poli\u00e9ster ign\u00edfugo regular, integrando la gama ecol\u00f3gica e ideal para visillos en espacios con techos altos. Disponible en 27 colores, combina tonos neutros con vibrantes colores como rosa, amarillo, azul y tonos tierra. Tiene un tacto suave, una excelente ca\u00edda y es lavable, manteniendo sus propiedades incluso despu\u00e9s de lavados intensos, de acuerdo con la norma hospitalaria estadounidense ATCC96. Cumple con las normas internacionales de resistencia al fuego y es apta tanto para uso residencial como para proyectos. Con certificaci\u00f3n Oeko-Tex 100 y fabricada industrialmente seg\u00fan la norma ISO 14001, es una opci\u00f3n est\u00e9tica, funcional y respetuosa con el medio ambiente.     <\/p>\n","protected":false},"excerpt":{"rendered":"<p>Bright FR is a very wide (306 cm) sheer recycled fabric with a linen look and a sophisticated natural texture. Sustainable, it is composed of 55% GRS-certified recycled polyester and 45% regular flame-retardant polyester, integrating the eco-friendly range and ideal for curtains in spaces with high ceilings. Available in 27 colours, it combines neutral tones with vibrant colours such as pink, yellow, blue, and earthy tones. It has a soft touch, excellent drape, and is washable, maintaining its properties even after intense washing, in accordance with the American hospital standard ATCC96. It meets international fire resistance standards and is suitable for both residential and contract use. Oeko-Tex 100 certified and industrially produced in compliance with the ISO 14001 standard, it is an aesthetically, functionally, and environmentally responsible choice.     <\/p>\n<h1>Bright FR es una tela reciclada transparente de gran ancho (306 cm) con aspecto de lino y una sofisticada textura natural.<\/h1>\n<p><a href=\"https:\/\/aldeco.pt\/staging\/product\/bright-fr\/?attribute_pa_colour=pearl&amp;attribute_pa_aldeco-color=01-cloud\">https:\/\/aldeco.pt\/staging\/product\/bright-fr\/?attribute_pa_colour=pearl&amp;attribute_pa_aldeco-color=01-cloud<\/a><\/p>\n<p><a href=\"https:\/\/www.instagram.com\/aldeco_interiorfabrics\/\">https:\/\/www.instagram.com\/aldeco_interiorfabrics\/<\/a><\/p>\n<p><img fetchpriority=\"high\" decoding=\"async\" class=\"alignnone wp-image-223261 size-medium\" src=\"https:\/\/aldeco.pt\/staging\/wp-content\/uploads\/2025\/07\/ALDECO_Bright-FR_01-Cloud-1-300x300.jpg\" alt=\"Bright FR - Aldeco\" width=\"300\" height=\"300\"><\/p>\n","protected":false},"featured_media":221820,"template":"","meta":[],"product_brand":[],"product_cat":[6154],"product_tag":[],"class_list":{"0":"post-223293","1":"product","2":"type-product","3":"status-publish","4":"has-post-thumbnail","6":"product_cat-aldeco-smarter-es","7":"pa_cleanability-8283","8":"pa_composition-ext-55-rpl-45-pl-es","9":"pa_contract-fabrics-1-es","10":"pa_interior-fabrics-1-es","11":"pa_line-telas","12":"pa_lithfastness-4-5-es-2","13":"pa_opportunities-descontinuado-es","14":"pa_range-dobby-es","15":"pa_rapport-horizontal-0-es","16":"pa_rapport-vertical-0-es","17":"pa_special-treatments-fabrics-1-es","18":"pa_sustainable-fabrics-1-es","21":"first","22":"instock","23":"purchasable","24":"product-type-variable"},"acf":[],"_links":{"self":[{"href":"https:\/\/staging.aldeco.pt\/es\/wp-json\/wp\/v2\/product\/223293","targetHints":{"allow":["GET"]}}],"collection":[{"href":"https:\/\/staging.aldeco.pt\/es\/wp-json\/wp\/v2\/product"}],"about":[{"href":"https:\/\/staging.aldeco.pt\/es\/wp-json\/wp\/v2\/types\/product"}],"version-history":[{"count":1,"href":"https:\/\/staging.aldeco.pt\/es\/wp-json\/wp\/v2\/product\/223293\/revisions"}],"predecessor-version":[{"id":223795,"href":"https:\/\/staging.aldeco.pt\/es\/wp-json\/wp\/v2\/product\/223293\/revisions\/223795"}],"wp:featuredmedia":[{"embeddable":true,"href":"https:\/\/staging.aldeco.pt\/es\/wp-json\/wp\/v2\/media\/221820"}],"wp:attachment":[{"href":"https:\/\/staging.aldeco.pt\/es\/wp-json\/wp\/v2\/media?parent=223293"}],"wp:term":[{"taxonomy":"product_brand","embeddable":true,"href":"https:\/\/staging.aldeco.pt\/es\/wp-json\/wp\/v2\/product_brand?post=223293"},{"taxonomy":"product_cat","embeddable":true,"href":"https:\/\/staging.aldeco.pt\/es\/wp-json\/wp\/v2\/product_cat?post=223293"},{"taxonomy":"product_tag","embeddable":true,"href":"https:\/\/staging.aldeco.pt\/es\/wp-json\/wp\/v2\/product_tag?post=223293"}],"curies":[{"name":"wp","href":"https:\/\/api.w.org\/{rel}","templated":true}]}}