{"id":220487,"date":"2025-01-15T23:50:09","date_gmt":"2025-01-15T23:50:09","guid":{"rendered":"https:\/\/aldeco.pt\/staging\/product\/douro-valley\/"},"modified":"2025-07-03T09:03:27","modified_gmt":"2025-07-03T09:03:27","slug":"douro-valley","status":"publish","type":"product","link":"https:\/\/staging.aldeco.pt\/es\/product\/douro-valley\/","title":{"rendered":"DOURO VALLEY"},"content":{"rendered":"<p>Douro Valley es un tejido bordado con una base de aspecto lino, decorado con elementos bot\u00e1nicos. Sum\u00e9rjase en los valles verdes del Douro, en la regi\u00f3n demarcada que se extiende a lo largo del r\u00edo y sus afluentes, con paisajes marcados por frondosos olivos, cipreses, robles y fresnos, as\u00ed como por extensos matorrales de retamas, jaras y brezos que se prolongan hasta donde alcanza la vista. Juncos y tr\u00e9boles de agua conforman el paisaje a lo largo del r\u00edo, con formas serpenteantes y estilizadas obtenidas mediante exquisitas puntadas de bordado, disponibles en tres variantes crom\u00e1ticas: en tonos naturales, c\u00e1lidos y fr\u00edos, que atraviesan las distintas estaciones del a\u00f1o. <\/p>\n<p>DOURO VALLEY Col 01 Summer Landscape<\/p>\n<p>La imagen presenta un patr\u00f3n de aspecto natural y armonioso, inspirado en elementos bot\u00e1nicos y paisajes veraniegos estilizados que combinan colores terrosos y neutros. Las tonalidades principales incluyen:<br \/>\n\u2022 Marr\u00f3n y terracota, en varias intensidades, que representan elementos como hojas y \u00e1rboles.<br \/>\n\u2022 Grises, utilizados para detalles como hojas, ramas y contornos decorativos que definen formas y detalles.<br \/>\n\u2022 Tono lino, que forma el fondo y ayuda a resaltar el dise\u00f1o.<br \/>\n\u2022 Verde oliva y verde musgo, en tonos sutiles, que aportan una ligera variaci\u00f3n org\u00e1nica. <\/p>\n<p>DOURO VALLEY Col 02 Autumn Harvest<\/p>\n<p>La imagen presenta un patr\u00f3n con un paisaje campestre estilizado, representado en una paleta de colores c\u00e1lidos y naturales que crea un efecto oto\u00f1al elegante y org\u00e1nico, compuesto principalmente por:<br \/>\n\u2022 Verde oliva y amarillo verdoso, utilizados en \u00e1rboles y hojas, aportando un toque de frescura.<br \/>\n\u2022 Tonos de rosa empolvado y melocot\u00f3n, aplicados en formas org\u00e1nicas, como follajes y texturas suaves.<br \/>\n\u2022 Marr\u00f3n oscuro y casta\u00f1o avellana, que destacan ramas, troncos y detalles estructurales de forma delineada, creando contrastes.<br \/>\n\u2022 Terracota y burdeos, que aportan profundidad a los elementos bot\u00e1nicos, como hojas y peque\u00f1os frutos.<br \/>\n\u2022 El tono lino del fondo vuelve a desempe\u00f1ar un papel fundamental al resaltar el dise\u00f1o.<\/p>\n<p>DOURO VALLEY Col 03 Spring Fest<\/p>\n<p>La imagen presenta un patr\u00f3n decorativo con una paleta crom\u00e1tica predominantemente fresca y primaveral, compuesta por:<br \/>\n\u2022 Verde vivo y verde musgo, utilizados en \u00e1rboles, hojas y arbustos, que aportan una sensaci\u00f3n vibrante y fresca.<br \/>\n\u2022 Azul gris\u00e1ceo y azul suave, aplicados en detalles de hojas, troncos y elementos decorativos.<br \/>\n\u2022 Gris claro y beige, utilizados como tonos de fondo y en zonas que representan rocas o elementos sutiles del paisaje.<br \/>\n\u2022 Marr\u00f3n oscuro y negro, destacados en los troncos de los \u00e1rboles y en los contornos para crear contraste y definici\u00f3n.<br \/>\n\u2022 Verde oliva claro, presente en algunas hojas para diversificar los tonos vegetales.<br \/>\nEl conjunto transmite una atm\u00f3sfera serena, evocando paisajes naturales en tonos armoniosos y relajantes.<\/p>\n","protected":false},"excerpt":{"rendered":"<p>Douro Valley es un tejido bordado con una base de aspecto lino, decorado con elementos bot\u00e1nicos. Sum\u00e9rjase en los valles verdes del Douro, en la regi\u00f3n demarcada que se extiende a lo largo del r\u00edo y sus afluentes, con paisajes marcados por frondosos olivos, cipreses, robles y fresnos, as\u00ed como por extensos matorrales de retamas, jaras y brezos que se prolongan hasta donde alcanza la vista. Juncos y tr\u00e9boles de agua conforman el paisaje a lo largo del r\u00edo, con formas serpenteantes y estilizadas obtenidas mediante exquisitas puntadas de bordado, disponibles en tres variantes crom\u00e1ticas: en tonos naturales, c\u00e1lidos y fr\u00edos, que atraviesan las distintas estaciones del a\u00f1o. <\/p>\n<p>DOURO VALLEY Col 01 Summer Landscape<\/p>\n<p>La imagen presenta un patr\u00f3n de aspecto natural y armonioso, inspirado en elementos bot\u00e1nicos y paisajes veraniegos estilizados que combinan colores terrosos y neutros. Las tonalidades principales incluyen:<br \/>\n\u2022 Marr\u00f3n y terracota, en varias intensidades, que representan elementos como hojas y \u00e1rboles.<br \/>\n\u2022 Grises, utilizados para detalles como hojas, ramas y contornos decorativos que definen formas y detalles.<br \/>\n\u2022 Tono lino, que forma el fondo y ayuda a resaltar el dise\u00f1o.<br \/>\n\u2022 Verde oliva y verde musgo, en tonos sutiles, que aportan una ligera variaci\u00f3n org\u00e1nica. <\/p>\n<p>DOURO VALLEY Col 02 Autumn Harvest<\/p>\n<p>La imagen presenta un patr\u00f3n con un paisaje campestre estilizado, representado en una paleta de colores c\u00e1lidos y naturales que crea un efecto oto\u00f1al elegante y org\u00e1nico, compuesto principalmente por:<br \/>\n\u2022 Verde oliva y amarillo verdoso, utilizados en \u00e1rboles y hojas, aportando un toque de frescura.<br \/>\n\u2022 Tonos de rosa empolvado y melocot\u00f3n, aplicados en formas org\u00e1nicas, como follajes y texturas suaves.<br \/>\n\u2022 Marr\u00f3n oscuro y casta\u00f1o avellana, que destacan ramas, troncos y detalles estructurales de forma delineada, creando contrastes.<br \/>\n\u2022 Terracota y burdeos, que aportan profundidad a los elementos bot\u00e1nicos, como hojas y peque\u00f1os frutos.<br \/>\n\u2022 El tono lino del fondo vuelve a desempe\u00f1ar un papel fundamental al resaltar el dise\u00f1o.<\/p>\n<p>DOURO VALLEY Col 03 Spring Fest<\/p>\n<p>La imagen presenta un patr\u00f3n decorativo con una paleta crom\u00e1tica predominantemente fresca y primaveral, compuesta por:<br \/>\n\u2022 Verde vivo y verde musgo, utilizados en \u00e1rboles, hojas y arbustos, que aportan una sensaci\u00f3n vibrante y fresca.<br \/>\n\u2022 Azul gris\u00e1ceo y azul suave, aplicados en detalles de hojas, troncos y elementos decorativos.<br \/>\n\u2022 Gris claro y beige, utilizados como tonos de fondo y en zonas que representan rocas o elementos sutiles del paisaje.<br \/>\n\u2022 Marr\u00f3n oscuro y negro, destacados en los troncos de los \u00e1rboles y en los contornos para crear contraste y definici\u00f3n.<br \/>\n\u2022 Verde oliva claro, presente en algunas hojas para diversificar los tonos vegetales.<br \/>\nEl conjunto transmite una atm\u00f3sfera serena, evocando paisajes naturales en tonos armoniosos y relajantes.<\/p>\n<p>&nbsp;<\/p>\n<h2>Douro Valley es un tejido bordado con una base de aspecto lino, decorado con elementos bot\u00e1nicos. Immerse yourself in the green valleys of the Douro in the demarcated Douro region that stretches along the river and its tributaries with landscapes marked by leafy olive trees, cypresses, oaks and ash trees as well as broom, rockrose and heather bushes that stretch as far as the eye can see. <\/h2>\n<p><img fetchpriority=\"high\" decoding=\"async\" class=\"alignnone wp-image-217426 size-medium\" src=\"https:\/\/aldeco.pt\/staging\/wp-content\/uploads\/2025\/01\/T193160001-1-300x200.jpg\" alt=\"Douro Valley - Aldeco\" width=\"300\" height=\"200\"><\/p>\n<p><a href=\"https:\/\/aldeco.pt\/staging\/product\/douro-valley\/?attribute_pa_aldeco-color=01-summer-landscape\">https:\/\/aldeco.pt\/staging\/product\/douro-valley\/?attribute_pa_aldeco-color=01-summer-landscape<\/a><\/p>\n<p><a href=\"https:\/\/www.instagram.com\/aldeco_interiorfabrics\/\">https:\/\/www.instagram.com\/aldeco_interiorfabrics\/<\/a><\/p>\n","protected":false},"featured_media":217094,"template":"","meta":[],"product_brand":[],"product_cat":[6146],"product_tag":[],"class_list":{"0":"post-220487","1":"product","2":"type-product","3":"status-publish","4":"has-post-thumbnail","6":"product_cat-aldeco-2-es","7":"pa_cleanability-8283","8":"pa_composition-ext-50-co-35-vi-15-li-es","9":"pa_interior-fabrics-1-es","10":"pa_line-telas","11":"pa_lithfastness-4-es","12":"pa_opportunities-descontinuado-es","13":"pa_range-bordado-es","14":"pa_rapport-horizontal-45-es","15":"pa_rapport-vertical-45-5-es","16":"pa_sustainable-fabrics-1-es","19":"first","20":"instock","21":"purchasable","22":"product-type-variable"},"acf":[],"_links":{"self":[{"href":"https:\/\/staging.aldeco.pt\/es\/wp-json\/wp\/v2\/product\/220487","targetHints":{"allow":["GET"]}}],"collection":[{"href":"https:\/\/staging.aldeco.pt\/es\/wp-json\/wp\/v2\/product"}],"about":[{"href":"https:\/\/staging.aldeco.pt\/es\/wp-json\/wp\/v2\/types\/product"}],"version-history":[{"count":1,"href":"https:\/\/staging.aldeco.pt\/es\/wp-json\/wp\/v2\/product\/220487\/revisions"}],"predecessor-version":[{"id":220493,"href":"https:\/\/staging.aldeco.pt\/es\/wp-json\/wp\/v2\/product\/220487\/revisions\/220493"}],"wp:featuredmedia":[{"embeddable":true,"href":"https:\/\/staging.aldeco.pt\/es\/wp-json\/wp\/v2\/media\/217094"}],"wp:attachment":[{"href":"https:\/\/staging.aldeco.pt\/es\/wp-json\/wp\/v2\/media?parent=220487"}],"wp:term":[{"taxonomy":"product_brand","embeddable":true,"href":"https:\/\/staging.aldeco.pt\/es\/wp-json\/wp\/v2\/product_brand?post=220487"},{"taxonomy":"product_cat","embeddable":true,"href":"https:\/\/staging.aldeco.pt\/es\/wp-json\/wp\/v2\/product_cat?post=220487"},{"taxonomy":"product_tag","embeddable":true,"href":"https:\/\/staging.aldeco.pt\/es\/wp-json\/wp\/v2\/product_tag?post=220487"}],"curies":[{"name":"wp","href":"https:\/\/api.w.org\/{rel}","templated":true}]}}