{"id":220139,"date":"2025-05-19T15:05:00","date_gmt":"2025-05-19T15:05:00","guid":{"rendered":"https:\/\/aldeco.pt\/staging\/product\/cojin-vintage-easy-clean-gray-stone-50x50-p\/"},"modified":"2026-03-04T11:49:40","modified_gmt":"2026-03-04T11:49:40","slug":"cojin-vintage-easy-clean-gray-stone-50x50-p","status":"publish","type":"product","link":"https:\/\/staging.aldeco.pt\/es\/product\/cojin-vintage-easy-clean-gray-stone-50x50-p\/","title":{"rendered":"COJ\u00cdN VINTAGE EASY CLEAN Gray Stone 50X50 P"},"content":{"rendered":"<p>Coj\u00edn decorativo cuadrado con vivo Sandeman Easy Clean VINTAGE EASY CLEAN FR es un tejido jacquard reconocido por su dise\u00f1o geom\u00e9trico. Este tejido destaca por su microdise\u00f1o geom\u00e9trico con un aire \u00e9tnico, lo que permite combinarlo con otras texturas como un falso liso.  Este coj\u00edn tiene una cremallera oculta y est\u00e1 disponible en diferentes combinaciones de colores, con o sin relleno.<\/p>\n","protected":false},"excerpt":{"rendered":"<p>Coj\u00edn decorativo cuadrado con vivo Sandeman Easy Clean VINTAGE EASY CLEAN FR es un tejido jacquard reconocido por su dise\u00f1o geom\u00e9trico. Este tejido destaca por su microdise\u00f1o geom\u00e9trico con un aire \u00e9tnico, lo que permite combinarlo con otras texturas como un falso liso.  Este coj\u00edn tiene una cremallera oculta y est\u00e1 disponible en diferentes combinaciones de colores, con o sin relleno.<\/p>\n<h1>Coj\u00edn Vintage Easy Clean Fr es un tejido jacquard reconocido por su dise\u00f1o geom\u00e9trico.<\/h1>\n<p><img fetchpriority=\"high\" decoding=\"async\" class=\"alignnone wp-image-219587 size-medium\" src=\"https:\/\/aldeco.pt\/staging\/wp-content\/uploads\/2025\/05\/CUSHION-VINTAGE-EASY-CLEAN-Gray-Stone-50X50-P-300x241.jpg\" alt=\"COJ\u00cdN VINTAGE EASY CLEAN Gray Stone - Aldeco\" width=\"300\" height=\"241\"><\/p>\n<p><a href=\"https:\/\/aldeco.pt\/staging\/product\/cushion-vintage-easy-clean-gray-stone-50x50-p\/?attribute_pa_colour=gray&amp;attribute_pa_aldeco-color=06-gray-stone\">https:\/\/aldeco.pt\/staging\/product\/cushion-vintage-easy-clean-gray-stone-50&#215;50-p\/?attribute_pa_colour=gray&amp;attribute_pa_aldeco-color=06-gray-stone<\/a><\/p>\n<p><a href=\"https:\/\/www.instagram.com\/aldeco_interiorfabrics\/\">https:\/\/www.instagram.com\/aldeco_interiorfabrics\/<\/a><\/p>\n","protected":false},"featured_media":219589,"template":"","meta":[],"product_brand":[],"product_cat":[6146],"product_tag":[],"class_list":{"0":"post-220139","1":"product","2":"type-product","3":"status-publish","4":"has-post-thumbnail","6":"product_cat-aldeco-2-es","7":"pa_composition-ext-49-rpl-21-rpp-17-pl-7-rco-6-of-es","8":"pa_line-cojines","9":"pa_opportunities-descontinuado-es","10":"pa_range-jacquard-es","13":"first","14":"instock","15":"purchasable","16":"product-type-variable"},"acf":[],"_links":{"self":[{"href":"https:\/\/staging.aldeco.pt\/es\/wp-json\/wp\/v2\/product\/220139","targetHints":{"allow":["GET"]}}],"collection":[{"href":"https:\/\/staging.aldeco.pt\/es\/wp-json\/wp\/v2\/product"}],"about":[{"href":"https:\/\/staging.aldeco.pt\/es\/wp-json\/wp\/v2\/types\/product"}],"version-history":[{"count":1,"href":"https:\/\/staging.aldeco.pt\/es\/wp-json\/wp\/v2\/product\/220139\/revisions"}],"predecessor-version":[{"id":220148,"href":"https:\/\/staging.aldeco.pt\/es\/wp-json\/wp\/v2\/product\/220139\/revisions\/220148"}],"wp:featuredmedia":[{"embeddable":true,"href":"https:\/\/staging.aldeco.pt\/es\/wp-json\/wp\/v2\/media\/219589"}],"wp:attachment":[{"href":"https:\/\/staging.aldeco.pt\/es\/wp-json\/wp\/v2\/media?parent=220139"}],"wp:term":[{"taxonomy":"product_brand","embeddable":true,"href":"https:\/\/staging.aldeco.pt\/es\/wp-json\/wp\/v2\/product_brand?post=220139"},{"taxonomy":"product_cat","embeddable":true,"href":"https:\/\/staging.aldeco.pt\/es\/wp-json\/wp\/v2\/product_cat?post=220139"},{"taxonomy":"product_tag","embeddable":true,"href":"https:\/\/staging.aldeco.pt\/es\/wp-json\/wp\/v2\/product_tag?post=220139"}],"curies":[{"name":"wp","href":"https:\/\/api.w.org\/{rel}","templated":true}]}}