{"id":220098,"date":"2025-05-19T15:04:07","date_gmt":"2025-05-19T15:04:07","guid":{"rendered":"https:\/\/aldeco.pt\/staging\/product\/cojin-vinha-bronze-60x30-p\/"},"modified":"2026-03-04T11:55:51","modified_gmt":"2026-03-04T11:55:51","slug":"cojin-vinha-bronze-60x30-p","status":"publish","type":"product","link":"https:\/\/staging.aldeco.pt\/es\/product\/cojin-vinha-bronze-60x30-p\/","title":{"rendered":"COJ\u00cdN VINHA Bronze 60X30 P"},"content":{"rendered":"<p>Coj\u00edn decorativo rectangular con vivo no tejido Sandeman Easy Clean. VINHA es un tejido jacquard con una base de sat\u00e9n. Su dise\u00f1o abstracto evoca las uvas en los vi\u00f1edos, distribuidas de manera aparentemente irregular.  Este coj\u00edn tiene una cremallera oculta y est\u00e1 disponible en diferentes combinaciones de colores, con o sin relleno.<\/p>\n","protected":false},"excerpt":{"rendered":"<p>Coj\u00edn decorativo rectangular con vivo no tejido Sandeman Easy Clean. VINHA es un tejido jacquard con una base de sat\u00e9n. Su dise\u00f1o abstracto evoca las uvas en los vi\u00f1edos, distribuidas de manera aparentemente irregular.  Este coj\u00edn tiene una cremallera oculta y est\u00e1 disponible en diferentes combinaciones de colores, con o sin relleno.<\/p>\n<h1>Coj\u00edn Vinha est\u00e1 confeccionado con un tejido jacquard sobre una base de sat\u00e9n. Su dise\u00f1o abstracto evoca los racimos de uvas en los vi\u00f1edos&#8230; <\/h1>\n<p><img fetchpriority=\"high\" decoding=\"async\" class=\"alignnone wp-image-219566 size-medium\" src=\"https:\/\/aldeco.pt\/staging\/wp-content\/uploads\/2025\/05\/CUSHION-VINHA-Bronze-60X30-P-300x241.jpg\" alt=\"COJ\u00cdN VINHA Bronze - Aldeco\" width=\"300\" height=\"241\"><\/p>\n<p><a href=\"https:\/\/aldeco.pt\/staging\/product\/cushion-vinha-bronze-60x30-p\/?attribute_pa_colour=gold&amp;attribute_pa_aldeco-color=01-bronze\">https:\/\/aldeco.pt\/staging\/product\/cushion-vinha-bronze-60&#215;30-p\/?attribute_pa_colour=gold&amp;attribute_pa_aldeco-color=01-bronze<\/a><\/p>\n<p><a href=\"https:\/\/www.instagram.com\/aldeco_interiorfabrics\/\">https:\/\/www.instagram.com\/aldeco_interiorfabrics\/<\/a><\/p>\n","protected":false},"featured_media":219568,"template":"","meta":[],"product_brand":[],"product_cat":[6146],"product_tag":[],"class_list":{"0":"post-220098","1":"product","2":"type-product","3":"status-publish","4":"has-post-thumbnail","6":"product_cat-aldeco-2-es","7":"pa_composition-ext-46-pl-28-li-11-bci-co-15-rpl-es","8":"pa_line-cojines","9":"pa_opportunities-descontinuado-es","10":"pa_range-satin-es","13":"first","14":"instock","15":"purchasable","16":"product-type-variable"},"acf":[],"_links":{"self":[{"href":"https:\/\/staging.aldeco.pt\/es\/wp-json\/wp\/v2\/product\/220098","targetHints":{"allow":["GET"]}}],"collection":[{"href":"https:\/\/staging.aldeco.pt\/es\/wp-json\/wp\/v2\/product"}],"about":[{"href":"https:\/\/staging.aldeco.pt\/es\/wp-json\/wp\/v2\/types\/product"}],"version-history":[{"count":1,"href":"https:\/\/staging.aldeco.pt\/es\/wp-json\/wp\/v2\/product\/220098\/revisions"}],"predecessor-version":[{"id":220108,"href":"https:\/\/staging.aldeco.pt\/es\/wp-json\/wp\/v2\/product\/220098\/revisions\/220108"}],"wp:featuredmedia":[{"embeddable":true,"href":"https:\/\/staging.aldeco.pt\/es\/wp-json\/wp\/v2\/media\/219568"}],"wp:attachment":[{"href":"https:\/\/staging.aldeco.pt\/es\/wp-json\/wp\/v2\/media?parent=220098"}],"wp:term":[{"taxonomy":"product_brand","embeddable":true,"href":"https:\/\/staging.aldeco.pt\/es\/wp-json\/wp\/v2\/product_brand?post=220098"},{"taxonomy":"product_cat","embeddable":true,"href":"https:\/\/staging.aldeco.pt\/es\/wp-json\/wp\/v2\/product_cat?post=220098"},{"taxonomy":"product_tag","embeddable":true,"href":"https:\/\/staging.aldeco.pt\/es\/wp-json\/wp\/v2\/product_tag?post=220098"}],"curies":[{"name":"wp","href":"https:\/\/api.w.org\/{rel}","templated":true}]}}