{"id":220064,"date":"2025-05-19T15:03:44","date_gmt":"2025-05-19T15:03:44","guid":{"rendered":"https:\/\/aldeco.pt\/staging\/product\/cojin-vinha-bronze-50x50-p\/"},"modified":"2026-03-04T11:58:10","modified_gmt":"2026-03-04T11:58:10","slug":"cojin-vinha-bronze-50x50-p","status":"publish","type":"product","link":"https:\/\/staging.aldeco.pt\/es\/product\/cojin-vinha-bronze-50x50-p\/","title":{"rendered":"COJ\u00cdN VINHA Bronze 50X50 P"},"content":{"rendered":"<p>Coj\u00edn decorativo cuadrado con vivo Sandeman Easy Clean VINHA es un tejido jacquard con una base de sat\u00e9n. Su dise\u00f1o abstracto evoca las uvas en los vi\u00f1edos, distribuidas de manera aparentemente irregular.  Este coj\u00edn tiene una cremallera oculta y est\u00e1 disponible en diferentes combinaciones de colores, con o sin relleno.<\/p>\n","protected":false},"excerpt":{"rendered":"<p>Coj\u00edn decorativo cuadrado con vivo Sandeman Easy Clean VINHA es un tejido jacquard con una base de sat\u00e9n. Su dise\u00f1o abstracto evoca las uvas en los vi\u00f1edos, distribuidas de manera aparentemente irregular.  Este coj\u00edn tiene una cremallera oculta y est\u00e1 disponible en diferentes combinaciones de colores, con o sin relleno.<\/p>\n<h1>Coj\u00edn Vinha est\u00e1 confeccionado con un tejido jacquard sobre una base de sat\u00e9n. Su dise\u00f1o abstracto evoca los racimos de uvas en los vi\u00f1edos&#8230; <\/h1>\n<p><img fetchpriority=\"high\" decoding=\"async\" class=\"alignnone wp-image-219563 size-medium\" src=\"https:\/\/aldeco.pt\/staging\/wp-content\/uploads\/2025\/05\/CUSHION-VINHA-Bronze-50X50-P-300x241.jpg\" alt=\"COJ\u00cdN VINHA Bronze - Aldeco\" width=\"300\" height=\"241\"><\/p>\n<p><a href=\"https:\/\/aldeco.pt\/staging\/product\/cushion-vinha-bronze-50x50-p\/?attribute_pa_colour=gold&amp;attribute_pa_aldeco-color=01-bronze\">https:\/\/aldeco.pt\/staging\/product\/cushion-vinha-bronze-50&#215;50-p\/?attribute_pa_colour=gold&amp;attribute_pa_aldeco-color=01-bronze<\/a><\/p>\n<p><a href=\"https:\/\/www.instagram.com\/aldeco_interiorfabrics\/\">https:\/\/www.instagram.com\/aldeco_interiorfabrics\/<\/a><\/p>\n","protected":false},"featured_media":219565,"template":"","meta":[],"product_brand":[],"product_cat":[6146],"product_tag":[],"class_list":{"0":"post-220064","1":"product","2":"type-product","3":"status-publish","4":"has-post-thumbnail","6":"product_cat-aldeco-2-es","7":"pa_composition-ext-46-pl-28-li-11-bci-co-15-rpl-es","8":"pa_line-cojines","9":"pa_opportunities-descontinuado-es","10":"pa_range-satin-es","13":"first","14":"instock","15":"purchasable","16":"product-type-variable"},"acf":[],"_links":{"self":[{"href":"https:\/\/staging.aldeco.pt\/es\/wp-json\/wp\/v2\/product\/220064","targetHints":{"allow":["GET"]}}],"collection":[{"href":"https:\/\/staging.aldeco.pt\/es\/wp-json\/wp\/v2\/product"}],"about":[{"href":"https:\/\/staging.aldeco.pt\/es\/wp-json\/wp\/v2\/types\/product"}],"version-history":[{"count":1,"href":"https:\/\/staging.aldeco.pt\/es\/wp-json\/wp\/v2\/product\/220064\/revisions"}],"predecessor-version":[{"id":220072,"href":"https:\/\/staging.aldeco.pt\/es\/wp-json\/wp\/v2\/product\/220064\/revisions\/220072"}],"wp:featuredmedia":[{"embeddable":true,"href":"https:\/\/staging.aldeco.pt\/es\/wp-json\/wp\/v2\/media\/219565"}],"wp:attachment":[{"href":"https:\/\/staging.aldeco.pt\/es\/wp-json\/wp\/v2\/media?parent=220064"}],"wp:term":[{"taxonomy":"product_brand","embeddable":true,"href":"https:\/\/staging.aldeco.pt\/es\/wp-json\/wp\/v2\/product_brand?post=220064"},{"taxonomy":"product_cat","embeddable":true,"href":"https:\/\/staging.aldeco.pt\/es\/wp-json\/wp\/v2\/product_cat?post=220064"},{"taxonomy":"product_tag","embeddable":true,"href":"https:\/\/staging.aldeco.pt\/es\/wp-json\/wp\/v2\/product_tag?post=220064"}],"curies":[{"name":"wp","href":"https:\/\/api.w.org\/{rel}","templated":true}]}}