{"id":220047,"date":"2025-05-19T15:03:17","date_gmt":"2025-05-19T15:03:17","guid":{"rendered":"https:\/\/aldeco.pt\/staging\/product\/cojin-vallado-autumn-harvest-50x50-p\/"},"modified":"2026-03-04T12:01:15","modified_gmt":"2026-03-04T12:01:15","slug":"cojin-vallado-autumn-harvest-50x50-p","status":"publish","type":"product","link":"https:\/\/staging.aldeco.pt\/es\/product\/cojin-vallado-autumn-harvest-50x50-p\/","title":{"rendered":"COJ\u00cdN VALLADO Autumn Harvest 50X50 P"},"content":{"rendered":"<p>Coj\u00edn decorativo cuadrado con vivo Sandeman Easy Clean <br \/>Vallado es un raso de algod\u00f3n bordado con puntadas ricas y variadas. Nombrado en honor a uno de los vi\u00f1edos m\u00e1s legendarios de la regi\u00f3n demarcada del Duero, Vallado rinde homenaje a la tradici\u00f3n vin\u00edcola duriense y a los vi\u00f1edos en terrazas que definen este paisaje tan caracter\u00edstico. Este coj\u00edn tiene una cremallera oculta y est\u00e1 disponible en diferentes combinaciones de colores, con o sin relleno.<\/p>\n","protected":false},"excerpt":{"rendered":"<p>Coj\u00edn decorativo cuadrado con vivo Sandeman Easy Clean <br \/>Vallado es un raso de algod\u00f3n bordado con puntadas ricas y variadas. Nombrado en honor a uno de los vi\u00f1edos m\u00e1s legendarios de la regi\u00f3n demarcada del Duero, Vallado rinde homenaje a la tradici\u00f3n vin\u00edcola duriense y a los vi\u00f1edos en terrazas que definen este paisaje tan caracter\u00edstico. Este coj\u00edn tiene una cremallera oculta y est\u00e1 disponible en diferentes combinaciones de colores, con o sin relleno.<\/p>\n<h1>Coj\u00edn Vallado es un sat\u00e9n de algod\u00f3n bordado con puntadas variadas y ricas. Su nombre rinde homenaje a uno de los vi\u00f1edos m\u00e1s legendarios&#8230; <\/h1>\n<p><img fetchpriority=\"high\" decoding=\"async\" class=\"alignnone wp-image-219539 size-medium\" src=\"https:\/\/aldeco.pt\/staging\/wp-content\/uploads\/2025\/05\/CUSHION-VALLADO-Autumn-Harvest-50X50-P-300x241.jpg\" alt=\"COJ\u00cdN VALLADO Autumn Harvest - Aldeco\" width=\"300\" height=\"241\"><\/p>\n<p><a href=\"https:\/\/aldeco.pt\/staging\/product\/cushion-vallado-autumn-harvest-50x50-p\/?attribute_pa_colour=multicolour&amp;attribute_pa_aldeco-color=01-autumn-harvest\">https:\/\/aldeco.pt\/staging\/product\/cushion-vallado-autumn-harvest-50&#215;50-p\/?attribute_pa_colour=multicolour&amp;attribute_pa_aldeco-color=01-autumn-harvest<\/a><\/p>\n<p><a href=\"https:\/\/www.instagram.com\/aldeco_interiorfabrics\/\">https:\/\/www.instagram.com\/aldeco_interiorfabrics\/<\/a><\/p>\n","protected":false},"featured_media":219541,"template":"","meta":[],"product_brand":[],"product_cat":[6146],"product_tag":[],"class_list":{"0":"post-220047","1":"product","2":"type-product","3":"status-publish","4":"has-post-thumbnail","6":"product_cat-aldeco-2-es","7":"pa_composition-ext-100-co-bordado-100-pl-es","8":"pa_line-cojines","9":"pa_opportunities-descontinuado-es","10":"pa_range-bordado-es","11":"pa_range-satin-es","14":"first","15":"instock","16":"purchasable","17":"product-type-variable"},"acf":[],"_links":{"self":[{"href":"https:\/\/staging.aldeco.pt\/es\/wp-json\/wp\/v2\/product\/220047","targetHints":{"allow":["GET"]}}],"collection":[{"href":"https:\/\/staging.aldeco.pt\/es\/wp-json\/wp\/v2\/product"}],"about":[{"href":"https:\/\/staging.aldeco.pt\/es\/wp-json\/wp\/v2\/types\/product"}],"version-history":[{"count":1,"href":"https:\/\/staging.aldeco.pt\/es\/wp-json\/wp\/v2\/product\/220047\/revisions"}],"predecessor-version":[{"id":220076,"href":"https:\/\/staging.aldeco.pt\/es\/wp-json\/wp\/v2\/product\/220047\/revisions\/220076"}],"wp:featuredmedia":[{"embeddable":true,"href":"https:\/\/staging.aldeco.pt\/es\/wp-json\/wp\/v2\/media\/219541"}],"wp:attachment":[{"href":"https:\/\/staging.aldeco.pt\/es\/wp-json\/wp\/v2\/media?parent=220047"}],"wp:term":[{"taxonomy":"product_brand","embeddable":true,"href":"https:\/\/staging.aldeco.pt\/es\/wp-json\/wp\/v2\/product_brand?post=220047"},{"taxonomy":"product_cat","embeddable":true,"href":"https:\/\/staging.aldeco.pt\/es\/wp-json\/wp\/v2\/product_cat?post=220047"},{"taxonomy":"product_tag","embeddable":true,"href":"https:\/\/staging.aldeco.pt\/es\/wp-json\/wp\/v2\/product_tag?post=220047"}],"curies":[{"name":"wp","href":"https:\/\/api.w.org\/{rel}","templated":true}]}}