{"id":220011,"date":"2025-05-19T15:02:10","date_gmt":"2025-05-19T15:02:10","guid":{"rendered":"https:\/\/aldeco.pt\/staging\/product\/cojin-taylor-velvet-green-amber-50x50-p\/"},"modified":"2026-03-04T12:07:20","modified_gmt":"2026-03-04T12:07:20","slug":"cojin-taylor-velvet-green-amber-50x50-p","status":"publish","type":"product","link":"https:\/\/staging.aldeco.pt\/es\/product\/cojin-taylor-velvet-green-amber-50x50-p\/","title":{"rendered":"COJ\u00cdN TAYLOR VELVET Green Amber 50X50 P"},"content":{"rendered":"<p>Coj\u00edn decorativo cuadrado con vivo Sandeman Easy Clean TAYLORS es un elegante terciopelo jacquard que combina la t\u00e9cnica de pelo cortado con una base boucl\u00e9. El refinamiento del terciopelo de pelo se realza con el hilo boucl\u00e9, distribuido a lo largo de franjas onduladas.  Este coj\u00edn tiene una cremallera oculta y est\u00e1 disponible en diferentes combinaciones de colores, con o sin relleno.<\/p>\n","protected":false},"excerpt":{"rendered":"<p>Coj\u00edn decorativo cuadrado con vivo Sandeman Easy Clean TAYLORS es un elegante terciopelo jacquard que combina la t\u00e9cnica de pelo cortado con una base boucl\u00e9. El refinamiento del terciopelo de pelo se realza con el hilo boucl\u00e9, distribuido a lo largo de franjas onduladas.  Este coj\u00edn tiene una cremallera oculta y est\u00e1 disponible en diferentes combinaciones de colores, con o sin relleno.<\/p>\n<h1>COJ\u00cdN Taylors is an elegant jacquard velvet that combines the cut pile technique with boucl\u00e9 ground.<\/h1>\n<p><img fetchpriority=\"high\" decoding=\"async\" class=\"alignnone wp-image-219512 size-medium\" src=\"https:\/\/aldeco.pt\/staging\/wp-content\/uploads\/2025\/05\/CUSHION-TAYLOR-VELVET-Green-Amber-50X50-P-300x241.jpg\" alt=\"COJ\u00cdN TAYLOR VELVET Green Amber - Aldeco\" width=\"300\" height=\"241\"><\/p>\n<p><a href=\"https:\/\/aldeco.pt\/staging\/product\/cushion-taylor-velvet-green-amber-50x50-p\/?attribute_pa_colour=green&amp;attribute_pa_aldeco-color=04-green-amber\">https:\/\/aldeco.pt\/staging\/product\/cushion-taylor-velvet-green-amber-50&#215;50-p\/?attribute_pa_colour=green&amp;attribute_pa_aldeco-color=04-green-amber<\/a><\/p>\n<p><a href=\"https:\/\/www.instagram.com\/aldeco_interiorfabrics\/\">https:\/\/www.instagram.com\/aldeco_interiorfabrics\/<\/a><\/p>\n","protected":false},"featured_media":219514,"template":"","meta":[],"product_brand":[],"product_cat":[6146],"product_tag":[],"class_list":{"0":"post-220011","1":"product","2":"type-product","3":"status-publish","4":"has-post-thumbnail","6":"product_cat-aldeco-2-es","7":"pa_composition-ext-54-pl-46-vi-es","8":"pa_line-cojines","9":"pa_opportunities-descontinuado-es","10":"pa_range-jacquard-es","11":"pa_range-terciopelo","14":"first","15":"instock","16":"purchasable","17":"product-type-variable"},"acf":[],"_links":{"self":[{"href":"https:\/\/staging.aldeco.pt\/es\/wp-json\/wp\/v2\/product\/220011","targetHints":{"allow":["GET"]}}],"collection":[{"href":"https:\/\/staging.aldeco.pt\/es\/wp-json\/wp\/v2\/product"}],"about":[{"href":"https:\/\/staging.aldeco.pt\/es\/wp-json\/wp\/v2\/types\/product"}],"version-history":[{"count":1,"href":"https:\/\/staging.aldeco.pt\/es\/wp-json\/wp\/v2\/product\/220011\/revisions"}],"predecessor-version":[{"id":220083,"href":"https:\/\/staging.aldeco.pt\/es\/wp-json\/wp\/v2\/product\/220011\/revisions\/220083"}],"wp:featuredmedia":[{"embeddable":true,"href":"https:\/\/staging.aldeco.pt\/es\/wp-json\/wp\/v2\/media\/219514"}],"wp:attachment":[{"href":"https:\/\/staging.aldeco.pt\/es\/wp-json\/wp\/v2\/media?parent=220011"}],"wp:term":[{"taxonomy":"product_brand","embeddable":true,"href":"https:\/\/staging.aldeco.pt\/es\/wp-json\/wp\/v2\/product_brand?post=220011"},{"taxonomy":"product_cat","embeddable":true,"href":"https:\/\/staging.aldeco.pt\/es\/wp-json\/wp\/v2\/product_cat?post=220011"},{"taxonomy":"product_tag","embeddable":true,"href":"https:\/\/staging.aldeco.pt\/es\/wp-json\/wp\/v2\/product_tag?post=220011"}],"curies":[{"name":"wp","href":"https:\/\/api.w.org\/{rel}","templated":true}]}}