{"id":219972,"date":"2025-05-19T15:01:13","date_gmt":"2025-05-19T15:01:13","guid":{"rendered":"https:\/\/aldeco.pt\/staging\/product\/cojin-tawny-linen-50x50-p\/"},"modified":"2026-03-04T12:12:15","modified_gmt":"2026-03-04T12:12:15","slug":"cojin-tawny-linen-50x50-p","status":"publish","type":"product","link":"https:\/\/staging.aldeco.pt\/es\/product\/cojin-tawny-linen-50x50-p\/","title":{"rendered":"COJ\u00cdN TAWNY Linen 50X50 P"},"content":{"rendered":"<p>Coj\u00edn decorativo cuadrado con vivo. Tawny presenta un dise\u00f1o abstracto y una estructura compuesta por l\u00edneas paralelas dram\u00e1ticamente descompuestas. Sus hilos de seda, algod\u00f3n y viscosa se combinan para crear efectos desgastados, aportando al mismo tiempo un toque sofisticado y elegante al tejido.  Este coj\u00edn tiene una cremallera oculta y est\u00e1 disponible en diferentes combinaciones de colores, con o sin relleno.<\/p>\n","protected":false},"excerpt":{"rendered":"<p>Coj\u00edn decorativo cuadrado con vivo. Tawny presenta un dise\u00f1o abstracto y una estructura compuesta por l\u00edneas paralelas dram\u00e1ticamente descompuestas. Sus hilos de seda, algod\u00f3n y viscosa se combinan para crear efectos desgastados, aportando al mismo tiempo un toque sofisticado y elegante al tejido.  Este coj\u00edn tiene una cremallera oculta y est\u00e1 disponible en diferentes combinaciones de colores, con o sin relleno.<\/p>\n<h1>Coj\u00edn Tawny presenta un dise\u00f1o abstracto y una estructura compuesta por l\u00edneas paralelas dram\u00e1ticamente descompuestas.<\/h1>\n<p><img fetchpriority=\"high\" decoding=\"async\" class=\"alignnone wp-image-219497 size-medium\" src=\"https:\/\/aldeco.pt\/staging\/wp-content\/uploads\/2025\/05\/CUSHION-TAWNY-Linen-50X50-P-300x241.jpg\" alt=\"COJ\u00cdN TAWNY Linen - Aldeco\" width=\"300\" height=\"241\"><\/p>\n<p><a href=\"https:\/\/aldeco.pt\/staging\/product\/cushion-tawny-linen-50x50-p\/?attribute_pa_colour=ivory&amp;attribute_pa_aldeco-color=01-linen\">https:\/\/aldeco.pt\/staging\/product\/cushion-tawny-linen-50&#215;50-p\/?attribute_pa_colour=ivory&amp;attribute_pa_aldeco-color=01-linen<\/a><\/p>\n<p><a href=\"https:\/\/www.instagram.com\/aldeco_interiorfabrics\/\">https:\/\/www.instagram.com\/aldeco_interiorfabrics\/<\/a><\/p>\n<p>&nbsp;<\/p>\n","protected":false},"featured_media":219499,"template":"","meta":[],"product_brand":[],"product_cat":[6146],"product_tag":[],"class_list":{"0":"post-219972","1":"product","2":"type-product","3":"status-publish","4":"has-post-thumbnail","6":"product_cat-aldeco-2-es","7":"pa_composition-ext-16-pl-7-si-47-vi-30-bci-co-es","8":"pa_line-cojines","9":"pa_opportunities-descontinuado-es","10":"pa_range-jacquard-es","13":"first","14":"instock","15":"purchasable","16":"product-type-variable"},"acf":[],"_links":{"self":[{"href":"https:\/\/staging.aldeco.pt\/es\/wp-json\/wp\/v2\/product\/219972","targetHints":{"allow":["GET"]}}],"collection":[{"href":"https:\/\/staging.aldeco.pt\/es\/wp-json\/wp\/v2\/product"}],"about":[{"href":"https:\/\/staging.aldeco.pt\/es\/wp-json\/wp\/v2\/types\/product"}],"version-history":[{"count":1,"href":"https:\/\/staging.aldeco.pt\/es\/wp-json\/wp\/v2\/product\/219972\/revisions"}],"predecessor-version":[{"id":219974,"href":"https:\/\/staging.aldeco.pt\/es\/wp-json\/wp\/v2\/product\/219972\/revisions\/219974"}],"wp:featuredmedia":[{"embeddable":true,"href":"https:\/\/staging.aldeco.pt\/es\/wp-json\/wp\/v2\/media\/219499"}],"wp:attachment":[{"href":"https:\/\/staging.aldeco.pt\/es\/wp-json\/wp\/v2\/media?parent=219972"}],"wp:term":[{"taxonomy":"product_brand","embeddable":true,"href":"https:\/\/staging.aldeco.pt\/es\/wp-json\/wp\/v2\/product_brand?post=219972"},{"taxonomy":"product_cat","embeddable":true,"href":"https:\/\/staging.aldeco.pt\/es\/wp-json\/wp\/v2\/product_cat?post=219972"},{"taxonomy":"product_tag","embeddable":true,"href":"https:\/\/staging.aldeco.pt\/es\/wp-json\/wp\/v2\/product_tag?post=219972"}],"curies":[{"name":"wp","href":"https:\/\/api.w.org\/{rel}","templated":true}]}}