{"id":219909,"date":"2025-05-19T14:59:54","date_gmt":"2025-05-19T14:59:54","guid":{"rendered":"https:\/\/aldeco.pt\/staging\/product\/cojin-sandeman-easy-clean-bordeaux-50x50-p\/"},"modified":"2026-03-04T12:17:35","modified_gmt":"2026-03-04T12:17:35","slug":"cojin-sandeman-easy-clean-bordeaux-50x50-p","status":"publish","type":"product","link":"https:\/\/staging.aldeco.pt\/es\/product\/cojin-sandeman-easy-clean-bordeaux-50x50-p\/","title":{"rendered":"COJ\u00cdN SANDEMAN EASY CLEAN Bordeaux 50X50 P"},"content":{"rendered":"<p>Coj\u00edn decorativo cuadrado con vivo. Sandeman Easy Clean FR es un tejido de chenilla aterciopelada con un aspecto intemporal, muy funcional gracias a su hilo, que posee caracter\u00edsticas intr\u00ednsecas de f\u00e1cil limpieza. Presenta el aspecto y el tacto del terciopelo, siendo suave y ligeramente texturizado.  Este coj\u00edn tiene una cremallera oculta y est\u00e1 disponible en diferentes combinaciones de colores, con o sin relleno.<\/p>\n","protected":false},"excerpt":{"rendered":"<p>Coj\u00edn decorativo cuadrado con vivo. Sandeman Easy Clean FR es un tejido de chenilla aterciopelada con un aspecto intemporal, muy funcional gracias a su hilo, que posee caracter\u00edsticas intr\u00ednsecas de f\u00e1cil limpieza. Presenta el aspecto y el tacto del terciopelo, siendo suave y ligeramente texturizado.  Este coj\u00edn tiene una cremallera oculta y est\u00e1 disponible en diferentes combinaciones de colores, con o sin relleno.<\/p>\n","protected":false},"featured_media":219451,"template":"","meta":[],"product_brand":[],"product_cat":[6146],"product_tag":[],"class_list":{"0":"post-219909","1":"product","2":"type-product","3":"status-publish","4":"has-post-thumbnail","6":"product_cat-aldeco-2-es","7":"pa_composition-ext-75-pl-25-rpl-es","8":"pa_line-cojines","9":"pa_opportunities-descontinuado-es","10":"pa_range-chenilla","13":"first","14":"instock","15":"purchasable","16":"product-type-variable"},"acf":[],"_links":{"self":[{"href":"https:\/\/staging.aldeco.pt\/es\/wp-json\/wp\/v2\/product\/219909","targetHints":{"allow":["GET"]}}],"collection":[{"href":"https:\/\/staging.aldeco.pt\/es\/wp-json\/wp\/v2\/product"}],"about":[{"href":"https:\/\/staging.aldeco.pt\/es\/wp-json\/wp\/v2\/types\/product"}],"version-history":[{"count":1,"href":"https:\/\/staging.aldeco.pt\/es\/wp-json\/wp\/v2\/product\/219909\/revisions"}],"predecessor-version":[{"id":219936,"href":"https:\/\/staging.aldeco.pt\/es\/wp-json\/wp\/v2\/product\/219909\/revisions\/219936"}],"wp:featuredmedia":[{"embeddable":true,"href":"https:\/\/staging.aldeco.pt\/es\/wp-json\/wp\/v2\/media\/219451"}],"wp:attachment":[{"href":"https:\/\/staging.aldeco.pt\/es\/wp-json\/wp\/v2\/media?parent=219909"}],"wp:term":[{"taxonomy":"product_brand","embeddable":true,"href":"https:\/\/staging.aldeco.pt\/es\/wp-json\/wp\/v2\/product_brand?post=219909"},{"taxonomy":"product_cat","embeddable":true,"href":"https:\/\/staging.aldeco.pt\/es\/wp-json\/wp\/v2\/product_cat?post=219909"},{"taxonomy":"product_tag","embeddable":true,"href":"https:\/\/staging.aldeco.pt\/es\/wp-json\/wp\/v2\/product_tag?post=219909"}],"curies":[{"name":"wp","href":"https:\/\/api.w.org\/{rel}","templated":true}]}}