{"id":219856,"date":"2025-05-19T14:59:07","date_gmt":"2025-05-19T14:59:07","guid":{"rendered":"https:\/\/aldeco.pt\/staging\/product\/cojin-sandeman-easy-clean-greige-30\/"},"modified":"2026-03-04T12:22:22","modified_gmt":"2026-03-04T12:22:22","slug":"cojin-sandeman-easy-clean-greige-30","status":"publish","type":"product","link":"https:\/\/staging.aldeco.pt\/es\/product\/cojin-sandeman-easy-clean-greige-30\/","title":{"rendered":"COJ\u00cdN SANDEMAN EASY CLEAN Greige 30"},"content":{"rendered":"<p>Aporta un toque l\u00fadico de lujo a tu sof\u00e1 o cama con el coj\u00edn decorativo en forma de bola. Confeccionado en tejido de chenilla, presenta un aspecto intemporal y una textura suave y ligeramente aterciopelada.  Este coj\u00edn con cremallera oculta muy de moda est\u00e1 disponible en diferentes combinaciones de colores, con o sin relleno.<\/p>\n","protected":false},"excerpt":{"rendered":"<p>Aporta un toque l\u00fadico de lujo a tu sof\u00e1 o cama con el coj\u00edn decorativo en forma de bola. Confeccionado en tejido de chenilla, presenta un aspecto intemporal y una textura suave y ligeramente aterciopelada.  Este coj\u00edn con cremallera oculta muy de moda est\u00e1 disponible en diferentes combinaciones de colores, con o sin relleno.<\/p>\n<h1>Coj\u00edn Sandeman Easy Clean, aporta un toque l\u00fadico de lujo a tu sof\u00e1 o cama con el coj\u00edn decorativo en forma de bola.<\/h1>\n<p><img fetchpriority=\"high\" decoding=\"async\" class=\"alignnone wp-image-219455 size-medium\" src=\"https:\/\/aldeco.pt\/staging\/wp-content\/uploads\/2025\/05\/CUSHION-SANDEMAN-EASY-CLEAN-Greige-30-300x241.jpg\" alt=\"COJ\u00cdN SANDEMAN EASY CLEAN Greige - Aldeco\" width=\"300\" height=\"241\"><\/p>\n<p><a href=\"https:\/\/aldeco.pt\/staging\/product\/cushion-sandeman-easy-clean-greige-30\/?attribute_pa_colour=greige&amp;attribute_pa_aldeco-color=03-greige\">https:\/\/aldeco.pt\/staging\/product\/cushion-sandeman-easy-clean-greige-30\/?attribute_pa_colour=greige&amp;attribute_pa_aldeco-color=03-greige<\/a><\/p>\n<p><a href=\"https:\/\/www.instagram.com\/aldeco_interiorfabrics\/\">https:\/\/www.instagram.com\/aldeco_interiorfabrics\/<\/a><\/p>\n","protected":false},"featured_media":219457,"template":"","meta":[],"product_brand":[],"product_cat":[6146],"product_tag":[],"class_list":{"0":"post-219856","1":"product","2":"type-product","3":"status-publish","4":"has-post-thumbnail","6":"product_cat-aldeco-2-es","7":"pa_composition-ext-75-pl-25-rpl-es","8":"pa_line-cojines","9":"pa_opportunities-descontinuado-es","10":"pa_range-chenilla","13":"first","14":"instock","15":"purchasable","16":"product-type-variable"},"acf":[],"_links":{"self":[{"href":"https:\/\/staging.aldeco.pt\/es\/wp-json\/wp\/v2\/product\/219856","targetHints":{"allow":["GET"]}}],"collection":[{"href":"https:\/\/staging.aldeco.pt\/es\/wp-json\/wp\/v2\/product"}],"about":[{"href":"https:\/\/staging.aldeco.pt\/es\/wp-json\/wp\/v2\/types\/product"}],"version-history":[{"count":1,"href":"https:\/\/staging.aldeco.pt\/es\/wp-json\/wp\/v2\/product\/219856\/revisions"}],"predecessor-version":[{"id":219864,"href":"https:\/\/staging.aldeco.pt\/es\/wp-json\/wp\/v2\/product\/219856\/revisions\/219864"}],"wp:featuredmedia":[{"embeddable":true,"href":"https:\/\/staging.aldeco.pt\/es\/wp-json\/wp\/v2\/media\/219457"}],"wp:attachment":[{"href":"https:\/\/staging.aldeco.pt\/es\/wp-json\/wp\/v2\/media?parent=219856"}],"wp:term":[{"taxonomy":"product_brand","embeddable":true,"href":"https:\/\/staging.aldeco.pt\/es\/wp-json\/wp\/v2\/product_brand?post=219856"},{"taxonomy":"product_cat","embeddable":true,"href":"https:\/\/staging.aldeco.pt\/es\/wp-json\/wp\/v2\/product_cat?post=219856"},{"taxonomy":"product_tag","embeddable":true,"href":"https:\/\/staging.aldeco.pt\/es\/wp-json\/wp\/v2\/product_tag?post=219856"}],"curies":[{"name":"wp","href":"https:\/\/api.w.org\/{rel}","templated":true}]}}