{"id":219842,"date":"2025-05-19T14:58:48","date_gmt":"2025-05-19T14:58:48","guid":{"rendered":"https:\/\/aldeco.pt\/staging\/product\/cojin-memory-aquarelle-50x50-p\/"},"modified":"2026-03-04T12:24:32","modified_gmt":"2026-03-04T12:24:32","slug":"cojin-memory-aquarelle-50x50-p","status":"publish","type":"product","link":"https:\/\/staging.aldeco.pt\/es\/product\/cojin-memory-aquarelle-50x50-p\/","title":{"rendered":"COJ\u00cdN MEMORY Aquarelle 50X50 P"},"content":{"rendered":"<p>Coj\u00edn decorativo cuadrado con vivo. MEMORY es un tejido elegante, similar al sat\u00e9n de lana, su mezcla de algod\u00f3n y poli\u00e9ster le confiere un aspecto muy natural y una suavidad delicada. Este coj\u00edn tiene una cremallera oculta y est\u00e1 disponible en diferentes combinaciones de colores, con o sin relleno.<\/p>\n","protected":false},"excerpt":{"rendered":"<p>Coj\u00edn decorativo cuadrado con vivo. MEMORY es un tejido elegante, similar al sat\u00e9n de lana, su mezcla de algod\u00f3n y poli\u00e9ster le confiere un aspecto muy natural y una suavidad delicada. Este coj\u00edn tiene una cremallera oculta y est\u00e1 disponible en diferentes combinaciones de colores, con o sin relleno.<\/p>\n<h1>Coj\u00edn Memory est\u00e1 confeccionado con un tejido elegante, similar al sat\u00e9n de lana, su mezcla de algod\u00f3n y poli\u00e9ster le confiere un aspecto muy natural y una suavidad delicada.<\/h1>\n<p><img fetchpriority=\"high\" decoding=\"async\" class=\"alignnone wp-image-219437 size-medium\" src=\"https:\/\/aldeco.pt\/staging\/wp-content\/uploads\/2025\/05\/CUSHION-MEMORY-Aquarelle-50X50-P-300x241.jpg\" alt=\"COJ\u00cdN MEMORY Aquarelle - Aldeco\" width=\"300\" height=\"241\"><\/p>\n<p><a href=\"https:\/\/aldeco.pt\/staging\/product\/cushion-memory-aquarelle-50x50-p\/?attribute_pa_colour=aqua&amp;attribute_pa_aldeco-color=04-aquarelle\">https:\/\/aldeco.pt\/staging\/product\/cushion-memory-aquarelle-50&#215;50-p\/?attribute_pa_colour=aqua&amp;attribute_pa_aldeco-color=04-aquarelle<\/a><\/p>\n<p><a href=\"https:\/\/www.instagram.com\/aldeco_interiorfabrics\/\">https:\/\/www.instagram.com\/aldeco_interiorfabrics\/<\/a><\/p>\n","protected":false},"featured_media":219439,"template":"","meta":[],"product_brand":[],"product_cat":[6146],"product_tag":[],"class_list":{"0":"post-219842","1":"product","2":"type-product","3":"status-publish","4":"has-post-thumbnail","6":"product_cat-aldeco-2-es","7":"pa_composition-ext-69-co-31-pl-es","8":"pa_line-cojines","9":"pa_opportunities-descontinuado-es","10":"pa_range-satin-es","13":"first","14":"instock","15":"purchasable","16":"product-type-variable"},"acf":[],"_links":{"self":[{"href":"https:\/\/staging.aldeco.pt\/es\/wp-json\/wp\/v2\/product\/219842","targetHints":{"allow":["GET"]}}],"collection":[{"href":"https:\/\/staging.aldeco.pt\/es\/wp-json\/wp\/v2\/product"}],"about":[{"href":"https:\/\/staging.aldeco.pt\/es\/wp-json\/wp\/v2\/types\/product"}],"version-history":[{"count":1,"href":"https:\/\/staging.aldeco.pt\/es\/wp-json\/wp\/v2\/product\/219842\/revisions"}],"predecessor-version":[{"id":219867,"href":"https:\/\/staging.aldeco.pt\/es\/wp-json\/wp\/v2\/product\/219842\/revisions\/219867"}],"wp:featuredmedia":[{"embeddable":true,"href":"https:\/\/staging.aldeco.pt\/es\/wp-json\/wp\/v2\/media\/219439"}],"wp:attachment":[{"href":"https:\/\/staging.aldeco.pt\/es\/wp-json\/wp\/v2\/media?parent=219842"}],"wp:term":[{"taxonomy":"product_brand","embeddable":true,"href":"https:\/\/staging.aldeco.pt\/es\/wp-json\/wp\/v2\/product_brand?post=219842"},{"taxonomy":"product_cat","embeddable":true,"href":"https:\/\/staging.aldeco.pt\/es\/wp-json\/wp\/v2\/product_cat?post=219842"},{"taxonomy":"product_tag","embeddable":true,"href":"https:\/\/staging.aldeco.pt\/es\/wp-json\/wp\/v2\/product_tag?post=219842"}],"curies":[{"name":"wp","href":"https:\/\/api.w.org\/{rel}","templated":true}]}}