{"id":219825,"date":"2025-05-19T14:58:27","date_gmt":"2025-05-19T14:58:27","guid":{"rendered":"https:\/\/aldeco.pt\/staging\/product\/cojin-lodge-oyster-gray-60x30-p\/"},"modified":"2026-03-04T12:26:41","modified_gmt":"2026-03-04T12:26:41","slug":"cojin-lodge-oyster-gray-60x30-p","status":"publish","type":"product","link":"https:\/\/staging.aldeco.pt\/es\/product\/cojin-lodge-oyster-gray-60x30-p\/","title":{"rendered":"COJ\u00cdN LODGE Oyster Gray 60X30 P"},"content":{"rendered":"<p>Coj\u00edn decorativo rectangular con vivo. Lodge est\u00e1 confeccionado con un tejido jacquard que presenta un peque\u00f1o dise\u00f1o geom\u00e9trico que evoca los atemporales patrones Pied de Poule. Este coj\u00edn tiene una cremallera oculta y est\u00e1 disponible en diferentes combinaciones de colores, con o sin relleno.<\/p>\n","protected":false},"excerpt":{"rendered":"<p>Coj\u00edn decorativo rectangular con vivo. Lodge est\u00e1 confeccionado con un tejido jacquard que presenta un peque\u00f1o dise\u00f1o geom\u00e9trico que evoca los atemporales patrones Pied de Poule. Este coj\u00edn tiene una cremallera oculta y est\u00e1 disponible en diferentes combinaciones de colores, con o sin relleno.<\/p>\n<h1>Coj\u00edn Lodge est\u00e1 confeccionado con un tejido jacquard que presenta un peque\u00f1o dise\u00f1o geom\u00e9trico que evoca los atemporales patrones Pied de Poule.<\/h1>\n<p><img fetchpriority=\"high\" decoding=\"async\" class=\"alignnone wp-image-219428 size-medium\" src=\"https:\/\/aldeco.pt\/staging\/wp-content\/uploads\/2025\/05\/CUSHION-LODGE-Oyster-Gray-60X30-P-300x241.jpg\" alt=\"COJ\u00cdN LODGE Oyster Gray - Aldeco\" width=\"300\" height=\"241\"><\/p>\n<p><a href=\"https:\/\/aldeco.pt\/staging\/product\/cushion-lodge-oyster-gray-60x30-p\/?attribute_pa_colour=gray&amp;attribute_pa_aldeco-color=02-oyster-gray\">https:\/\/aldeco.pt\/staging\/product\/cushion-lodge-oyster-gray-60&#215;30-p\/?attribute_pa_colour=gray&amp;attribute_pa_aldeco-color=02-oyster-gray<\/a><\/p>\n<p><a href=\"https:\/\/www.instagram.com\/aldeco_interiorfabrics\/\">https:\/\/www.instagram.com\/aldeco_interiorfabrics\/<\/a><\/p>\n","protected":false},"featured_media":219430,"template":"","meta":[],"product_brand":[],"product_cat":[6146],"product_tag":[],"class_list":{"0":"post-219825","1":"product","2":"type-product","3":"status-publish","4":"has-post-thumbnail","6":"product_cat-aldeco-2-es","7":"pa_composition-ext-10-li-25-rpl-9-pl-56-bci-co-es","8":"pa_line-cojines","9":"pa_opportunities-descontinuado-es","10":"pa_range-jacquard-es","11":"pa_range-satin-es","14":"first","15":"instock","16":"purchasable","17":"product-type-variable"},"acf":[],"_links":{"self":[{"href":"https:\/\/staging.aldeco.pt\/es\/wp-json\/wp\/v2\/product\/219825","targetHints":{"allow":["GET"]}}],"collection":[{"href":"https:\/\/staging.aldeco.pt\/es\/wp-json\/wp\/v2\/product"}],"about":[{"href":"https:\/\/staging.aldeco.pt\/es\/wp-json\/wp\/v2\/types\/product"}],"version-history":[{"count":1,"href":"https:\/\/staging.aldeco.pt\/es\/wp-json\/wp\/v2\/product\/219825\/revisions"}],"predecessor-version":[{"id":219870,"href":"https:\/\/staging.aldeco.pt\/es\/wp-json\/wp\/v2\/product\/219825\/revisions\/219870"}],"wp:featuredmedia":[{"embeddable":true,"href":"https:\/\/staging.aldeco.pt\/es\/wp-json\/wp\/v2\/media\/219430"}],"wp:attachment":[{"href":"https:\/\/staging.aldeco.pt\/es\/wp-json\/wp\/v2\/media?parent=219825"}],"wp:term":[{"taxonomy":"product_brand","embeddable":true,"href":"https:\/\/staging.aldeco.pt\/es\/wp-json\/wp\/v2\/product_brand?post=219825"},{"taxonomy":"product_cat","embeddable":true,"href":"https:\/\/staging.aldeco.pt\/es\/wp-json\/wp\/v2\/product_cat?post=219825"},{"taxonomy":"product_tag","embeddable":true,"href":"https:\/\/staging.aldeco.pt\/es\/wp-json\/wp\/v2\/product_tag?post=219825"}],"curies":[{"name":"wp","href":"https:\/\/api.w.org\/{rel}","templated":true}]}}