{"id":219774,"date":"2025-05-19T14:57:45","date_gmt":"2025-05-19T14:57:45","guid":{"rendered":"https:\/\/aldeco.pt\/staging\/product\/cojin-douro-valley-spring-fest-60x30-p\/"},"modified":"2026-01-13T09:59:04","modified_gmt":"2026-01-13T09:59:04","slug":"cojin-douro-valley-spring-fest-60x30-p","status":"publish","type":"product","link":"https:\/\/staging.aldeco.pt\/es\/product\/cojin-douro-valley-spring-fest-60x30-p\/","title":{"rendered":"COJ\u00cdN DOURO VALLEY Spring Fest 60X30 P"},"content":{"rendered":"<p>Coj\u00edn decorativo rectangular con vivo no tejido Sandeman Easy Clean. Douro Valley es un tejido bordado con una base de aspecto lino, decorado con elementos bot\u00e1nicos. Este coj\u00edn tiene una cremallera oculta y est\u00e1 disponible en diferentes combinaciones de colores, con o sin relleno.<\/p>\n","protected":false},"excerpt":{"rendered":"<p>Coj\u00edn decorativo rectangular con vivo no tejido Sandeman Easy Clean. Douro Valley es un tejido bordado con una base de aspecto lino, decorado con elementos bot\u00e1nicos. Este coj\u00edn tiene una cremallera oculta y est\u00e1 disponible en diferentes combinaciones de colores, con o sin relleno.<\/p>\n<h1>Coj\u00edn Douro Valley es un tejido bordado con una base de aspecto lino, decorado con elementos bot\u00e1nicos.<\/h1>\n<p><img fetchpriority=\"high\" decoding=\"async\" class=\"alignnone wp-image-219398 size-medium\" src=\"https:\/\/aldeco.pt\/staging\/wp-content\/uploads\/2025\/05\/CUSHION-DOURO-VALLEY-Spring-Fest-60X30-P-300x241.jpg\" alt=\"COJ\u00cdN DOURO VALLEY Spring Fest - Aldeco\" width=\"300\" height=\"241\"><\/p>\n<p><a href=\"https:\/\/aldeco.pt\/staging\/product\/cushion-douro-valley-spring-fest-60x30-p\/?attribute_pa_colour=multicolour&amp;attribute_pa_aldeco-color=03-spring-fest\">https:\/\/aldeco.pt\/staging\/product\/cushion-douro-valley-spring-fest-60&#215;30-p\/?attribute_pa_colour=multicolour&amp;attribute_pa_aldeco-color=03-spring-fest<\/a><\/p>\n<p><a href=\"https:\/\/www.instagram.com\/aldeco_interiorfabrics\/\">https:\/\/www.instagram.com\/aldeco_interiorfabrics\/<\/a><\/p>\n","protected":false},"featured_media":219403,"template":"","meta":[],"product_brand":[],"product_cat":[6146],"product_tag":[],"class_list":{"0":"post-219774","1":"product","2":"type-product","3":"status-publish","4":"has-post-thumbnail","6":"product_cat-aldeco-2-es","7":"pa_composition-ext-50-co-35-vi-15-li-es","8":"pa_line-cojines","9":"pa_opportunities-descontinuado-es","10":"pa_range-bordado-es","13":"first","14":"instock","15":"purchasable","16":"product-type-variable"},"acf":[],"_links":{"self":[{"href":"https:\/\/staging.aldeco.pt\/es\/wp-json\/wp\/v2\/product\/219774","targetHints":{"allow":["GET"]}}],"collection":[{"href":"https:\/\/staging.aldeco.pt\/es\/wp-json\/wp\/v2\/product"}],"about":[{"href":"https:\/\/staging.aldeco.pt\/es\/wp-json\/wp\/v2\/types\/product"}],"version-history":[{"count":1,"href":"https:\/\/staging.aldeco.pt\/es\/wp-json\/wp\/v2\/product\/219774\/revisions"}],"predecessor-version":[{"id":219815,"href":"https:\/\/staging.aldeco.pt\/es\/wp-json\/wp\/v2\/product\/219774\/revisions\/219815"}],"wp:featuredmedia":[{"embeddable":true,"href":"https:\/\/staging.aldeco.pt\/es\/wp-json\/wp\/v2\/media\/219403"}],"wp:attachment":[{"href":"https:\/\/staging.aldeco.pt\/es\/wp-json\/wp\/v2\/media?parent=219774"}],"wp:term":[{"taxonomy":"product_brand","embeddable":true,"href":"https:\/\/staging.aldeco.pt\/es\/wp-json\/wp\/v2\/product_brand?post=219774"},{"taxonomy":"product_cat","embeddable":true,"href":"https:\/\/staging.aldeco.pt\/es\/wp-json\/wp\/v2\/product_cat?post=219774"},{"taxonomy":"product_tag","embeddable":true,"href":"https:\/\/staging.aldeco.pt\/es\/wp-json\/wp\/v2\/product_tag?post=219774"}],"curies":[{"name":"wp","href":"https:\/\/api.w.org\/{rel}","templated":true}]}}