{"id":219680,"date":"2025-05-19T14:56:28","date_gmt":"2025-05-19T14:56:28","guid":{"rendered":"https:\/\/aldeco.pt\/staging\/product\/cojin-calem-velvet-moss-green-60x30-p\/"},"modified":"2026-01-13T10:06:32","modified_gmt":"2026-01-13T10:06:32","slug":"cojin-calem-velvet-moss-green-60x30-p","status":"publish","type":"product","link":"https:\/\/staging.aldeco.pt\/es\/product\/cojin-calem-velvet-moss-green-60x30-p\/","title":{"rendered":"COJ\u00cdN CALEM VELVET Moss Green 60X30 P"},"content":{"rendered":"<p>Coj\u00edn decorativo rectangular con vivo Campo Water Repellent. Calem es un elegante terciopelo jacquard que combina, en la t\u00e9cnica del pelo cortado, el refinamiento del pelo del terciopelo con hilos boucl\u00e9 distribuidos de forma abstracta en la base. Este coj\u00edn tiene una cremallera oculta y est\u00e1 disponible en diferentes combinaciones de colores, con o sin relleno.<\/p>\n","protected":false},"excerpt":{"rendered":"<p>Coj\u00edn decorativo rectangular con vivo Campo Water Repellent. Calem es un elegante terciopelo jacquard que combina, en la t\u00e9cnica del pelo cortado, el refinamiento del pelo del terciopelo con hilos boucl\u00e9 distribuidos de forma abstracta en la base. Este coj\u00edn tiene una cremallera oculta y est\u00e1 disponible en diferentes combinaciones de colores, con o sin relleno.<\/p>\n","protected":false},"featured_media":0,"template":"","meta":[],"product_brand":[],"product_cat":[6146],"product_tag":[],"class_list":{"0":"post-219680","1":"product","2":"type-product","3":"status-publish","5":"product_cat-aldeco-2-es","6":"pa_composition-ext-54-pl-46-vi-es","7":"pa_line-cojines","8":"pa_opportunities-descontinuado-es","9":"pa_range-jacquard-es","10":"pa_range-terciopelo","12":"first","13":"instock","14":"purchasable","15":"product-type-variable"},"acf":[],"_links":{"self":[{"href":"https:\/\/staging.aldeco.pt\/es\/wp-json\/wp\/v2\/product\/219680","targetHints":{"allow":["GET"]}}],"collection":[{"href":"https:\/\/staging.aldeco.pt\/es\/wp-json\/wp\/v2\/product"}],"about":[{"href":"https:\/\/staging.aldeco.pt\/es\/wp-json\/wp\/v2\/types\/product"}],"version-history":[{"count":1,"href":"https:\/\/staging.aldeco.pt\/es\/wp-json\/wp\/v2\/product\/219680\/revisions"}],"predecessor-version":[{"id":219718,"href":"https:\/\/staging.aldeco.pt\/es\/wp-json\/wp\/v2\/product\/219680\/revisions\/219718"}],"wp:attachment":[{"href":"https:\/\/staging.aldeco.pt\/es\/wp-json\/wp\/v2\/media?parent=219680"}],"wp:term":[{"taxonomy":"product_brand","embeddable":true,"href":"https:\/\/staging.aldeco.pt\/es\/wp-json\/wp\/v2\/product_brand?post=219680"},{"taxonomy":"product_cat","embeddable":true,"href":"https:\/\/staging.aldeco.pt\/es\/wp-json\/wp\/v2\/product_cat?post=219680"},{"taxonomy":"product_tag","embeddable":true,"href":"https:\/\/staging.aldeco.pt\/es\/wp-json\/wp\/v2\/product_tag?post=219680"}],"curies":[{"name":"wp","href":"https:\/\/api.w.org\/{rel}","templated":true}]}}