{"id":219649,"date":"2025-05-19T14:55:53","date_gmt":"2025-05-19T14:55:53","guid":{"rendered":"https:\/\/aldeco.pt\/staging\/product\/cojin-calem-velvet-white-linen-60x30-p\/"},"modified":"2026-01-13T10:09:27","modified_gmt":"2026-01-13T10:09:27","slug":"cojin-calem-velvet-white-linen-60x30-p","status":"publish","type":"product","link":"https:\/\/staging.aldeco.pt\/es\/product\/cojin-calem-velvet-white-linen-60x30-p\/","title":{"rendered":"COJ\u00cdN CALEM VELVET White Linen 60X30 P"},"content":{"rendered":"<p>Coj\u00edn decorativo rectangular con vivo no tejido Sandeman Easy Clean. Calem es un elegante terciopelo jacquard que combina, en la t\u00e9cnica del pelo cortado, el refinamiento del pelo del terciopelo con hilos boucl\u00e9 distribuidos de forma abstracta en la base. Este coj\u00edn tiene una cremallera oculta y est\u00e1 disponible en diferentes combinaciones de colores, con o sin relleno.<\/p>\n","protected":false},"excerpt":{"rendered":"<p>Coj\u00edn decorativo rectangular con vivoRectangular decorative cushion with Sandeman Easy Clean. Calem es un elegante terciopelo jacquard que combina, en la t\u00e9cnica del pelo cortado, el refinamiento del pelo del terciopelo con hilos boucl\u00e9 distribuidos de forma abstracta en la base. Este coj\u00edn tiene una cremallera oculta y est\u00e1 disponible en diferentes combinaciones de colores, con o sin relleno.<\/p>\n<h2>Coj\u00edn Calem Velvet es un elegante terciopelo jacquard que combina, en la t\u00e9cnica del pelo cortado, el refinamiento del pelo del terciopelo con hilos boucl\u00e9 distribuidos de forma abstracta en la base.<\/h2>\n<p><img fetchpriority=\"high\" decoding=\"async\" class=\"alignnone wp-image-219377 size-medium\" src=\"https:\/\/aldeco.pt\/staging\/wp-content\/uploads\/2025\/05\/CUSHION-CALEM-VELVET-White-Linen-60X30-P-300x241.jpg\" alt=\"COJ\u00cdN CALEM VELVET White Linen . Aldeco\" width=\"300\" height=\"241\"><\/p>\n<p><a href=\"https:\/\/www.instagram.com\/aldeco_interiorfabrics\/\">https:\/\/www.instagram.com\/aldeco_interiorfabrics\/<\/a><\/p>\n<p><a href=\"https:\/\/aldeco.pt\/staging\/product\/cushion-calem-velvet-white-linen-60x30-p\/?attribute_pa_colour=white&amp;attribute_pa_aldeco-color=01-white-linen\">https:\/\/aldeco.pt\/staging\/product\/cushion-calem-velvet-white-linen-60&#215;30-p\/?attribute_pa_colour=white&amp;attribute_pa_aldeco-color=01-white-linen<\/a><\/p>\n<p>&nbsp;<\/p>\n","protected":false},"featured_media":219379,"template":"","meta":[],"product_brand":[],"product_cat":[6146],"product_tag":[],"class_list":{"0":"post-219649","1":"product","2":"type-product","3":"status-publish","4":"has-post-thumbnail","6":"product_cat-aldeco-2-es","7":"pa_composition-ext-54-pl-46-vi-es","8":"pa_line-cojines","9":"pa_opportunities-descontinuado-es","10":"pa_range-jacquard-es","11":"pa_range-terciopelo","14":"first","15":"instock","16":"purchasable","17":"product-type-variable"},"acf":[],"_links":{"self":[{"href":"https:\/\/staging.aldeco.pt\/es\/wp-json\/wp\/v2\/product\/219649","targetHints":{"allow":["GET"]}}],"collection":[{"href":"https:\/\/staging.aldeco.pt\/es\/wp-json\/wp\/v2\/product"}],"about":[{"href":"https:\/\/staging.aldeco.pt\/es\/wp-json\/wp\/v2\/types\/product"}],"version-history":[{"count":2,"href":"https:\/\/staging.aldeco.pt\/es\/wp-json\/wp\/v2\/product\/219649\/revisions"}],"predecessor-version":[{"id":219664,"href":"https:\/\/staging.aldeco.pt\/es\/wp-json\/wp\/v2\/product\/219649\/revisions\/219664"}],"wp:featuredmedia":[{"embeddable":true,"href":"https:\/\/staging.aldeco.pt\/es\/wp-json\/wp\/v2\/media\/219379"}],"wp:attachment":[{"href":"https:\/\/staging.aldeco.pt\/es\/wp-json\/wp\/v2\/media?parent=219649"}],"wp:term":[{"taxonomy":"product_brand","embeddable":true,"href":"https:\/\/staging.aldeco.pt\/es\/wp-json\/wp\/v2\/product_brand?post=219649"},{"taxonomy":"product_cat","embeddable":true,"href":"https:\/\/staging.aldeco.pt\/es\/wp-json\/wp\/v2\/product_cat?post=219649"},{"taxonomy":"product_tag","embeddable":true,"href":"https:\/\/staging.aldeco.pt\/es\/wp-json\/wp\/v2\/product_tag?post=219649"}],"curies":[{"name":"wp","href":"https:\/\/api.w.org\/{rel}","templated":true}]}}