{"id":219637,"date":"2025-05-19T14:55:34","date_gmt":"2025-05-19T14:55:34","guid":{"rendered":"https:\/\/aldeco.pt\/staging\/product\/cojin-calem-velvet-moss-green-50x50-p\/"},"modified":"2025-07-24T21:06:37","modified_gmt":"2025-07-24T21:06:37","slug":"cojin-calem-velvet-moss-green-50x50-p","status":"publish","type":"product","link":"https:\/\/staging.aldeco.pt\/es\/product\/cojin-calem-velvet-moss-green-50x50-p\/","title":{"rendered":"COJ\u00cdN CALEM VELVET Moss Green 50X50 P"},"content":{"rendered":"<p>Coj\u00edn decorativo cuadrado con vivo Campo Water Repellent. Calem es un elegante terciopelo jacquard que combina, en la t\u00e9cnica del pelo cortado, el refinamiento del pelo del terciopelo con hilos boucl\u00e9 distribuidos de forma abstracta en la base. Este coj\u00edn tiene una cremallera oculta y est\u00e1 disponible en diferentes combinaciones de colores, con o sin relleno.<\/p>\n","protected":false},"excerpt":{"rendered":"<p>Coj\u00edn decorativo cuadrado con ribete Campo Water Repellent piping. Calem es un elegante terciopelo jacquard que combina, en la t\u00e9cnica del pelo cortado, el refinamiento del pelo del terciopelo con hilos boucl\u00e9 distribuidos de forma abstracta en la base. Este coj\u00edn tiene una cremallera oculta y est\u00e1 disponible en diferentes combinaciones de colores, con o sin relleno.<\/p>\n<h1>Coj\u00edn Calem Velvet es un elegante terciopelo jacquard que combina, en la t\u00e9cnica del pelo cortado, el refinamiento del pelo del terciopelo con hilos boucl\u00e9 distribuidos de forma abstracta en la base.<\/h1>\n<p><img fetchpriority=\"high\" decoding=\"async\" class=\"alignnone wp-image-219368 size-medium\" src=\"https:\/\/aldeco.pt\/staging\/wp-content\/uploads\/2025\/05\/CUSHION-CALEM-VELVET-Moss-Green-50X50-P-300x241.jpg\" alt=\"COJ\u00cdN CALEM VELVET Moss Green - Aldeco\" width=\"300\" height=\"241\"><\/p>\n<p><a href=\"https:\/\/aldeco.pt\/staging\/product\/cushion-calem-velvet-moss-green-50x50-p\/?attribute_pa_colour=green&amp;attribute_pa_aldeco-color=05-moss-green\">https:\/\/aldeco.pt\/staging\/product\/cushion-calem-velvet-moss-green-50&#215;50-p\/?attribute_pa_colour=green&amp;attribute_pa_aldeco-color=05-moss-green<\/a><\/p>\n<p><a href=\"https:\/\/www.instagram.com\/aldeco_interiorfabrics\/\">https:\/\/www.instagram.com\/aldeco_interiorfabrics\/<\/a><\/p>\n<p>&nbsp;<\/p>\n<p>&nbsp;<\/p>\n","protected":false},"featured_media":219370,"template":"","meta":[],"product_brand":[],"product_cat":[6146],"product_tag":[],"class_list":{"0":"post-219637","1":"product","2":"type-product","3":"status-publish","4":"has-post-thumbnail","6":"product_cat-aldeco-2-es","7":"pa_composition-ext-54-pl-46-vi-es","8":"pa_line-cojines","9":"pa_opportunities-descontinuado-es","10":"pa_range-jacquard-es","11":"pa_range-terciopelo","14":"first","15":"instock","16":"purchasable","17":"product-type-variable"},"acf":[],"_links":{"self":[{"href":"https:\/\/staging.aldeco.pt\/es\/wp-json\/wp\/v2\/product\/219637","targetHints":{"allow":["GET"]}}],"collection":[{"href":"https:\/\/staging.aldeco.pt\/es\/wp-json\/wp\/v2\/product"}],"about":[{"href":"https:\/\/staging.aldeco.pt\/es\/wp-json\/wp\/v2\/types\/product"}],"version-history":[{"count":1,"href":"https:\/\/staging.aldeco.pt\/es\/wp-json\/wp\/v2\/product\/219637\/revisions"}],"predecessor-version":[{"id":219667,"href":"https:\/\/staging.aldeco.pt\/es\/wp-json\/wp\/v2\/product\/219637\/revisions\/219667"}],"wp:featuredmedia":[{"embeddable":true,"href":"https:\/\/staging.aldeco.pt\/es\/wp-json\/wp\/v2\/media\/219370"}],"wp:attachment":[{"href":"https:\/\/staging.aldeco.pt\/es\/wp-json\/wp\/v2\/media?parent=219637"}],"wp:term":[{"taxonomy":"product_brand","embeddable":true,"href":"https:\/\/staging.aldeco.pt\/es\/wp-json\/wp\/v2\/product_brand?post=219637"},{"taxonomy":"product_cat","embeddable":true,"href":"https:\/\/staging.aldeco.pt\/es\/wp-json\/wp\/v2\/product_cat?post=219637"},{"taxonomy":"product_tag","embeddable":true,"href":"https:\/\/staging.aldeco.pt\/es\/wp-json\/wp\/v2\/product_tag?post=219637"}],"curies":[{"name":"wp","href":"https:\/\/api.w.org\/{rel}","templated":true}]}}