{"id":219619,"date":"2025-05-19T14:55:14","date_gmt":"2025-05-19T14:55:14","guid":{"rendered":"https:\/\/aldeco.pt\/staging\/product\/cushion-calem-velvet-caffe-latte-50x50-p\/"},"modified":"2025-07-24T21:06:40","modified_gmt":"2025-07-24T21:06:40","slug":"cushion-calem-velvet-caffe-latte-50x50-p","status":"publish","type":"product","link":"https:\/\/staging.aldeco.pt\/es\/product\/cushion-calem-velvet-caffe-latte-50x50-p\/","title":{"rendered":"CUSHION CALEM VELVET Caffe Latte 50X50 P"},"content":{"rendered":"<p>Coj\u00edn decorativo cuadrado con vivo Sandeman Easy Clean Calem es un elegante terciopelo jacquard que combina, en la t\u00e9cnica del pelo cortado, el refinamiento del pelo del terciopelo con hilos boucl\u00e9 distribuidos de forma abstracta en la base. Este coj\u00edn tiene una cremallera oculta y est\u00e1 disponible en diferentes combinaciones de colores, con o sin relleno.<\/p>\n","protected":false},"excerpt":{"rendered":"<p>Coj\u00edn decorativo cuadrado con vivo Sandeman Easy Clean Calem es un elegante terciopelo jacquard que combina, en la t\u00e9cnica del pelo cortado, el refinamiento del pelo del terciopelo con hilos boucl\u00e9 distribuidos de forma abstracta en la base. Este coj\u00edn tiene una cremallera oculta y est\u00e1 disponible en diferentes combinaciones de colores, con o sin relleno.<\/p>\n<h1>Coj\u00edn Calem Velvet es un elegante terciopelo jacquard que combina, en la t\u00e9cnica del pelo cortado, el refinamiento del pelo del terciopelo con hilos boucl\u00e9 distribuidos de forma abstracta en la base.<\/h1>\n<p><img fetchpriority=\"high\" decoding=\"async\" class=\"alignnone wp-image-219356 size-medium\" src=\"https:\/\/aldeco.pt\/staging\/wp-content\/uploads\/2025\/05\/CUSHION-CALEM-VELVET-Gold-50X50-P-300x241.jpg\" alt=\"COJ\u00cdN CALEM VELVET Caffe Latte - Aldeco\" width=\"300\" height=\"241\"><\/p>\n<p><a href=\"https:\/\/aldeco.pt\/staging\/product\/cushion-calem-velvet-caffe-latte-50x50-p\/?attribute_pa_colour=beige&amp;attribute_pa_aldeco-color=02-caffe-latte\">https:\/\/aldeco.pt\/staging\/product\/cushion-calem-velvet-caffe-latte-50&#215;50-p\/?attribute_pa_colour=beige&amp;attribute_pa_aldeco-color=02-caffe-latte<\/a><\/p>\n<p><a href=\"https:\/\/www.instagram.com\/aldeco_interiorfabrics\/\">https:\/\/www.instagram.com\/aldeco_interiorfabrics\/<\/a><\/p>\n","protected":false},"featured_media":219352,"template":"","meta":[],"product_brand":[],"product_cat":[6146],"product_tag":[],"class_list":{"0":"post-219619","1":"product","2":"type-product","3":"status-publish","4":"has-post-thumbnail","6":"product_cat-aldeco-2-es","7":"pa_composition-ext-54-pl-46-vi-es","8":"pa_line-cojines","9":"pa_opportunities-descontinuado-es","10":"pa_range-jacquard-es","11":"pa_range-terciopelo","14":"first","15":"instock","16":"purchasable","17":"product-type-variable"},"acf":[],"_links":{"self":[{"href":"https:\/\/staging.aldeco.pt\/es\/wp-json\/wp\/v2\/product\/219619","targetHints":{"allow":["GET"]}}],"collection":[{"href":"https:\/\/staging.aldeco.pt\/es\/wp-json\/wp\/v2\/product"}],"about":[{"href":"https:\/\/staging.aldeco.pt\/es\/wp-json\/wp\/v2\/types\/product"}],"version-history":[{"count":1,"href":"https:\/\/staging.aldeco.pt\/es\/wp-json\/wp\/v2\/product\/219619\/revisions"}],"predecessor-version":[{"id":219670,"href":"https:\/\/staging.aldeco.pt\/es\/wp-json\/wp\/v2\/product\/219619\/revisions\/219670"}],"wp:featuredmedia":[{"embeddable":true,"href":"https:\/\/staging.aldeco.pt\/es\/wp-json\/wp\/v2\/media\/219352"}],"wp:attachment":[{"href":"https:\/\/staging.aldeco.pt\/es\/wp-json\/wp\/v2\/media?parent=219619"}],"wp:term":[{"taxonomy":"product_brand","embeddable":true,"href":"https:\/\/staging.aldeco.pt\/es\/wp-json\/wp\/v2\/product_brand?post=219619"},{"taxonomy":"product_cat","embeddable":true,"href":"https:\/\/staging.aldeco.pt\/es\/wp-json\/wp\/v2\/product_cat?post=219619"},{"taxonomy":"product_tag","embeddable":true,"href":"https:\/\/staging.aldeco.pt\/es\/wp-json\/wp\/v2\/product_tag?post=219619"}],"curies":[{"name":"wp","href":"https:\/\/api.w.org\/{rel}","templated":true}]}}