{"id":218137,"date":"2025-01-15T23:55:37","date_gmt":"2025-01-15T23:55:37","guid":{"rendered":"https:\/\/aldeco.pt\/staging\/product\/vinha\/"},"modified":"2025-05-18T18:15:52","modified_gmt":"2025-05-18T18:15:52","slug":"vinha","status":"publish","type":"product","link":"https:\/\/staging.aldeco.pt\/es\/product\/vinha\/","title":{"rendered":"VINHA"},"content":{"rendered":"<p>VINHA es un tejido de tapicer\u00eda jacquard con base satinada. Su dise\u00f1o abstracto evoca las uvas de los vi\u00f1edos y est\u00e1n distribuidas de forma aparentemente irregular.  La sofisticada base de raso contrasta con los hilos boucl\u00e9 del elemento geom\u00e9trico. Est\u00e1 disponible en 3 colores. <\/p>\n","protected":false},"excerpt":{"rendered":"<p>VINHA es un tejido de tapicer\u00eda jacquard con base satinada. Su dise\u00f1o abstracto evoca las uvas de los vi\u00f1edos y est\u00e1n distribuidas de forma aparentemente irregular.  La sofisticada base de raso contrasta con los hilos boucl\u00e9 del elemento geom\u00e9trico. Est\u00e1 disponible en 3 colores. <\/p>\n<h2>VINHA es un tejido de tapicer\u00eda jacquard con base satinada. Su dise\u00f1o abstracto evoca las uvas de los vi\u00f1edos y est\u00e1n distribuidas de forma aparentemente irregular. <\/h2>\n<p><img fetchpriority=\"high\" decoding=\"async\" class=\"alignnone wp-image-217481 size-medium\" src=\"https:\/\/aldeco.pt\/staging\/wp-content\/uploads\/2025\/01\/T193240001-1-300x200.jpg\" alt=\"Vinha - Aldeco\" width=\"300\" height=\"200\"><\/p>\n<p><a href=\"https:\/\/aldeco.pt\/staging\/pt-pt\/product\/vinha\/?attribute_pa_aldeco-color=01-bronze\">https:\/\/aldeco.pt\/staging\/pt-pt\/product\/vinha\/?attribute_pa_aldeco-color=01-bronze<\/a><\/p>\n<p><a href=\"https:\/\/www.instagram.com\/aldeco_interiorfabrics\/\">https:\/\/www.instagram.com\/aldeco_interiorfabrics\/<\/a><\/p>\n","protected":false},"featured_media":217161,"template":"","meta":[],"product_brand":[],"product_cat":[6146],"product_tag":[],"class_list":{"0":"post-218137","1":"product","2":"type-product","3":"status-publish","4":"has-post-thumbnail","6":"product_cat-aldeco-2-es","7":"pa_cleanability-8283","8":"pa_composition-ext-15-rpl-46-pl-11-bci-co-28-li-es","9":"pa_interior-fabrics-1-es","10":"pa_line-telas","11":"pa_lithfastness-4-es","12":"pa_opportunities-descontinuado-es","13":"pa_range-jacquard-es","14":"pa_rapport-horizontal-32-6-es","15":"pa_rapport-vertical-24-es","16":"pa_sustainable-fabrics-1-es","19":"first","20":"instock","21":"purchasable","22":"product-type-variable"},"acf":[],"_links":{"self":[{"href":"https:\/\/staging.aldeco.pt\/es\/wp-json\/wp\/v2\/product\/218137","targetHints":{"allow":["GET"]}}],"collection":[{"href":"https:\/\/staging.aldeco.pt\/es\/wp-json\/wp\/v2\/product"}],"about":[{"href":"https:\/\/staging.aldeco.pt\/es\/wp-json\/wp\/v2\/types\/product"}],"version-history":[{"count":1,"href":"https:\/\/staging.aldeco.pt\/es\/wp-json\/wp\/v2\/product\/218137\/revisions"}],"predecessor-version":[{"id":218162,"href":"https:\/\/staging.aldeco.pt\/es\/wp-json\/wp\/v2\/product\/218137\/revisions\/218162"}],"wp:featuredmedia":[{"embeddable":true,"href":"https:\/\/staging.aldeco.pt\/es\/wp-json\/wp\/v2\/media\/217161"}],"wp:attachment":[{"href":"https:\/\/staging.aldeco.pt\/es\/wp-json\/wp\/v2\/media?parent=218137"}],"wp:term":[{"taxonomy":"product_brand","embeddable":true,"href":"https:\/\/staging.aldeco.pt\/es\/wp-json\/wp\/v2\/product_brand?post=218137"},{"taxonomy":"product_cat","embeddable":true,"href":"https:\/\/staging.aldeco.pt\/es\/wp-json\/wp\/v2\/product_cat?post=218137"},{"taxonomy":"product_tag","embeddable":true,"href":"https:\/\/staging.aldeco.pt\/es\/wp-json\/wp\/v2\/product_tag?post=218137"}],"curies":[{"name":"wp","href":"https:\/\/api.w.org\/{rel}","templated":true}]}}