{"id":218133,"date":"2025-01-15T23:55:23","date_gmt":"2025-01-15T23:55:23","guid":{"rendered":"https:\/\/aldeco.pt\/staging\/product\/vallado\/"},"modified":"2025-05-18T18:15:53","modified_gmt":"2025-05-18T18:15:53","slug":"vallado","status":"publish","type":"product","link":"https:\/\/staging.aldeco.pt\/es\/product\/vallado\/","title":{"rendered":"VALLADO"},"content":{"rendered":"<p>Vallado es un raso de algod\u00f3n bordado con puntadas ricas y variadas. Nombrado en honor a uno de los vi\u00f1edos m\u00e1s legendarios, perteneciente a la familia de Do\u00f1a Ant\u00f3nia Adelaide Ferreira, de la regi\u00f3n demarcada del Douro, Vallado honra la tradici\u00f3n vin\u00edcola del Douro y los vi\u00f1edos en terrazas que definen este paisaje caracter\u00edstico. Inspirado por el ritmo ondulante del r\u00edo Douro y sus afluentes, que dan forma a los vi\u00f1edos que se extienden por las laderas, Vallado nos lleva a una regi\u00f3n rica en color, sabores y tradici\u00f3n. Este dise\u00f1o geom\u00e9trico y din\u00e1mico est\u00e1 disponible en dos colores que representan las principales etapas de las vides, con los tonos frescos de la primavera en una variante y los tonos m\u00e1s c\u00e1lidos y oto\u00f1ales en la segunda.  <\/p>\n","protected":false},"excerpt":{"rendered":"<p>Vallado es un raso de algod\u00f3n bordado con puntadas ricas y variadas. Nombrado en honor a uno de los vi\u00f1edos m\u00e1s legendarios, perteneciente a la familia de Do\u00f1a Ant\u00f3nia Adelaide Ferreira, de la regi\u00f3n demarcada del Douro, Vallado honra la tradici\u00f3n vin\u00edcola del Douro y los vi\u00f1edos en terrazas que definen este paisaje caracter\u00edstico. Inspirado por el ritmo ondulante del r\u00edo Douro y sus afluentes, que dan forma a los vi\u00f1edos que se extienden por las laderas, Vallado nos lleva a una regi\u00f3n rica en color, sabores y tradici\u00f3n. Este dise\u00f1o geom\u00e9trico y din\u00e1mico est\u00e1 disponible en dos colores que representan las principales etapas de las vides, con los tonos frescos de la primavera en una variante y los tonos m\u00e1s c\u00e1lidos y oto\u00f1ales en la segunda.  <\/p>\n<h2>Vallado es un raso de algod\u00f3n bordado con puntadas ricas y variadas.<\/h2>\n<p><img fetchpriority=\"high\" decoding=\"async\" class=\"alignnone wp-image-217472 size-medium\" src=\"https:\/\/aldeco.pt\/staging\/wp-content\/uploads\/2025\/01\/T193140001-1-300x200.jpg\" alt=\"Vallado - Aldeco\" width=\"300\" height=\"200\"><\/p>\n<p><a href=\"https:\/\/aldeco.pt\/staging\/product\/vallado\/?attribute_pa_aldeco-color=01-autumn-harvest\">https:\/\/aldeco.pt\/staging\/product\/vallado\/?attribute_pa_aldeco-color=01-autumn-harvest<\/a><\/p>\n<p><a href=\"https:\/\/www.instagram.com\/aldeco_interiorfabrics\/\">https:\/\/www.instagram.com\/aldeco_interiorfabrics\/<\/a><\/p>\n","protected":false},"featured_media":217155,"template":"","meta":[],"product_brand":[],"product_cat":[6146],"product_tag":[],"class_list":{"0":"post-218133","1":"product","2":"type-product","3":"status-publish","4":"has-post-thumbnail","6":"product_cat-aldeco-2-es","7":"pa_cleanability-8283","8":"pa_composition-ext-100-co-bordado-100-pl-es","9":"pa_interior-fabrics-1-es","10":"pa_line-telas","11":"pa_lithfastness-4-es","12":"pa_opportunities-descontinuado-es","13":"pa_range-bordado-es","14":"pa_range-satin-es","15":"pa_rapport-horizontal-45-es","16":"pa_rapport-vertical-38-es","17":"pa_sustainable-fabrics-1-es","20":"first","21":"instock","22":"purchasable","23":"product-type-variable"},"acf":[],"_links":{"self":[{"href":"https:\/\/staging.aldeco.pt\/es\/wp-json\/wp\/v2\/product\/218133","targetHints":{"allow":["GET"]}}],"collection":[{"href":"https:\/\/staging.aldeco.pt\/es\/wp-json\/wp\/v2\/product"}],"about":[{"href":"https:\/\/staging.aldeco.pt\/es\/wp-json\/wp\/v2\/types\/product"}],"version-history":[{"count":1,"href":"https:\/\/staging.aldeco.pt\/es\/wp-json\/wp\/v2\/product\/218133\/revisions"}],"predecessor-version":[{"id":218163,"href":"https:\/\/staging.aldeco.pt\/es\/wp-json\/wp\/v2\/product\/218133\/revisions\/218163"}],"wp:featuredmedia":[{"embeddable":true,"href":"https:\/\/staging.aldeco.pt\/es\/wp-json\/wp\/v2\/media\/217155"}],"wp:attachment":[{"href":"https:\/\/staging.aldeco.pt\/es\/wp-json\/wp\/v2\/media?parent=218133"}],"wp:term":[{"taxonomy":"product_brand","embeddable":true,"href":"https:\/\/staging.aldeco.pt\/es\/wp-json\/wp\/v2\/product_brand?post=218133"},{"taxonomy":"product_cat","embeddable":true,"href":"https:\/\/staging.aldeco.pt\/es\/wp-json\/wp\/v2\/product_cat?post=218133"},{"taxonomy":"product_tag","embeddable":true,"href":"https:\/\/staging.aldeco.pt\/es\/wp-json\/wp\/v2\/product_tag?post=218133"}],"curies":[{"name":"wp","href":"https:\/\/api.w.org\/{rel}","templated":true}]}}