{"id":217564,"date":"2025-01-15T23:59:36","date_gmt":"2025-01-15T23:59:36","guid":{"rendered":"https:\/\/aldeco.pt\/staging\/product\/tawny\/"},"modified":"2025-07-24T21:06:50","modified_gmt":"2025-07-24T21:06:50","slug":"tawny","status":"publish","type":"product","link":"https:\/\/staging.aldeco.pt\/es\/product\/tawny\/","title":{"rendered":"TAWNY"},"content":{"rendered":"<p>TAWNY es una tela jacquard decorativa para cortinas y drapeados. Su dise\u00f1o abstracto se compone de una estructura de l\u00edneas paralelas dram\u00e1ticamente descompuestas.  Sus hilos de seda, algod\u00f3n y viscosa se mezclan para crear efectos desgastados a la vez que dan un toque sofisticado y elegante al tejido. Est\u00e1 disponible en dos tonos naturales. <\/p>\n","protected":false},"excerpt":{"rendered":"<p>TAWNY es una tela jacquard decorativa para cortinas y drapeados. Su dise\u00f1o abstracto se compone de una estructura de l\u00edneas paralelas dram\u00e1ticamente descompuestas.  Sus hilos de seda, algod\u00f3n y viscosa se mezclan para crear efectos desgastados a la vez que dan un toque sofisticado y elegante al tejido. Est\u00e1 disponible en dos tonos naturales. <\/p>\n<h2>TAWNY es una tela jacquard decorativa para cortinas y drapeados. Su dise\u00f1o abstracto se compone de una estructura de l\u00edneas paralelas dram\u00e1ticamente descompuestas. <\/h2>\n<p><img fetchpriority=\"high\" decoding=\"async\" class=\"alignnone wp-image-217557 size-medium\" src=\"https:\/\/aldeco.pt\/staging\/wp-content\/uploads\/2025\/01\/T193290001-1-300x200.jpg\" alt=\"Tawny - Aldeco\" width=\"300\" height=\"200\"><\/p>\n<p><a href=\"https:\/\/aldeco.pt\/staging\/pt-pt\/product\/tawny\/?attribute_pa_aldeco-color=01-linen-pt-pt\">https:\/\/aldeco.pt\/staging\/pt-pt\/product\/tawny\/?attribute_pa_aldeco-color=01-linen-pt-pt<\/a><\/p>\n<p><a href=\"https:\/\/www.instagram.com\/aldeco_interiorfabrics\/\">https:\/\/www.instagram.com\/aldeco_interiorfabrics\/<\/a><\/p>\n","protected":false},"featured_media":217799,"template":"","meta":[],"product_brand":[],"product_cat":[6146],"product_tag":[],"class_list":{"0":"post-217564","1":"product","2":"type-product","3":"status-publish","4":"has-post-thumbnail","6":"product_cat-aldeco-2-es","7":"pa_cleanability-8283","8":"pa_composition-ext-16-pl-7-si-30-bci-co-47-vi-es","9":"pa_interior-fabrics-1-es","10":"pa_line-telas","11":"pa_lithfastness-4-es","12":"pa_opportunities-descontinuado-es","13":"pa_range-jacquard-es","14":"pa_rapport-horizontal-33-5-es","15":"pa_rapport-vertical-23-5-es","16":"pa_sustainable-fabrics-1-es","19":"first","20":"instock","21":"purchasable","22":"product-type-variable"},"acf":[],"_links":{"self":[{"href":"https:\/\/staging.aldeco.pt\/es\/wp-json\/wp\/v2\/product\/217564","targetHints":{"allow":["GET"]}}],"collection":[{"href":"https:\/\/staging.aldeco.pt\/es\/wp-json\/wp\/v2\/product"}],"about":[{"href":"https:\/\/staging.aldeco.pt\/es\/wp-json\/wp\/v2\/types\/product"}],"version-history":[{"count":3,"href":"https:\/\/staging.aldeco.pt\/es\/wp-json\/wp\/v2\/product\/217564\/revisions"}],"predecessor-version":[{"id":220400,"href":"https:\/\/staging.aldeco.pt\/es\/wp-json\/wp\/v2\/product\/217564\/revisions\/220400"}],"wp:featuredmedia":[{"embeddable":true,"href":"https:\/\/staging.aldeco.pt\/es\/wp-json\/wp\/v2\/media\/217799"}],"wp:attachment":[{"href":"https:\/\/staging.aldeco.pt\/es\/wp-json\/wp\/v2\/media?parent=217564"}],"wp:term":[{"taxonomy":"product_brand","embeddable":true,"href":"https:\/\/staging.aldeco.pt\/es\/wp-json\/wp\/v2\/product_brand?post=217564"},{"taxonomy":"product_cat","embeddable":true,"href":"https:\/\/staging.aldeco.pt\/es\/wp-json\/wp\/v2\/product_cat?post=217564"},{"taxonomy":"product_tag","embeddable":true,"href":"https:\/\/staging.aldeco.pt\/es\/wp-json\/wp\/v2\/product_tag?post=217564"}],"curies":[{"name":"wp","href":"https:\/\/api.w.org\/{rel}","templated":true}]}}