{"id":217554,"date":"2025-01-15T23:59:22","date_gmt":"2025-01-15T23:59:22","guid":{"rendered":"https:\/\/aldeco.pt\/staging\/product\/surriba\/"},"modified":"2025-07-24T21:06:51","modified_gmt":"2025-07-24T21:06:51","slug":"surriba","status":"publish","type":"product","link":"https:\/\/staging.aldeco.pt\/es\/product\/surriba\/","title":{"rendered":"SURRIBA"},"content":{"rendered":"<p>SURRIBA es un tejido jacquard para tapeceria compuesto por l\u00edneas onduladas y fluidas. Las curvas superpuestas de Surriba juegan entre s\u00ed mientras se entrelazan como un r\u00edo. La interacci\u00f3n de estructuras y colores le da un toque de dinamismo, creando un tejido que es a la vez calmante y visualmente cautivador. Est\u00e1 disponible en 2 tonos suaves.<\/p>\n","protected":false},"excerpt":{"rendered":"<p>SURRIBA es un tejido jacquard para tapeceria compuesto por l\u00edneas onduladas y fluidas. Las curvas superpuestas de Surriba juegan entre s\u00ed mientras se entrelazan como un r\u00edo. La interacci\u00f3n de estructuras y colores le da un toque de dinamismo, creando un tejido que es a la vez calmante y visualmente cautivador. Est\u00e1 disponible en 2 tonos suaves.<\/p>\n<h2>SURRIBA es un tejido jacquard para tapeceria compuesto por l\u00edneas onduladas y fluidas. Las curvas superpuestas de Surriba juegan entre s\u00ed mientras se entrelazan como un r\u00edo.<\/h2>\n<p><img fetchpriority=\"high\" decoding=\"async\" class=\"alignnone wp-image-217549 size-medium\" src=\"https:\/\/aldeco.pt\/staging\/wp-content\/uploads\/2025\/01\/T193300001-1-300x200.jpg\" alt=\"Surriba - Aldeco\" width=\"300\" height=\"200\" \/><\/p>\n<p><a href=\"https:\/\/aldeco.pt\/staging\/pt-pt\/product\/surriba\/?attribute_pa_aldeco-color=01-linen-pt-pt\">https:\/\/aldeco.pt\/staging\/pt-pt\/product\/surriba\/?attribute_pa_aldeco-color=01-linen-pt-pt<\/a><\/p>\n<p><a href=\"https:\/\/www.instagram.com\/aldeco_interiorfabrics\/\">https:\/\/www.instagram.com\/aldeco_interiorfabrics\/<\/a><\/p>\n","protected":false},"featured_media":217792,"template":"","meta":[],"product_brand":[],"product_cat":[6146],"product_tag":[],"class_list":{"0":"post-217554","1":"product","2":"type-product","3":"status-publish","4":"has-post-thumbnail","6":"product_cat-aldeco-2-es","7":"pa_cleanability-8283","8":"pa_composition-ext-19-rpl-10-pl-32-bci-co-29-li-10-lyo-es","9":"pa_interior-fabrics-1-es","10":"pa_line-telas","11":"pa_lithfastness-4-es","12":"pa_opportunities-descontinuado-es","13":"pa_outdoor-0-es","14":"pa_range-jacquard-es","15":"pa_rapport-horizontal-66-es","16":"pa_rapport-vertical-47-es","17":"pa_sustainable-fabrics-1-es","20":"first","21":"instock","22":"purchasable","23":"product-type-variable"},"acf":[],"_links":{"self":[{"href":"https:\/\/staging.aldeco.pt\/es\/wp-json\/wp\/v2\/product\/217554","targetHints":{"allow":["GET"]}}],"collection":[{"href":"https:\/\/staging.aldeco.pt\/es\/wp-json\/wp\/v2\/product"}],"about":[{"href":"https:\/\/staging.aldeco.pt\/es\/wp-json\/wp\/v2\/types\/product"}],"version-history":[{"count":2,"href":"https:\/\/staging.aldeco.pt\/es\/wp-json\/wp\/v2\/product\/217554\/revisions"}],"predecessor-version":[{"id":217798,"href":"https:\/\/staging.aldeco.pt\/es\/wp-json\/wp\/v2\/product\/217554\/revisions\/217798"}],"wp:featuredmedia":[{"embeddable":true,"href":"https:\/\/staging.aldeco.pt\/es\/wp-json\/wp\/v2\/media\/217792"}],"wp:attachment":[{"href":"https:\/\/staging.aldeco.pt\/es\/wp-json\/wp\/v2\/media?parent=217554"}],"wp:term":[{"taxonomy":"product_brand","embeddable":true,"href":"https:\/\/staging.aldeco.pt\/es\/wp-json\/wp\/v2\/product_brand?post=217554"},{"taxonomy":"product_cat","embeddable":true,"href":"https:\/\/staging.aldeco.pt\/es\/wp-json\/wp\/v2\/product_cat?post=217554"},{"taxonomy":"product_tag","embeddable":true,"href":"https:\/\/staging.aldeco.pt\/es\/wp-json\/wp\/v2\/product_tag?post=217554"}],"curies":[{"name":"wp","href":"https:\/\/api.w.org\/{rel}","templated":true}]}}