{"id":217538,"date":"2025-01-15T23:58:35","date_gmt":"2025-01-15T23:58:35","guid":{"rendered":"https:\/\/aldeco.pt\/staging\/product\/lodge\/"},"modified":"2025-05-18T18:15:47","modified_gmt":"2025-05-18T18:15:47","slug":"lodge","status":"publish","type":"product","link":"https:\/\/staging.aldeco.pt\/es\/product\/lodge\/","title":{"rendered":"LODGE"},"content":{"rendered":"<p>LODGE es un tejido de tapicer\u00eda jacquard con un peque\u00f1o patr\u00f3n geom\u00e9trico que evoca los patrones atemporales de Pied de Poule. Los reflejos brillantes convergen con los tonos mate, haciendo de Lodge un tejido elegante y vers\u00e1til. El juego de luces da vida al patr\u00f3n, d\u00e1ndole una sensaci\u00f3n de inmersi\u00f3n. Est\u00e1 disponible en 3 tonos ricos y sutiles.<\/p>\n","protected":false},"excerpt":{"rendered":"<p>LODGE es un tejido de tapicer\u00eda jacquard con un peque\u00f1o patr\u00f3n geom\u00e9trico que evoca los patrones atemporales de Pied de Poule. Los reflejos brillantes convergen con los tonos mate, haciendo de Lodge un tejido elegante y vers\u00e1til. El juego de luces da vida al patr\u00f3n, d\u00e1ndole una sensaci\u00f3n de inmersi\u00f3n. Est\u00e1 disponible en 3 tonos ricos y sutiles.<\/p>\n<h2>LODGE es un tejido de tapicer\u00eda jacquard con un peque\u00f1o patr\u00f3n geom\u00e9trico que evoca los patrones atemporales de Pied de Poule.<\/h2>\n<p><img fetchpriority=\"high\" decoding=\"async\" class=\"alignnone wp-image-217530 size-medium\" src=\"https:\/\/aldeco.pt\/staging\/wp-content\/uploads\/2025\/01\/T193280001-1-300x200.jpg\" alt=\"Lodge - Aldeco\" width=\"300\" height=\"200\" \/><\/p>\n<p><a href=\"https:\/\/aldeco.pt\/staging\/pt-pt\/product\/lodge\/?attribute_pa_aldeco-color=01-ivory-pt-pt\">https:\/\/aldeco.pt\/staging\/pt-pt\/product\/lodge\/?attribute_pa_aldeco-color=01-ivory-pt-pt<\/a><\/p>\n<p><a href=\"https:\/\/www.instagram.com\/aldeco_interiorfabrics\/\">https:\/\/www.instagram.com\/aldeco_interiorfabrics\/<\/a><\/p>\n","protected":false},"featured_media":217768,"template":"","meta":[],"product_brand":[],"product_cat":[6146],"product_tag":[],"class_list":{"0":"post-217538","1":"product","2":"type-product","3":"status-publish","4":"has-post-thumbnail","6":"product_cat-aldeco-2-es","7":"pa_cleanability-8283","8":"pa_composition-ext-25-rpl-56-bci-co-9-pl-es","9":"pa_interior-fabrics-1-es","10":"pa_line-telas","11":"pa_lithfastness-4-es","12":"pa_opportunities-descontinuado-es","13":"pa_range-jacquard-es","14":"pa_rapport-horizontal-32-8-es","15":"pa_rapport-vertical-11-es","16":"pa_sustainable-fabrics-1-es","19":"first","20":"instock","21":"purchasable","22":"product-type-variable"},"acf":[],"_links":{"self":[{"href":"https:\/\/staging.aldeco.pt\/es\/wp-json\/wp\/v2\/product\/217538","targetHints":{"allow":["GET"]}}],"collection":[{"href":"https:\/\/staging.aldeco.pt\/es\/wp-json\/wp\/v2\/product"}],"about":[{"href":"https:\/\/staging.aldeco.pt\/es\/wp-json\/wp\/v2\/types\/product"}],"version-history":[{"count":2,"href":"https:\/\/staging.aldeco.pt\/es\/wp-json\/wp\/v2\/product\/217538\/revisions"}],"predecessor-version":[{"id":217777,"href":"https:\/\/staging.aldeco.pt\/es\/wp-json\/wp\/v2\/product\/217538\/revisions\/217777"}],"wp:featuredmedia":[{"embeddable":true,"href":"https:\/\/staging.aldeco.pt\/es\/wp-json\/wp\/v2\/media\/217768"}],"wp:attachment":[{"href":"https:\/\/staging.aldeco.pt\/es\/wp-json\/wp\/v2\/media?parent=217538"}],"wp:term":[{"taxonomy":"product_brand","embeddable":true,"href":"https:\/\/staging.aldeco.pt\/es\/wp-json\/wp\/v2\/product_brand?post=217538"},{"taxonomy":"product_cat","embeddable":true,"href":"https:\/\/staging.aldeco.pt\/es\/wp-json\/wp\/v2\/product_cat?post=217538"},{"taxonomy":"product_tag","embeddable":true,"href":"https:\/\/staging.aldeco.pt\/es\/wp-json\/wp\/v2\/product_tag?post=217538"}],"curies":[{"name":"wp","href":"https:\/\/api.w.org\/{rel}","templated":true}]}}