{"id":217504,"date":"2025-01-15T23:56:48","date_gmt":"2025-01-15T23:56:48","guid":{"rendered":"https:\/\/aldeco.pt\/staging\/product\/crasto\/"},"modified":"2025-05-18T18:15:50","modified_gmt":"2025-05-18T18:15:50","slug":"crasto","status":"publish","type":"product","link":"https:\/\/staging.aldeco.pt\/es\/product\/crasto\/","title":{"rendered":"CRASTO"},"content":{"rendered":"<p>CRASTO es un tejido de tapicer\u00eda con estructura dobby que captura la vibrante vida y las ricas texturas del paisaje del Duero con hilos de diferentes grosores y colores. Cada hilo distintivo contribuye a su car\u00e1cter \u00fanico, uni\u00e9ndose armoniosamente con el resto de la colecci\u00f3n para formar un tejido robusto y vital. Est\u00e1 disponible en 3 tonos neutros.<\/p>\n","protected":false},"excerpt":{"rendered":"<p>CRASTO es un tejido de tapicer\u00eda con estructura dobby que captura la vibrante vida y las ricas texturas del paisaje del Duero con hilos de diferentes grosores y colores. Cada hilo distintivo contribuye a su car\u00e1cter \u00fanico, uni\u00e9ndose armoniosamente con el resto de la colecci\u00f3n para formar un tejido robusto y vital. Est\u00e1 disponible en 3 tonos neutros.<\/p>\n<h2>CRASTO es un tejido de tapicer\u00eda con estructura dobby que captura la vibrante vida y las ricas texturas del paisaje del Duero con hilos de diferentes grosores y colores.<\/h2>\n<p><img fetchpriority=\"high\" decoding=\"async\" class=\"alignnone wp-image-217500 size-medium\" src=\"https:\/\/aldeco.pt\/staging\/wp-content\/uploads\/2025\/01\/T193270001-1-300x200.jpg\" alt=\"Crasto - Aldeco\" width=\"300\" height=\"200\" \/><\/p>\n<p><a href=\"https:\/\/aldeco.pt\/staging\/pt-pt\/product\/crasto\/?attribute_pa_aldeco-color=01-sand-pt-pt\">https:\/\/aldeco.pt\/staging\/pt-pt\/product\/crasto\/?attribute_pa_aldeco-color=01-sand-pt-pt<\/a><\/p>\n<p><a href=\"https:\/\/www.instagram.com\/aldeco_interiorfabrics\/\">https:\/\/www.instagram.com\/aldeco_interiorfabrics\/<\/a><\/p>\n","protected":false},"featured_media":217736,"template":"","meta":[],"product_brand":[],"product_cat":[6146],"product_tag":[],"class_list":{"0":"post-217504","1":"product","2":"type-product","3":"status-publish","4":"has-post-thumbnail","6":"product_cat-aldeco-2-es","7":"pa_cleanability-8283","8":"pa_composition-ext-24-bci-co-32-rpl-44-pl-es","9":"pa_interior-fabrics-1-es","10":"pa_line-telas","11":"pa_lithfastness-4-es","12":"pa_opportunities-descontinuado-es","13":"pa_range-dobby-es","14":"pa_range-liso-es","15":"pa_sustainable-fabrics-1-es","18":"first","19":"instock","20":"purchasable","21":"product-type-variable"},"acf":[],"_links":{"self":[{"href":"https:\/\/staging.aldeco.pt\/es\/wp-json\/wp\/v2\/product\/217504","targetHints":{"allow":["GET"]}}],"collection":[{"href":"https:\/\/staging.aldeco.pt\/es\/wp-json\/wp\/v2\/product"}],"about":[{"href":"https:\/\/staging.aldeco.pt\/es\/wp-json\/wp\/v2\/types\/product"}],"version-history":[{"count":2,"href":"https:\/\/staging.aldeco.pt\/es\/wp-json\/wp\/v2\/product\/217504\/revisions"}],"predecessor-version":[{"id":217745,"href":"https:\/\/staging.aldeco.pt\/es\/wp-json\/wp\/v2\/product\/217504\/revisions\/217745"}],"wp:featuredmedia":[{"embeddable":true,"href":"https:\/\/staging.aldeco.pt\/es\/wp-json\/wp\/v2\/media\/217736"}],"wp:attachment":[{"href":"https:\/\/staging.aldeco.pt\/es\/wp-json\/wp\/v2\/media?parent=217504"}],"wp:term":[{"taxonomy":"product_brand","embeddable":true,"href":"https:\/\/staging.aldeco.pt\/es\/wp-json\/wp\/v2\/product_brand?post=217504"},{"taxonomy":"product_cat","embeddable":true,"href":"https:\/\/staging.aldeco.pt\/es\/wp-json\/wp\/v2\/product_cat?post=217504"},{"taxonomy":"product_tag","embeddable":true,"href":"https:\/\/staging.aldeco.pt\/es\/wp-json\/wp\/v2\/product_tag?post=217504"}],"curies":[{"name":"wp","href":"https:\/\/api.w.org\/{rel}","templated":true}]}}