{"id":217493,"date":"2025-01-15T23:56:03","date_gmt":"2025-01-15T23:56:03","guid":{"rendered":"https:\/\/aldeco.pt\/staging\/product\/vintage-easy-clean-fr\/"},"modified":"2025-05-18T18:15:51","modified_gmt":"2025-05-18T18:15:51","slug":"vintage-easy-clean-fr","status":"publish","type":"product","link":"https:\/\/staging.aldeco.pt\/es\/product\/vintage-easy-clean-fr\/","title":{"rendered":"VINTAGE EASY CLEAN FR"},"content":{"rendered":"<p>VINTAGE EASY CLEAN FR es una tela jacquard para tapicer\u00eda reconocida por su patr\u00f3n geom\u00e9trico, este tejido destaca por su microdise\u00f1o geom\u00e9trico con un toque \u00e9tnico que le permite coordinarse con otras texturas a modo de un falso liso. VINTAGE EASY CLEAN FR tiene un hilo caracter\u00edstico que le confiere propiedades de f\u00e1cil limpieza, aumentando as\u00ed su durabilidad. Este tejido es respetuoso con el medio ambiente, tiene m\u00e1s de un 80% de material reciclado, tiene certificaci\u00f3n OEKO-TEX, no contiene sustancias nocivas para el ser humano ni el medio ambiente y cumple con el est\u00e1ndar REACH. VINTAGE CLEAN FR cumple con varios est\u00e1ndares ign\u00edfugos, pero tambi\u00e9n es posible solicitar un acabado para m\u00e1s certificaciones. Est\u00e1 disponible en una gama de colores combinados muy elegantes, con un total de 6 variantes.     <\/p>\n","protected":false},"excerpt":{"rendered":"<p>VINTAGE EASY CLEAN FR es una tela jacquard para tapicer\u00eda reconocida por su patr\u00f3n geom\u00e9trico, este tejido destaca por su microdise\u00f1o geom\u00e9trico con un toque \u00e9tnico que le permite coordinarse con otras texturas a modo de un falso liso. VINTAGE EASY CLEAN FR tiene un hilo caracter\u00edstico que le confiere propiedades de f\u00e1cil limpieza, aumentando as\u00ed su durabilidad. Este tejido es respetuoso con el medio ambiente, tiene m\u00e1s de un 80% de material reciclado, tiene certificaci\u00f3n OEKO-TEX, no contiene sustancias nocivas para el ser humano ni el medio ambiente y cumple con el est\u00e1ndar REACH. VINTAGE CLEAN FR cumple con varios est\u00e1ndares ign\u00edfugos, pero tambi\u00e9n es posible solicitar un acabado para m\u00e1s certificaciones. Est\u00e1 disponible en una gama de colores combinados muy elegantes, con un total de 6 variantes.     <\/p>\n<h2>VINTAGE EASY CLEAN FR es una tela jacquard para tapicer\u00eda reconocida por su patr\u00f3n geom\u00e9trico.<\/h2>\n<p><img fetchpriority=\"high\" decoding=\"async\" class=\"alignnone wp-image-217489 size-medium\" src=\"https:\/\/aldeco.pt\/staging\/wp-content\/uploads\/2025\/01\/T193200001-1-300x200.jpg\" alt=\"Vintage Easy Clean Fr - Aldeco\" width=\"300\" height=\"200\"><\/p>\n<p><a href=\"https:\/\/aldeco.pt\/staging\/pt-pt\/product\/vintage-easy-clean-fr\/?attribute_pa_aldeco-color=01-greige-pt-pt\">https:\/\/aldeco.pt\/staging\/pt-pt\/product\/vintage-easy-clean-fr\/?attribute_pa_aldeco-color=01-greige-pt-pt<\/a><\/p>\n<p><a href=\"https:\/\/www.instagram.com\/aldeco_interiorfabrics\/\">https:\/\/www.instagram.com\/aldeco_interiorfabrics\/<\/a><\/p>\n","protected":false},"featured_media":217282,"template":"","meta":[],"product_brand":[],"product_cat":[6146],"product_tag":[],"class_list":{"0":"post-217493","1":"product","2":"type-product","3":"status-publish","4":"has-post-thumbnail","6":"product_cat-aldeco-2-es","7":"pa_cleanability-4-es","8":"pa_composition-ext-49-rpl-21-rpp-17-pl-7-rco-6-of-es","9":"pa_contract-fabrics-1-es","10":"pa_interior-fabrics-1-es","11":"pa_line-telas","12":"pa_lithfastness-5-6-es-2","13":"pa_opportunities-descontinuado-es","14":"pa_range-jacquard-es","15":"pa_rapport-horizontal-3-5-es","16":"pa_rapport-vertical-2-es","17":"pa_sustainable-fabrics-1-es","20":"first","21":"instock","22":"purchasable","23":"product-type-variable"},"acf":[],"_links":{"self":[{"href":"https:\/\/staging.aldeco.pt\/es\/wp-json\/wp\/v2\/product\/217493","targetHints":{"allow":["GET"]}}],"collection":[{"href":"https:\/\/staging.aldeco.pt\/es\/wp-json\/wp\/v2\/product"}],"about":[{"href":"https:\/\/staging.aldeco.pt\/es\/wp-json\/wp\/v2\/types\/product"}],"version-history":[{"count":1,"href":"https:\/\/staging.aldeco.pt\/es\/wp-json\/wp\/v2\/product\/217493\/revisions"}],"predecessor-version":[{"id":217587,"href":"https:\/\/staging.aldeco.pt\/es\/wp-json\/wp\/v2\/product\/217493\/revisions\/217587"}],"wp:featuredmedia":[{"embeddable":true,"href":"https:\/\/staging.aldeco.pt\/es\/wp-json\/wp\/v2\/media\/217282"}],"wp:attachment":[{"href":"https:\/\/staging.aldeco.pt\/es\/wp-json\/wp\/v2\/media?parent=217493"}],"wp:term":[{"taxonomy":"product_brand","embeddable":true,"href":"https:\/\/staging.aldeco.pt\/es\/wp-json\/wp\/v2\/product_brand?post=217493"},{"taxonomy":"product_cat","embeddable":true,"href":"https:\/\/staging.aldeco.pt\/es\/wp-json\/wp\/v2\/product_cat?post=217493"},{"taxonomy":"product_tag","embeddable":true,"href":"https:\/\/staging.aldeco.pt\/es\/wp-json\/wp\/v2\/product_tag?post=217493"}],"curies":[{"name":"wp","href":"https:\/\/api.w.org\/{rel}","templated":true}]}}