{"id":217469,"date":"2025-01-15T23:55:06","date_gmt":"2025-01-15T23:55:06","guid":{"rendered":"https:\/\/aldeco.pt\/staging\/product\/sopro-fr\/"},"modified":"2025-05-18T18:15:54","modified_gmt":"2025-05-18T18:15:54","slug":"sopro-fr","status":"publish","type":"product","link":"https:\/\/staging.aldeco.pt\/es\/product\/sopro-fr\/","title":{"rendered":"SOPRO FR"},"content":{"rendered":"<p>SOPRO FR es una tela reciclada transparente para visillos y uso contract. Esta tela de m\u00e1s de 300 cm es ideal para tus proyectos, tiene un aspecto texturizado que se obtiene a trav\u00e9s de peque\u00f1os nervios y lleva plomo para una ca\u00edda perfecta. Tiene la certificaci\u00f3n Global Recycled Standard y es inherentemente ign\u00edfugo seg\u00fan el est\u00e1ndar M1 para una protecci\u00f3n total. Este tejido es respetuoso con el medio ambiente, contiene m\u00e1s de un 85% de material reciclado, cuenta con la certificaci\u00f3n OEKO-TEX y no contiene sustancias nocivas para los seres humanos ni el medio ambiente. Est\u00e1 disponible en dos colores suaves.<\/p>\n","protected":false},"excerpt":{"rendered":"<p>SOPRO FR es una tela reciclada transparente para visillos y uso contract. Esta tela de m\u00e1s de 300 cm es ideal para tus proyectos, tiene un aspecto texturizado que se obtiene a trav\u00e9s de peque\u00f1os nervios y lleva plomo para una ca\u00edda perfecta. Tiene la certificaci\u00f3n Global Recycled Standard y es inherentemente ign\u00edfugo seg\u00fan el est\u00e1ndar M1 para una protecci\u00f3n total. Este tejido es respetuoso con el medio ambiente, contiene m\u00e1s de un 85% de material reciclado, cuenta con la certificaci\u00f3n OEKO-TEX y no contiene sustancias nocivas para los seres humanos ni el medio ambiente. Est\u00e1 disponible en dos colores suaves.<\/p>\n<h2>SOPRO FR es una tela reciclada transparente para visillos y uso contract. Esta tela de m\u00e1s de 300 cm es ideal para tus proyectos, tiene un aspecto texturizado que se obtiene a trav\u00e9s de peque\u00f1os nervios y lleva plomo para una ca\u00edda perfecta.<\/h2>\n<p><img fetchpriority=\"high\" decoding=\"async\" class=\"alignnone wp-image-217464 size-medium\" src=\"https:\/\/aldeco.pt\/staging\/wp-content\/uploads\/2025\/01\/T193220001-1-300x200.jpg\" alt=\"Sopro Fr - Aldeco\" width=\"300\" height=\"200\" \/><\/p>\n<p><a href=\"https:\/\/aldeco.pt\/staging\/product\/sopro-fr\/?attribute_pa_aldeco-color=01-natural-white\">https:\/\/aldeco.pt\/staging\/product\/sopro-fr\/?attribute_pa_aldeco-color=01-natural-white<\/a><\/p>\n<p><a href=\"https:\/\/www.instagram.com\/aldeco_interiorfabrics\/\">https:\/\/www.instagram.com\/aldeco_interiorfabrics\/<\/a><\/p>\n","protected":false},"featured_media":217785,"template":"","meta":[],"product_brand":[],"product_cat":[6154],"product_tag":[],"class_list":{"0":"post-217469","1":"product","2":"type-product","3":"status-publish","4":"has-post-thumbnail","6":"product_cat-aldeco-smarter-es","7":"pa_cleanability-8283","8":"pa_composition-ext-8850-rpl-fr-1150-pl-es","9":"pa_contract-fabrics-1-es","10":"pa_interior-fabrics-1-es","11":"pa_line-telas","12":"pa_lithfastness-4-es","13":"pa_opportunities-descontinuado-es","14":"pa_range-jacquard-es","15":"pa_special-treatments-fabrics-1-es","16":"pa_sustainable-fabrics-1-es","19":"first","20":"instock","21":"purchasable","22":"product-type-variable"},"acf":[],"_links":{"self":[{"href":"https:\/\/staging.aldeco.pt\/es\/wp-json\/wp\/v2\/product\/217469","targetHints":{"allow":["GET"]}}],"collection":[{"href":"https:\/\/staging.aldeco.pt\/es\/wp-json\/wp\/v2\/product"}],"about":[{"href":"https:\/\/staging.aldeco.pt\/es\/wp-json\/wp\/v2\/types\/product"}],"version-history":[{"count":2,"href":"https:\/\/staging.aldeco.pt\/es\/wp-json\/wp\/v2\/product\/217469\/revisions"}],"predecessor-version":[{"id":217791,"href":"https:\/\/staging.aldeco.pt\/es\/wp-json\/wp\/v2\/product\/217469\/revisions\/217791"}],"wp:featuredmedia":[{"embeddable":true,"href":"https:\/\/staging.aldeco.pt\/es\/wp-json\/wp\/v2\/media\/217785"}],"wp:attachment":[{"href":"https:\/\/staging.aldeco.pt\/es\/wp-json\/wp\/v2\/media?parent=217469"}],"wp:term":[{"taxonomy":"product_brand","embeddable":true,"href":"https:\/\/staging.aldeco.pt\/es\/wp-json\/wp\/v2\/product_brand?post=217469"},{"taxonomy":"product_cat","embeddable":true,"href":"https:\/\/staging.aldeco.pt\/es\/wp-json\/wp\/v2\/product_cat?post=217469"},{"taxonomy":"product_tag","embeddable":true,"href":"https:\/\/staging.aldeco.pt\/es\/wp-json\/wp\/v2\/product_tag?post=217469"}],"curies":[{"name":"wp","href":"https:\/\/api.w.org\/{rel}","templated":true}]}}