{"id":217437,"date":"2025-01-15T23:50:49","date_gmt":"2025-01-15T23:50:49","guid":{"rendered":"https:\/\/aldeco.pt\/staging\/product\/memory\/"},"modified":"2025-05-18T18:15:58","modified_gmt":"2025-05-18T18:15:58","slug":"memory","status":"publish","type":"product","link":"https:\/\/staging.aldeco.pt\/es\/product\/memory\/","title":{"rendered":"MEMORY"},"content":{"rendered":"<p>MEMORY es un tejido elegante como un raso de lana y muy vers\u00e1til debido a sus 310 cm de ancho. Su mezcla de algod\u00f3n y poli\u00e9ster le confiere un aspecto muy natural, una suavidad delicada y una enorme resistencia, lo que lo convierte en un tejido multiprop\u00f3sito ideal para tapicer\u00eda, cortinas y decoraci\u00f3n en general.<br \/>\nEste tejido esencial est\u00e1 disponible en 12 colores muy naturales.<\/p>\n","protected":false},"excerpt":{"rendered":"<p>MEMORY es un tejido elegante como un raso de lana y muy vers\u00e1til debido a sus 310 cm de ancho. Su mezcla de algod\u00f3n y poli\u00e9ster le confiere un aspecto muy natural, una suavidad delicada y una enorme resistencia, lo que lo convierte en un tejido multiprop\u00f3sito ideal para tapicer\u00eda, cortinas y decoraci\u00f3n en general.<br \/>\nEste tejido esencial est\u00e1 disponible en 12 colores muy naturales.<\/p>\n<h2>MEMORY es un tejido elegante como un raso de lana y muy vers\u00e1til debido a sus 310 cm de ancho.<\/h2>\n<p><img fetchpriority=\"high\" decoding=\"async\" class=\"alignnone wp-image-217433 size-medium\" src=\"https:\/\/aldeco.pt\/staging\/wp-content\/uploads\/2025\/01\/T193210001-2-300x200.jpg\" alt=\"Memory - Aldeco\" width=\"300\" height=\"200\"><\/p>\n<p><a href=\"https:\/\/aldeco.pt\/staging\/product\/memory\/?attribute_pa_aldeco-color=01-natural-white\">https:\/\/aldeco.pt\/staging\/product\/memory\/?attribute_pa_aldeco-color=01-natural-white<\/a><\/p>\n<p><a href=\"https:\/\/www.instagram.com\/aldeco_interiorfabrics\/\">https:\/\/www.instagram.com\/aldeco_interiorfabrics\/<\/a><\/p>\n","protected":false},"featured_media":217806,"template":"","meta":[],"product_brand":[],"product_cat":[6146],"product_tag":[],"class_list":{"0":"post-217437","1":"product","2":"type-product","3":"status-publish","4":"has-post-thumbnail","6":"product_cat-aldeco-2-es","7":"pa_cleanability-8283","8":"pa_composition-ext-69-co-31-pl-es","9":"pa_interior-fabrics-1-es","10":"pa_line-telas","11":"pa_lithfastness-4-es","12":"pa_opportunities-descontinuado-es","13":"pa_range-satin-es","16":"first","17":"instock","18":"purchasable","19":"product-type-variable"},"acf":[],"_links":{"self":[{"href":"https:\/\/staging.aldeco.pt\/es\/wp-json\/wp\/v2\/product\/217437","targetHints":{"allow":["GET"]}}],"collection":[{"href":"https:\/\/staging.aldeco.pt\/es\/wp-json\/wp\/v2\/product"}],"about":[{"href":"https:\/\/staging.aldeco.pt\/es\/wp-json\/wp\/v2\/types\/product"}],"version-history":[{"count":3,"href":"https:\/\/staging.aldeco.pt\/es\/wp-json\/wp\/v2\/product\/217437\/revisions"}],"predecessor-version":[{"id":218161,"href":"https:\/\/staging.aldeco.pt\/es\/wp-json\/wp\/v2\/product\/217437\/revisions\/218161"}],"wp:featuredmedia":[{"embeddable":true,"href":"https:\/\/staging.aldeco.pt\/es\/wp-json\/wp\/v2\/media\/217806"}],"wp:attachment":[{"href":"https:\/\/staging.aldeco.pt\/es\/wp-json\/wp\/v2\/media?parent=217437"}],"wp:term":[{"taxonomy":"product_brand","embeddable":true,"href":"https:\/\/staging.aldeco.pt\/es\/wp-json\/wp\/v2\/product_brand?post=217437"},{"taxonomy":"product_cat","embeddable":true,"href":"https:\/\/staging.aldeco.pt\/es\/wp-json\/wp\/v2\/product_cat?post=217437"},{"taxonomy":"product_tag","embeddable":true,"href":"https:\/\/staging.aldeco.pt\/es\/wp-json\/wp\/v2\/product_tag?post=217437"}],"curies":[{"name":"wp","href":"https:\/\/api.w.org\/{rel}","templated":true}]}}