{"id":217410,"date":"2025-01-15T23:48:44","date_gmt":"2025-01-15T23:48:44","guid":{"rendered":"https:\/\/aldeco.pt\/staging\/product\/calem-jacquard-velvet\/"},"modified":"2025-05-18T18:16:00","modified_gmt":"2025-05-18T18:16:00","slug":"calem-jacquard-velvet","status":"publish","type":"product","link":"https:\/\/staging.aldeco.pt\/es\/product\/calem-jacquard-velvet\/","title":{"rendered":"CALEM JACQUARD VELVET"},"content":{"rendered":"<p>Calem es un elegante terciopelo jacquard que combina, en la t\u00e9cnica del pelo cortado, el refinamiento del pelo del terciopelo con hilos boucl\u00e9 distribuidos de forma abstracta en la base. Su din\u00e1mico dise\u00f1o geom\u00e9trico evoca los paisajes del Douro con su juego de recortes. Est\u00e1 disponible en 7 colores que podr\u00e1s combinar f\u00e1cilmente con el resto de la colecci\u00f3n.<\/p>\n","protected":false},"excerpt":{"rendered":"<p>Calem es un elegante terciopelo jacquard que combina, en la t\u00e9cnica del pelo cortado, el refinamiento del pelo del terciopelo con hilos boucl\u00e9 distribuidos de forma abstracta en la base. Su din\u00e1mico dise\u00f1o geom\u00e9trico evoca los paisajes del Douro con su juego de recortes. Est\u00e1 disponible en 7 colores que podr\u00e1s combinar f\u00e1cilmente con el resto de la colecci\u00f3n.<\/p>\n<h2>Calem es un elegante terciopelo jacquard que combina, en la t\u00e9cnica del pelo cortado, el refinamiento del pelo del terciopelo con hilos boucl\u00e9 distribuidos de forma abstracta en la base.<\/h2>\n<p><img fetchpriority=\"high\" decoding=\"async\" class=\"alignnone wp-image-217406 size-medium\" src=\"https:\/\/aldeco.pt\/staging\/wp-content\/uploads\/2025\/01\/T193150001-1-300x200.jpg\" alt=\"Calem Jacquard Velvet - Aldeco\" width=\"300\" height=\"200\" \/><\/p>\n<p><a href=\"https:\/\/aldeco.pt\/staging\/product\/calem-jacquard-velvet\/?attribute_pa_aldeco-color=01-white-linen\">https:\/\/aldeco.pt\/staging\/product\/calem-jacquard-velvet\/?attribute_pa_aldeco-color=01-white-linen<\/a><\/p>\n<p><a href=\"https:\/\/www.instagram.com\/aldeco_interiorfabrics\/\">https:\/\/www.instagram.com\/aldeco_interiorfabrics\/<\/a><\/p>\n","protected":false},"featured_media":217746,"template":"","meta":[],"product_brand":[],"product_cat":[6146],"product_tag":[],"class_list":{"0":"post-217410","1":"product","2":"type-product","3":"status-publish","4":"has-post-thumbnail","6":"product_cat-aldeco-2-es","7":"pa_cleanability-8283","8":"pa_composition-ext-54-pl-46-vi-es","9":"pa_interior-fabrics-1-es","10":"pa_line-telas","11":"pa_lithfastness-9681","12":"pa_opportunities-descontinuado-es","13":"pa_range-jacquard-es","14":"pa_range-terciopelo","15":"pa_rapport-horizontal-18-es","16":"pa_rapport-vertical-42-es","19":"first","20":"instock","21":"purchasable","22":"product-type-variable"},"acf":[],"_links":{"self":[{"href":"https:\/\/staging.aldeco.pt\/es\/wp-json\/wp\/v2\/product\/217410","targetHints":{"allow":["GET"]}}],"collection":[{"href":"https:\/\/staging.aldeco.pt\/es\/wp-json\/wp\/v2\/product"}],"about":[{"href":"https:\/\/staging.aldeco.pt\/es\/wp-json\/wp\/v2\/types\/product"}],"version-history":[{"count":2,"href":"https:\/\/staging.aldeco.pt\/es\/wp-json\/wp\/v2\/product\/217410\/revisions"}],"predecessor-version":[{"id":217767,"href":"https:\/\/staging.aldeco.pt\/es\/wp-json\/wp\/v2\/product\/217410\/revisions\/217767"}],"wp:featuredmedia":[{"embeddable":true,"href":"https:\/\/staging.aldeco.pt\/es\/wp-json\/wp\/v2\/media\/217746"}],"wp:attachment":[{"href":"https:\/\/staging.aldeco.pt\/es\/wp-json\/wp\/v2\/media?parent=217410"}],"wp:term":[{"taxonomy":"product_brand","embeddable":true,"href":"https:\/\/staging.aldeco.pt\/es\/wp-json\/wp\/v2\/product_brand?post=217410"},{"taxonomy":"product_cat","embeddable":true,"href":"https:\/\/staging.aldeco.pt\/es\/wp-json\/wp\/v2\/product_cat?post=217410"},{"taxonomy":"product_tag","embeddable":true,"href":"https:\/\/staging.aldeco.pt\/es\/wp-json\/wp\/v2\/product_tag?post=217410"}],"curies":[{"name":"wp","href":"https:\/\/api.w.org\/{rel}","templated":true}]}}