{"id":216860,"date":"2024-12-12T12:28:56","date_gmt":"2024-12-12T12:28:56","guid":{"rendered":"https:\/\/aldeco.pt\/staging\/product\/vinyl-decoupe\/"},"modified":"2025-05-18T18:16:08","modified_gmt":"2025-05-18T18:16:08","slug":"vinyl-decoupe","status":"publish","type":"product","link":"https:\/\/staging.aldeco.pt\/es\/product\/vinyl-decoupe\/","title":{"rendered":"VINYL DECOUP\u00c9"},"content":{"rendered":"<p>Con grandes formas din\u00e1micas y l\u00fadicas que evocan tanto las formas de arte moderno abstracto como los tatuajes tradicionales maor\u00edes.<\/p>\n","protected":false},"excerpt":{"rendered":"<p>Con grandes formas din\u00e1micas y l\u00fadicas que evocan tanto las formas de arte moderno abstracto como los tatuajes tradicionales maor\u00edes.<\/p>\n<h2>Vinyl Decoup\u00e9, con grandes formas din\u00e1micas y l\u00fadicas que evocan tanto las formas de arte moderno abstracto como los tatuajes tradicionales maor\u00edes.<\/h2>\n<p><img decoding=\"async\" class=\"alignnone wp-image-216697 size-medium\" src=\"https:\/\/aldeco.pt\/staging\/wp-content\/uploads\/2024\/12\/DECOUPE_03_10x28_book-107x300.jpg\" alt=\"Vinyl Decoup\u00e9 - Aldeco\" width=\"107\" height=\"300\"><\/p>\n<p><a href=\"https:\/\/aldeco.pt\/staging\/product\/vinyl-decoupe\/?attribute_pa_colour=gray&amp;attribute_pa_aldeco-color=01\">https:\/\/aldeco.pt\/staging\/product\/vinyl-decoupe\/?attribute_pa_colour=gray&amp;attribute_pa_aldeco-color=01<\/a><\/p>\n<p><a href=\"https:\/\/www.instagram.com\/aldeco_interiorfabrics\/\">https:\/\/www.instagram.com\/aldeco_interiorfabrics\/<\/a><\/p>\n","protected":false},"featured_media":216699,"template":"","meta":[],"product_brand":[],"product_cat":[6156],"product_tag":[],"class_list":{"0":"post-216860","1":"product","2":"type-product","3":"status-publish","4":"has-post-thumbnail","6":"product_cat-walldeco-es","7":"pa_application-method-paste-the-wall-no-overlapping-es","8":"pa_composition-ext-pvc-cellulose-es","9":"pa_line-papel-pintado","10":"pa_lithfastness-resistente-a-la-luz","11":"pa_number-of-rolls-2-es","12":"pa_opportunities-descontinuado-es","13":"pa_range-non-woven-es","14":"pa_removal-method-easy-to-remove-es","17":"first","18":"instock","19":"purchasable","20":"product-type-variable"},"acf":[],"_links":{"self":[{"href":"https:\/\/staging.aldeco.pt\/es\/wp-json\/wp\/v2\/product\/216860","targetHints":{"allow":["GET"]}}],"collection":[{"href":"https:\/\/staging.aldeco.pt\/es\/wp-json\/wp\/v2\/product"}],"about":[{"href":"https:\/\/staging.aldeco.pt\/es\/wp-json\/wp\/v2\/types\/product"}],"version-history":[{"count":1,"href":"https:\/\/staging.aldeco.pt\/es\/wp-json\/wp\/v2\/product\/216860\/revisions"}],"predecessor-version":[{"id":216889,"href":"https:\/\/staging.aldeco.pt\/es\/wp-json\/wp\/v2\/product\/216860\/revisions\/216889"}],"wp:featuredmedia":[{"embeddable":true,"href":"https:\/\/staging.aldeco.pt\/es\/wp-json\/wp\/v2\/media\/216699"}],"wp:attachment":[{"href":"https:\/\/staging.aldeco.pt\/es\/wp-json\/wp\/v2\/media?parent=216860"}],"wp:term":[{"taxonomy":"product_brand","embeddable":true,"href":"https:\/\/staging.aldeco.pt\/es\/wp-json\/wp\/v2\/product_brand?post=216860"},{"taxonomy":"product_cat","embeddable":true,"href":"https:\/\/staging.aldeco.pt\/es\/wp-json\/wp\/v2\/product_cat?post=216860"},{"taxonomy":"product_tag","embeddable":true,"href":"https:\/\/staging.aldeco.pt\/es\/wp-json\/wp\/v2\/product_tag?post=216860"}],"curies":[{"name":"wp","href":"https:\/\/api.w.org\/{rel}","templated":true}]}}