{"id":216296,"date":"2024-11-29T20:28:59","date_gmt":"2024-11-29T20:28:59","guid":{"rendered":"https:\/\/aldeco.pt\/staging\/product\/vinyl-woven-mirabillis\/"},"modified":"2025-05-18T18:16:26","modified_gmt":"2025-05-18T18:16:26","slug":"vinyl-woven-mirabillis","status":"publish","type":"product","link":"https:\/\/staging.aldeco.pt\/es\/product\/vinyl-woven-mirabillis\/","title":{"rendered":"VINYL WOVEN MIRABILLIS"},"content":{"rendered":"<p>Ep\u00edtome del concepto invicta con flora y fauna ex\u00f3ticas, geometr\u00eda Bauhaus y motivos folcl\u00f3ricos \u00e9tnicos.<\/p>\n","protected":false},"excerpt":{"rendered":"<p>Ep\u00edtome del concepto invicta con flora y fauna ex\u00f3ticas, geometr\u00eda Bauhaus y motivos folcl\u00f3ricos \u00e9tnicos.<\/p>\n<h2>Vinyl Woven Mirabillis, ep\u00edtome del concepto invicta con flora y fauna ex\u00f3ticas, geometr\u00eda Bauhaus y motivos folcl\u00f3ricos \u00e9tnicos.<\/h2>\n<p><img fetchpriority=\"high\" decoding=\"async\" class=\"alignnone wp-image-216285 size-medium\" src=\"https:\/\/aldeco.pt\/staging\/wp-content\/uploads\/2024\/11\/WV02100501-300x187.jpg\" alt=\"Vinyl Woven Mirabillis - Aldeco\" width=\"300\" height=\"187\"><\/p>\n<p><a href=\"https:\/\/aldeco.pt\/staging\/product\/vinyl-woven-mirabillis\/?attribute_pa_colour=multicolour&amp;attribute_pa_aldeco-color=1\">https:\/\/aldeco.pt\/staging\/product\/vinyl-woven-mirabillis\/?attribute_pa_colour=multicolour&amp;attribute_pa_aldeco-color=1<\/a><\/p>\n<p><a href=\"https:\/\/www.instagram.com\/aldeco_interiorfabrics\/\">https:\/\/www.instagram.com\/aldeco_interiorfabrics\/<\/a><\/p>\n","protected":false},"featured_media":216287,"template":"","meta":[],"product_brand":[],"product_cat":[6156],"product_tag":[],"class_list":{"0":"post-216296","1":"product","2":"type-product","3":"status-publish","4":"has-post-thumbnail","6":"product_cat-walldeco-es","7":"pa_application-method-paste-the-wall-no-overlapping-es","8":"pa_cleanability-pegue-la-pared-sin-superposicion","9":"pa_composition-ext-pvc-cellulose-es","10":"pa_line-papel-pintado","11":"pa_lithfastness-resistente-a-la-luz","12":"pa_number-of-rolls-9-es","13":"pa_opportunities-descontinuado-es","14":"pa_outdoor-0-es","15":"pa_range-non-woven-es","16":"pa_rapport-horizontal-64-5-es","17":"pa_rapport-vertical-76-es","18":"pa_removal-method-easy-to-remove-es","21":"first","22":"instock","23":"purchasable","24":"product-type-variable"},"acf":[],"_links":{"self":[{"href":"https:\/\/staging.aldeco.pt\/es\/wp-json\/wp\/v2\/product\/216296","targetHints":{"allow":["GET"]}}],"collection":[{"href":"https:\/\/staging.aldeco.pt\/es\/wp-json\/wp\/v2\/product"}],"about":[{"href":"https:\/\/staging.aldeco.pt\/es\/wp-json\/wp\/v2\/types\/product"}],"version-history":[{"count":1,"href":"https:\/\/staging.aldeco.pt\/es\/wp-json\/wp\/v2\/product\/216296\/revisions"}],"predecessor-version":[{"id":216449,"href":"https:\/\/staging.aldeco.pt\/es\/wp-json\/wp\/v2\/product\/216296\/revisions\/216449"}],"wp:featuredmedia":[{"embeddable":true,"href":"https:\/\/staging.aldeco.pt\/es\/wp-json\/wp\/v2\/media\/216287"}],"wp:attachment":[{"href":"https:\/\/staging.aldeco.pt\/es\/wp-json\/wp\/v2\/media?parent=216296"}],"wp:term":[{"taxonomy":"product_brand","embeddable":true,"href":"https:\/\/staging.aldeco.pt\/es\/wp-json\/wp\/v2\/product_brand?post=216296"},{"taxonomy":"product_cat","embeddable":true,"href":"https:\/\/staging.aldeco.pt\/es\/wp-json\/wp\/v2\/product_cat?post=216296"},{"taxonomy":"product_tag","embeddable":true,"href":"https:\/\/staging.aldeco.pt\/es\/wp-json\/wp\/v2\/product_tag?post=216296"}],"curies":[{"name":"wp","href":"https:\/\/api.w.org\/{rel}","templated":true}]}}