{"id":216101,"date":"2024-11-29T20:22:33","date_gmt":"2024-11-29T20:22:33","guid":{"rendered":"https:\/\/aldeco.pt\/staging\/product\/nonwoven-on-weaving\/"},"modified":"2025-05-18T18:16:44","modified_gmt":"2025-05-18T18:16:44","slug":"nonwoven-on-weaving","status":"publish","type":"product","link":"https:\/\/staging.aldeco.pt\/es\/product\/nonwoven-on-weaving\/","title":{"rendered":"NONWOVEN ON WEAVING"},"content":{"rendered":"<p>Dise\u00f1o geom\u00e9trico inspirado en la cester\u00eda y los azulejos tradicionales portugueses.<\/p>\n","protected":false},"excerpt":{"rendered":"<p>Dise\u00f1o geom\u00e9trico inspirado en la cester\u00eda y los azulejos tradicionales portugueses.<\/p>\n<h2>Nonwoven On Weaving, dise\u00f1o geom\u00e9trico inspirado en la cester\u00eda y los azulejos tradicionales portugueses.<\/h2>\n<p><img decoding=\"async\" class=\"alignnone wp-image-215866 size-medium\" src=\"https:\/\/aldeco.pt\/staging\/wp-content\/uploads\/2024\/11\/WN02101401-107x300.jpg\" alt=\"Nonwoven On Weaving - Aldeco\" width=\"107\" height=\"300\"><\/p>\n<p><a href=\"https:\/\/aldeco.pt\/staging\/product\/nonwoven-on-weaving\/?attribute_pa_colour=gray&amp;attribute_pa_aldeco-color=1\">https:\/\/aldeco.pt\/staging\/product\/nonwoven-on-weaving\/?attribute_pa_colour=gray&amp;attribute_pa_aldeco-color=1<\/a><\/p>\n<p><a href=\"https:\/\/www.instagram.com\/aldeco_interiorfabrics\/\">https:\/\/www.instagram.com\/aldeco_interiorfabrics\/<\/a><\/p>\n<p>&nbsp;<\/p>\n","protected":false},"featured_media":215868,"template":"","meta":[],"product_brand":[],"product_cat":[6156],"product_tag":[],"class_list":{"0":"post-216101","1":"product","2":"type-product","3":"status-publish","4":"has-post-thumbnail","6":"product_cat-walldeco-es","7":"pa_application-method-paste-the-wall-no-overlapping-es","8":"pa_cleanability-pegue-la-pared-sin-superposicion","9":"pa_composition-ext-cellulose-es","10":"pa_line-papel-pintado","11":"pa_lithfastness-resistente-a-la-luz","12":"pa_number-of-rolls-2-es","13":"pa_opportunities-descontinuado-es","14":"pa_outdoor-0-es","15":"pa_range-non-woven-es","16":"pa_rapport-horizontal-7-6-es","17":"pa_rapport-vertical-8-75-es","18":"pa_removal-method-easy-to-remove-es","21":"first","22":"instock","23":"purchasable","24":"product-type-variable"},"acf":[],"_links":{"self":[{"href":"https:\/\/staging.aldeco.pt\/es\/wp-json\/wp\/v2\/product\/216101","targetHints":{"allow":["GET"]}}],"collection":[{"href":"https:\/\/staging.aldeco.pt\/es\/wp-json\/wp\/v2\/product"}],"about":[{"href":"https:\/\/staging.aldeco.pt\/es\/wp-json\/wp\/v2\/types\/product"}],"version-history":[{"count":1,"href":"https:\/\/staging.aldeco.pt\/es\/wp-json\/wp\/v2\/product\/216101\/revisions"}],"predecessor-version":[{"id":216459,"href":"https:\/\/staging.aldeco.pt\/es\/wp-json\/wp\/v2\/product\/216101\/revisions\/216459"}],"wp:featuredmedia":[{"embeddable":true,"href":"https:\/\/staging.aldeco.pt\/es\/wp-json\/wp\/v2\/media\/215868"}],"wp:attachment":[{"href":"https:\/\/staging.aldeco.pt\/es\/wp-json\/wp\/v2\/media?parent=216101"}],"wp:term":[{"taxonomy":"product_brand","embeddable":true,"href":"https:\/\/staging.aldeco.pt\/es\/wp-json\/wp\/v2\/product_brand?post=216101"},{"taxonomy":"product_cat","embeddable":true,"href":"https:\/\/staging.aldeco.pt\/es\/wp-json\/wp\/v2\/product_cat?post=216101"},{"taxonomy":"product_tag","embeddable":true,"href":"https:\/\/staging.aldeco.pt\/es\/wp-json\/wp\/v2\/product_tag?post=216101"}],"curies":[{"name":"wp","href":"https:\/\/api.w.org\/{rel}","templated":true}]}}