{"id":216024,"date":"2024-11-29T20:25:26","date_gmt":"2024-11-29T20:25:26","guid":{"rendered":"https:\/\/aldeco.pt\/staging\/product\/vinyl-woven-albers\/"},"modified":"2025-05-18T18:16:38","modified_gmt":"2025-05-18T18:16:38","slug":"vinyl-woven-albers","status":"publish","type":"product","link":"https:\/\/staging.aldeco.pt\/es\/product\/vinyl-woven-albers\/","title":{"rendered":"VINYL WOVEN ALBERS"},"content":{"rendered":"<p>Patr\u00f3n geom\u00e9trico inspirado por Anni Albers, pionera del dise\u00f1o textil de la Bauhaus.<\/p>\n","protected":false},"excerpt":{"rendered":"<p>Patr\u00f3n geom\u00e9trico inspirado por Anni Albers, pionera del dise\u00f1o textil de la Bauhaus.<\/p>\n<h2>Vinyl Woven Albers, patr\u00f3n geom\u00e9trico inspirado por Anni Albers, pionera del dise\u00f1o textil de la Bauhaus<\/h2>\n<p><img fetchpriority=\"high\" decoding=\"async\" class=\"alignnone wp-image-216003 size-medium\" src=\"https:\/\/aldeco.pt\/staging\/wp-content\/uploads\/2024\/11\/WV02100904-300x187.jpg\" alt=\"Vinyl Woven Albers - Aldeco\" width=\"300\" height=\"187\"><\/p>\n<p><a href=\"https:\/\/aldeco.pt\/staging\/product\/vinyl-woven-albers\/?attribute_pa_colour=silver&amp;attribute_pa_aldeco-color=1\">https:\/\/aldeco.pt\/staging\/product\/vinyl-woven-albers\/?attribute_pa_colour=silver&amp;attribute_pa_aldeco-color=1<\/a><\/p>\n<p><a href=\"https:\/\/www.instagram.com\/aldeco_interiorfabrics\/\">https:\/\/www.instagram.com\/aldeco_interiorfabrics\/<\/a><\/p>\n<p>&nbsp;<\/p>\n","protected":false},"featured_media":216005,"template":"","meta":[],"product_brand":[],"product_cat":[6156],"product_tag":[],"class_list":{"0":"post-216024","1":"product","2":"type-product","3":"status-publish","4":"has-post-thumbnail","6":"product_cat-walldeco-es","7":"pa_application-method-paste-the-wall-no-overlapping-es","8":"pa_cleanability-pegue-la-pared-sin-superposicion","9":"pa_composition-ext-pvc-cellulose-es","10":"pa_line-papel-pintado","11":"pa_lithfastness-resistente-a-la-luz","12":"pa_number-of-rolls-9-es","13":"pa_opportunities-descontinuado-es","14":"pa_outdoor-0-es","15":"pa_range-non-woven-es","16":"pa_rapport-horizontal-65-5-es","17":"pa_rapport-vertical-78-5-es","18":"pa_removal-method-easy-to-remove-es","21":"first","22":"instock","23":"purchasable","24":"product-type-variable"},"acf":[],"_links":{"self":[{"href":"https:\/\/staging.aldeco.pt\/es\/wp-json\/wp\/v2\/product\/216024","targetHints":{"allow":["GET"]}}],"collection":[{"href":"https:\/\/staging.aldeco.pt\/es\/wp-json\/wp\/v2\/product"}],"about":[{"href":"https:\/\/staging.aldeco.pt\/es\/wp-json\/wp\/v2\/types\/product"}],"version-history":[{"count":2,"href":"https:\/\/staging.aldeco.pt\/es\/wp-json\/wp\/v2\/product\/216024\/revisions"}],"predecessor-version":[{"id":216124,"href":"https:\/\/staging.aldeco.pt\/es\/wp-json\/wp\/v2\/product\/216024\/revisions\/216124"}],"wp:featuredmedia":[{"embeddable":true,"href":"https:\/\/staging.aldeco.pt\/es\/wp-json\/wp\/v2\/media\/216005"}],"wp:attachment":[{"href":"https:\/\/staging.aldeco.pt\/es\/wp-json\/wp\/v2\/media?parent=216024"}],"wp:term":[{"taxonomy":"product_brand","embeddable":true,"href":"https:\/\/staging.aldeco.pt\/es\/wp-json\/wp\/v2\/product_brand?post=216024"},{"taxonomy":"product_cat","embeddable":true,"href":"https:\/\/staging.aldeco.pt\/es\/wp-json\/wp\/v2\/product_cat?post=216024"},{"taxonomy":"product_tag","embeddable":true,"href":"https:\/\/staging.aldeco.pt\/es\/wp-json\/wp\/v2\/product_tag?post=216024"}],"curies":[{"name":"wp","href":"https:\/\/api.w.org\/{rel}","templated":true}]}}