{"id":215994,"date":"2024-12-02T17:20:37","date_gmt":"2024-12-02T17:20:37","guid":{"rendered":"https:\/\/aldeco.pt\/staging\/product\/nonwoven-mirabillis\/"},"modified":"2025-05-18T18:16:18","modified_gmt":"2025-05-18T18:16:18","slug":"nonwoven-mirabillis","status":"publish","type":"product","link":"https:\/\/staging.aldeco.pt\/es\/product\/nonwoven-mirabillis\/","title":{"rendered":"NONWOVEN MIRABILLIS"},"content":{"rendered":"<p>Ep\u00edtome del concepto invicta con flora y fauna ex\u00f3ticas, geometr\u00eda Bauhaus y motivos folcl\u00f3ricos \u00e9tnicos.<\/p>\n","protected":false},"excerpt":{"rendered":"<p>Ep\u00edtome del concepto invicta con flora y fauna ex\u00f3ticas, geometr\u00eda Bauhaus y motivos folcl\u00f3ricos \u00e9tnicos.<\/p>\n<h2>Nonwoven Mirabillis, ep\u00edtome del concepto invicta con flora y fauna ex\u00f3ticas, geometr\u00eda Bauhaus y motivos folcl\u00f3ricos \u00e9tnicos.<\/h2>\n<p><img fetchpriority=\"high\" decoding=\"async\" class=\"alignnone wp-image-215985 size-medium\" src=\"https:\/\/aldeco.pt\/staging\/wp-content\/uploads\/2024\/12\/WN02100502-300x187.jpg\" alt=\"Nonwoven Mirabillis - Aldeco\" width=\"300\" height=\"187\" \/><\/p>\n<p><a href=\"https:\/\/www.instagram.com\/aldeco_interiorfabrics\/\">https:\/\/www.instagram.com\/aldeco_interiorfabrics\/<\/a><\/p>\n<p>&nbsp;<\/p>\n","protected":false},"featured_media":215987,"template":"","meta":[],"product_brand":[],"product_cat":[6156],"product_tag":[],"class_list":{"0":"post-215994","1":"product","2":"type-product","3":"status-publish","4":"has-post-thumbnail","6":"product_cat-walldeco-es","7":"pa_application-method-paste-the-wall-no-overlapping-es","8":"pa_cleanability-pegue-la-pared-sin-superposicion","9":"pa_composition-ext-cellulose-es","10":"pa_line-papel-pintado","11":"pa_lithfastness-resistente-a-la-luz","12":"pa_number-of-rolls-9-es","13":"pa_opportunities-descontinuado-es","14":"pa_outdoor-0-es","15":"pa_range-non-woven-es","16":"pa_removal-method-easy-to-remove-es","19":"first","20":"instock","21":"shipping-taxable","22":"purchasable","23":"product-type-variable"},"acf":[],"_links":{"self":[{"href":"https:\/\/staging.aldeco.pt\/es\/wp-json\/wp\/v2\/product\/215994","targetHints":{"allow":["GET"]}}],"collection":[{"href":"https:\/\/staging.aldeco.pt\/es\/wp-json\/wp\/v2\/product"}],"about":[{"href":"https:\/\/staging.aldeco.pt\/es\/wp-json\/wp\/v2\/types\/product"}],"version-history":[{"count":1,"href":"https:\/\/staging.aldeco.pt\/es\/wp-json\/wp\/v2\/product\/215994\/revisions"}],"predecessor-version":[{"id":215998,"href":"https:\/\/staging.aldeco.pt\/es\/wp-json\/wp\/v2\/product\/215994\/revisions\/215998"}],"wp:featuredmedia":[{"embeddable":true,"href":"https:\/\/staging.aldeco.pt\/es\/wp-json\/wp\/v2\/media\/215987"}],"wp:attachment":[{"href":"https:\/\/staging.aldeco.pt\/es\/wp-json\/wp\/v2\/media?parent=215994"}],"wp:term":[{"taxonomy":"product_brand","embeddable":true,"href":"https:\/\/staging.aldeco.pt\/es\/wp-json\/wp\/v2\/product_brand?post=215994"},{"taxonomy":"product_cat","embeddable":true,"href":"https:\/\/staging.aldeco.pt\/es\/wp-json\/wp\/v2\/product_cat?post=215994"},{"taxonomy":"product_tag","embeddable":true,"href":"https:\/\/staging.aldeco.pt\/es\/wp-json\/wp\/v2\/product_tag?post=215994"}],"curies":[{"name":"wp","href":"https:\/\/api.w.org\/{rel}","templated":true}]}}