{"id":214917,"date":"2024-11-19T17:21:25","date_gmt":"2024-11-19T17:21:25","guid":{"rendered":"https:\/\/aldeco.pt\/staging\/product\/york\/"},"modified":"2025-05-18T18:16:59","modified_gmt":"2025-05-18T18:16:59","slug":"york","status":"publish","type":"product","link":"https:\/\/staging.aldeco.pt\/es\/product\/york\/","title":{"rendered":"YORK"},"content":{"rendered":"<p>YORK es una tela utilizada para tapicer\u00eda y cojines con una estructura en tonos contrastantes. Presenta un patr\u00f3n con motivos microgeom\u00e9tricos y un tacto muy suave. <\/p>\n","protected":false},"excerpt":{"rendered":"<p>YORK is a fabric used for upholstery and cushions with a structure in contrasting tones. It features a pattern with micro geometric motifs and a very soft touch. <\/p>\n<h2>YORK es una tela utilizada para tapicer\u00eda y cojines con una estructura en tonos contrastantes.<\/h2>\n<p><img fetchpriority=\"high\" decoding=\"async\" class=\"alignnone wp-image-214903 size-medium\" src=\"https:\/\/aldeco.pt\/staging\/wp-content\/uploads\/2024\/11\/T017990791-300x300.jpg\" alt=\"York - Aldeco\" width=\"300\" height=\"300\"><\/p>\n<p><a href=\"https:\/\/www.instagram.com\/aldeco_interiorfabrics\/\">https:\/\/www.instagram.com\/aldeco_interiorfabrics\/<\/a><\/p>\n<p><a href=\"https:\/\/aldeco.pt\/staging\/product\/york\/?attribute_pa_aldeco-color=12\">https:\/\/aldeco.pt\/staging\/product\/york\/?attribute_pa_aldeco-color=12<\/a><\/p>\n<p>&nbsp;<\/p>\n","protected":false},"featured_media":214883,"template":"","meta":[],"product_brand":[],"product_cat":[],"product_tag":[],"class_list":{"0":"post-214917","1":"product","2":"type-product","3":"status-publish","4":"has-post-thumbnail","6":"pa_cleanability-8283","7":"pa_composition-ext-45-pp-37-pes-18-co-es","8":"pa_line-oportunidades-es","9":"pa_lithfastness-5-6-es-2","10":"pa_opportunities-activo","13":"first","14":"instock","15":"shipping-taxable","16":"purchasable","17":"product-type-variable"},"acf":[],"_links":{"self":[{"href":"https:\/\/staging.aldeco.pt\/es\/wp-json\/wp\/v2\/product\/214917","targetHints":{"allow":["GET"]}}],"collection":[{"href":"https:\/\/staging.aldeco.pt\/es\/wp-json\/wp\/v2\/product"}],"about":[{"href":"https:\/\/staging.aldeco.pt\/es\/wp-json\/wp\/v2\/types\/product"}],"version-history":[{"count":1,"href":"https:\/\/staging.aldeco.pt\/es\/wp-json\/wp\/v2\/product\/214917\/revisions"}],"predecessor-version":[{"id":214924,"href":"https:\/\/staging.aldeco.pt\/es\/wp-json\/wp\/v2\/product\/214917\/revisions\/214924"}],"wp:featuredmedia":[{"embeddable":true,"href":"https:\/\/staging.aldeco.pt\/es\/wp-json\/wp\/v2\/media\/214883"}],"wp:attachment":[{"href":"https:\/\/staging.aldeco.pt\/es\/wp-json\/wp\/v2\/media?parent=214917"}],"wp:term":[{"taxonomy":"product_brand","embeddable":true,"href":"https:\/\/staging.aldeco.pt\/es\/wp-json\/wp\/v2\/product_brand?post=214917"},{"taxonomy":"product_cat","embeddable":true,"href":"https:\/\/staging.aldeco.pt\/es\/wp-json\/wp\/v2\/product_cat?post=214917"},{"taxonomy":"product_tag","embeddable":true,"href":"https:\/\/staging.aldeco.pt\/es\/wp-json\/wp\/v2\/product_tag?post=214917"}],"curies":[{"name":"wp","href":"https:\/\/api.w.org\/{rel}","templated":true}]}}