{"id":214685,"date":"2024-11-19T13:03:40","date_gmt":"2024-11-19T13:03:40","guid":{"rendered":"https:\/\/aldeco.pt\/staging\/product\/scotch\/"},"modified":"2025-05-18T18:17:07","modified_gmt":"2025-05-18T18:17:07","slug":"scotch","status":"publish","type":"product","link":"https:\/\/staging.aldeco.pt\/es\/product\/scotch\/","title":{"rendered":"SCOTCH"},"content":{"rendered":"<p>SCOTCH es una tela de cuadros de estilo escoc\u00e9s, perfecta para a\u00f1adir un toque acogedor a su espacio. Su resistencia, durabilidad y suavidad al tacto han hecho de este cl\u00e1sico intemporal una opci\u00f3n ideal para tapicer\u00eda y cojines. <\/p>\n","protected":false},"excerpt":{"rendered":"<p>SCOTCH es una tela de cuadros de estilo escoc\u00e9s, perfecta para a\u00f1adir un toque acogedor a su espacio. Su resistencia, durabilidad y suavidad al tacto han hecho de este cl\u00e1sico intemporal una opci\u00f3n ideal para tapicer\u00eda y cojines. <\/p>\n<h2>SCOTCH es una tela de cuadros de estilo escoc\u00e9s, perfecta para a\u00f1adir un toque acogedor a su espacio.<\/h2>\n<p><img fetchpriority=\"high\" decoding=\"async\" class=\"alignnone wp-image-214650 size-medium\" src=\"https:\/\/aldeco.pt\/staging\/wp-content\/uploads\/2024\/11\/T017990505-300x300.jpg\" alt=\"Scotch - Aldeco\" width=\"300\" height=\"300\"><\/p>\n<p><a href=\"https:\/\/www.instagram.com\/aldeco_interiorfabrics\/\">https:\/\/www.instagram.com\/aldeco_interiorfabrics\/<\/a><\/p>\n<p><a href=\"https:\/\/aldeco.pt\/staging\/product\/scotch\/?attribute_pa_aldeco-color=05\">https:\/\/aldeco.pt\/staging\/product\/scotch\/?attribute_pa_aldeco-color=05<\/a><\/p>\n<p>&nbsp;<\/p>\n","protected":false},"featured_media":214652,"template":"","meta":[],"product_brand":[],"product_cat":[],"product_tag":[],"class_list":{"0":"post-214685","1":"product","2":"type-product","3":"status-publish","4":"has-post-thumbnail","6":"pa_cleanability-8283","7":"pa_composition-ext-50-pp-31-pl-19-co-es","8":"pa_line-oportunidades-es","9":"pa_lithfastness-6-es-2","10":"pa_opportunities-activo","13":"first","14":"instock","15":"shipping-taxable","16":"purchasable","17":"product-type-variable"},"acf":[],"_links":{"self":[{"href":"https:\/\/staging.aldeco.pt\/es\/wp-json\/wp\/v2\/product\/214685","targetHints":{"allow":["GET"]}}],"collection":[{"href":"https:\/\/staging.aldeco.pt\/es\/wp-json\/wp\/v2\/product"}],"about":[{"href":"https:\/\/staging.aldeco.pt\/es\/wp-json\/wp\/v2\/types\/product"}],"version-history":[{"count":1,"href":"https:\/\/staging.aldeco.pt\/es\/wp-json\/wp\/v2\/product\/214685\/revisions"}],"predecessor-version":[{"id":214716,"href":"https:\/\/staging.aldeco.pt\/es\/wp-json\/wp\/v2\/product\/214685\/revisions\/214716"}],"wp:featuredmedia":[{"embeddable":true,"href":"https:\/\/staging.aldeco.pt\/es\/wp-json\/wp\/v2\/media\/214652"}],"wp:attachment":[{"href":"https:\/\/staging.aldeco.pt\/es\/wp-json\/wp\/v2\/media?parent=214685"}],"wp:term":[{"taxonomy":"product_brand","embeddable":true,"href":"https:\/\/staging.aldeco.pt\/es\/wp-json\/wp\/v2\/product_brand?post=214685"},{"taxonomy":"product_cat","embeddable":true,"href":"https:\/\/staging.aldeco.pt\/es\/wp-json\/wp\/v2\/product_cat?post=214685"},{"taxonomy":"product_tag","embeddable":true,"href":"https:\/\/staging.aldeco.pt\/es\/wp-json\/wp\/v2\/product_tag?post=214685"}],"curies":[{"name":"wp","href":"https:\/\/api.w.org\/{rel}","templated":true}]}}