{"id":214547,"date":"2024-11-19T11:51:50","date_gmt":"2024-11-19T11:51:50","guid":{"rendered":"https:\/\/aldeco.pt\/staging\/product\/prisma\/"},"modified":"2025-05-18T18:17:11","modified_gmt":"2025-05-18T18:17:11","slug":"prisma","status":"publish","type":"product","link":"https:\/\/staging.aldeco.pt\/es\/product\/prisma\/","title":{"rendered":"PRISMA"},"content":{"rendered":"<p>PRISMA es una tela con un dise\u00f1o sencillo y l\u00edneas sutiles que crean una sensaci\u00f3n de movimiento. Es perfecta para tapicer\u00eda debido a su durabilidad y resistencia, y tambi\u00e9n es FR (resistente al fuego). <\/p>\n","protected":false},"excerpt":{"rendered":"<p>PRISMA es una tela con un dise\u00f1o sencillo y l\u00edneas sutiles que crean una sensaci\u00f3n de movimiento. Es perfecta para tapicer\u00eda debido a su durabilidad y resistencia, y tambi\u00e9n es FR (resistente al fuego). <\/p>\n<h2>PRISMA es una tela con un dise\u00f1o sencillo y l\u00edneas sutiles que crean una sensaci\u00f3n de movimiento.<\/h2>\n<p><img fetchpriority=\"high\" decoding=\"async\" class=\"alignnone wp-image-214541 size-medium\" src=\"https:\/\/aldeco.pt\/staging\/wp-content\/uploads\/2024\/11\/T016910267-300x300.jpg\" alt=\"Prisma - Aldeco\" width=\"300\" height=\"300\"><\/p>\n<p><a href=\"https:\/\/www.instagram.com\/aldeco_interiorfabrics\/\">https:\/\/www.instagram.com\/aldeco_interiorfabrics\/<\/a><\/p>\n<p><a href=\"https:\/\/aldeco.pt\/staging\/product\/prisma\/?attribute_pa_aldeco-color=05\">https:\/\/aldeco.pt\/staging\/product\/prisma\/?attribute_pa_aldeco-color=05<\/a><\/p>\n","protected":false},"featured_media":214513,"template":"","meta":[],"product_brand":[],"product_cat":[],"product_tag":[],"class_list":{"0":"post-214547","1":"product","2":"type-product","3":"status-publish","4":"has-post-thumbnail","6":"pa_cleanability-8283","7":"pa_composition-ext-88-pl-12-co-es","8":"pa_line-oportunidades-es","9":"pa_lithfastness-5-6-es-2","10":"pa_opportunities-activo","11":"pa_range-liso-es","14":"first","15":"instock","16":"shipping-taxable","17":"purchasable","18":"product-type-variable"},"acf":[],"_links":{"self":[{"href":"https:\/\/staging.aldeco.pt\/es\/wp-json\/wp\/v2\/product\/214547","targetHints":{"allow":["GET"]}}],"collection":[{"href":"https:\/\/staging.aldeco.pt\/es\/wp-json\/wp\/v2\/product"}],"about":[{"href":"https:\/\/staging.aldeco.pt\/es\/wp-json\/wp\/v2\/types\/product"}],"version-history":[{"count":1,"href":"https:\/\/staging.aldeco.pt\/es\/wp-json\/wp\/v2\/product\/214547\/revisions"}],"predecessor-version":[{"id":214592,"href":"https:\/\/staging.aldeco.pt\/es\/wp-json\/wp\/v2\/product\/214547\/revisions\/214592"}],"wp:featuredmedia":[{"embeddable":true,"href":"https:\/\/staging.aldeco.pt\/es\/wp-json\/wp\/v2\/media\/214513"}],"wp:attachment":[{"href":"https:\/\/staging.aldeco.pt\/es\/wp-json\/wp\/v2\/media?parent=214547"}],"wp:term":[{"taxonomy":"product_brand","embeddable":true,"href":"https:\/\/staging.aldeco.pt\/es\/wp-json\/wp\/v2\/product_brand?post=214547"},{"taxonomy":"product_cat","embeddable":true,"href":"https:\/\/staging.aldeco.pt\/es\/wp-json\/wp\/v2\/product_cat?post=214547"},{"taxonomy":"product_tag","embeddable":true,"href":"https:\/\/staging.aldeco.pt\/es\/wp-json\/wp\/v2\/product_tag?post=214547"}],"curies":[{"name":"wp","href":"https:\/\/api.w.org\/{rel}","templated":true}]}}