{"id":214427,"date":"2024-11-19T10:41:48","date_gmt":"2024-11-19T10:41:48","guid":{"rendered":"https:\/\/aldeco.pt\/staging\/product\/pixel-2\/"},"modified":"2025-05-18T18:17:14","modified_gmt":"2025-05-18T18:17:14","slug":"pixel-2","status":"publish","type":"product","link":"https:\/\/staging.aldeco.pt\/es\/product\/pixel-2\/","title":{"rendered":"PIXEL"},"content":{"rendered":"<p>Una chenilla jacquard con un patr\u00f3n microgeom\u00e9trico. Pixel es ideal para tapicer\u00eda y decoraci\u00f3n. <\/p>\n","protected":false},"excerpt":{"rendered":"<p>Una chenilla jacquard con un patr\u00f3n microgeom\u00e9trico. Pixel es ideal para tapicer\u00eda y decoraci\u00f3n. <\/p>\n<h2>Pixel, una chenilla jacquard con un patr\u00f3n microgeom\u00e9trico. Pixel es ideal para tapicer\u00eda y decoraci\u00f3n. <\/h2>\n<p><img fetchpriority=\"high\" decoding=\"async\" class=\"alignnone wp-image-214414 size-medium\" src=\"https:\/\/aldeco.pt\/staging\/wp-content\/uploads\/2024\/11\/T017991108-300x300.jpg\" alt=\"Pixel - Aldeco\" width=\"300\" height=\"300\"><\/p>\n<p><a href=\"https:\/\/www.instagram.com\/aldeco_interiorfabrics\/\">https:\/\/www.instagram.com\/aldeco_interiorfabrics\/<\/a><\/p>\n<p><a href=\"https:\/\/aldeco.pt\/staging\/product\/organza-dupla-lisa\/?attribute_pa_aldeco-color=marfim\">https:\/\/aldeco.pt\/staging\/product\/organza-dupla-lisa\/?attribute_pa_aldeco-color=marfim<\/a><\/p>\n","protected":false},"featured_media":214416,"template":"","meta":[],"product_brand":[],"product_cat":[],"product_tag":[],"class_list":{"0":"post-214427","1":"product","2":"type-product","3":"status-publish","4":"has-post-thumbnail","8":"first","9":"instock","10":"shipping-taxable","11":"purchasable","12":"product-type-variable"},"acf":[],"_links":{"self":[{"href":"https:\/\/staging.aldeco.pt\/es\/wp-json\/wp\/v2\/product\/214427","targetHints":{"allow":["GET"]}}],"collection":[{"href":"https:\/\/staging.aldeco.pt\/es\/wp-json\/wp\/v2\/product"}],"about":[{"href":"https:\/\/staging.aldeco.pt\/es\/wp-json\/wp\/v2\/types\/product"}],"version-history":[{"count":1,"href":"https:\/\/staging.aldeco.pt\/es\/wp-json\/wp\/v2\/product\/214427\/revisions"}],"predecessor-version":[{"id":214432,"href":"https:\/\/staging.aldeco.pt\/es\/wp-json\/wp\/v2\/product\/214427\/revisions\/214432"}],"wp:featuredmedia":[{"embeddable":true,"href":"https:\/\/staging.aldeco.pt\/es\/wp-json\/wp\/v2\/media\/214416"}],"wp:attachment":[{"href":"https:\/\/staging.aldeco.pt\/es\/wp-json\/wp\/v2\/media?parent=214427"}],"wp:term":[{"taxonomy":"product_brand","embeddable":true,"href":"https:\/\/staging.aldeco.pt\/es\/wp-json\/wp\/v2\/product_brand?post=214427"},{"taxonomy":"product_cat","embeddable":true,"href":"https:\/\/staging.aldeco.pt\/es\/wp-json\/wp\/v2\/product_cat?post=214427"},{"taxonomy":"product_tag","embeddable":true,"href":"https:\/\/staging.aldeco.pt\/es\/wp-json\/wp\/v2\/product_tag?post=214427"}],"curies":[{"name":"wp","href":"https:\/\/api.w.org\/{rel}","templated":true}]}}