{"id":214309,"date":"2024-11-19T09:22:54","date_gmt":"2024-11-19T09:22:54","guid":{"rendered":"https:\/\/aldeco.pt\/staging\/product\/nova\/"},"modified":"2025-05-18T18:17:18","modified_gmt":"2025-05-18T18:17:18","slug":"nova","status":"publish","type":"product","link":"https:\/\/staging.aldeco.pt\/es\/product\/nova\/","title":{"rendered":"NOVA"},"content":{"rendered":"<p>Esta maravillosa chenilla es una tela atemporal, perfecta para proyectos de tapicer\u00eda debido a su durabilidad y resistencia. Su patr\u00f3n geom\u00e9trico bicolor proporciona una ilusi\u00f3n de profundidad y textura. <\/p>\n","protected":false},"excerpt":{"rendered":"<p>This wonderful chenille is a timeless fabric, perfect for upholstery projects due to its durability and resistance. Its two-tone geometric pattern provides an illusion of depth and texture. <\/p>\n<h2>Nova, esta maravillosa chenilla es una tela atemporal, perfecta para proyectos de tapicer\u00eda debido a su durabilidad y resistencia.<\/h2>\n<p><img fetchpriority=\"high\" decoding=\"async\" class=\"alignnone wp-image-214297 size-medium\" src=\"https:\/\/aldeco.pt\/staging\/wp-content\/uploads\/2024\/11\/T016910391-300x168.jpg\" alt=\"Nova - Aldeco\" width=\"300\" height=\"168\"><\/p>\n<p><a href=\"https:\/\/www.instagram.com\/aldeco_interiorfabrics\/\">https:\/\/www.instagram.com\/aldeco_interiorfabrics\/<\/a><\/p>\n<p><a href=\"https:\/\/aldeco.pt\/staging\/product\/nova\/?attribute_pa_aldeco-color=12\">https:\/\/aldeco.pt\/staging\/product\/nova\/?attribute_pa_aldeco-color=12<\/a><\/p>\n<p>&nbsp;<\/p>\n","protected":false},"featured_media":214281,"template":"","meta":[],"product_brand":[],"product_cat":[],"product_tag":[],"class_list":{"0":"post-214309","1":"product","2":"type-product","3":"status-publish","4":"has-post-thumbnail","6":"pa_cleanability-8283","7":"pa_composition-ext-97-pl-3-co-es","8":"pa_line-oportunidades-es","9":"pa_lithfastness-5-6-es-2","10":"pa_opportunities-activo","11":"pa_range-jacquard-es","14":"first","15":"instock","16":"shipping-taxable","17":"purchasable","18":"product-type-variable"},"acf":[],"_links":{"self":[{"href":"https:\/\/staging.aldeco.pt\/es\/wp-json\/wp\/v2\/product\/214309","targetHints":{"allow":["GET"]}}],"collection":[{"href":"https:\/\/staging.aldeco.pt\/es\/wp-json\/wp\/v2\/product"}],"about":[{"href":"https:\/\/staging.aldeco.pt\/es\/wp-json\/wp\/v2\/types\/product"}],"version-history":[{"count":1,"href":"https:\/\/staging.aldeco.pt\/es\/wp-json\/wp\/v2\/product\/214309\/revisions"}],"predecessor-version":[{"id":214317,"href":"https:\/\/staging.aldeco.pt\/es\/wp-json\/wp\/v2\/product\/214309\/revisions\/214317"}],"wp:featuredmedia":[{"embeddable":true,"href":"https:\/\/staging.aldeco.pt\/es\/wp-json\/wp\/v2\/media\/214281"}],"wp:attachment":[{"href":"https:\/\/staging.aldeco.pt\/es\/wp-json\/wp\/v2\/media?parent=214309"}],"wp:term":[{"taxonomy":"product_brand","embeddable":true,"href":"https:\/\/staging.aldeco.pt\/es\/wp-json\/wp\/v2\/product_brand?post=214309"},{"taxonomy":"product_cat","embeddable":true,"href":"https:\/\/staging.aldeco.pt\/es\/wp-json\/wp\/v2\/product_cat?post=214309"},{"taxonomy":"product_tag","embeddable":true,"href":"https:\/\/staging.aldeco.pt\/es\/wp-json\/wp\/v2\/product_tag?post=214309"}],"curies":[{"name":"wp","href":"https:\/\/api.w.org\/{rel}","templated":true}]}}