{"id":214148,"date":"2024-11-18T17:03:12","date_gmt":"2024-11-18T17:03:12","guid":{"rendered":"https:\/\/aldeco.pt\/staging\/product\/mosaic\/"},"modified":"2025-05-18T18:17:22","modified_gmt":"2025-05-18T18:17:22","slug":"mosaic","status":"publish","type":"product","link":"https:\/\/staging.aldeco.pt\/es\/product\/mosaic\/","title":{"rendered":"MOSAIC"},"content":{"rendered":"<p>MOSAIC es una tela texturizada con un patr\u00f3n geom\u00e9trico sutil. Gracias a su resistencia y durabilidad, es excelente para tapicer\u00eda y cojines elegantes. <\/p>\n","protected":false},"excerpt":{"rendered":"<p>MOSAIC es una tela texturizada con un patr\u00f3n geom\u00e9trico sutil. Gracias a su resistencia y durabilidad, es excelente para tapicer\u00eda y cojines elegantes. <\/p>\n<h2>MOSAIC es una tela texturizada con un patr\u00f3n geom\u00e9trico sutil. Gracias a su resistencia y durabilidad, es excelente para tapicer\u00eda y cojines elegantes. <\/h2>\n<p><img fetchpriority=\"high\" decoding=\"async\" class=\"alignnone wp-image-214136 size-full\" src=\"https:\/\/aldeco.pt\/staging\/wp-content\/uploads\/2024\/11\/T017990445.jpg\" alt=\"Mosaic - Aldeco\" width=\"280\" height=\"280\"><\/p>\n<p><a href=\"https:\/\/aldeco.pt\/staging\/product\/mosaic\/?attribute_pa_aldeco-color=27\">https:\/\/aldeco.pt\/staging\/product\/mosaic\/?attribute_pa_aldeco-color=27<\/a><\/p>\n<p><a href=\"https:\/\/www.instagram.com\/aldeco_interiorfabrics\/\">https:\/\/www.instagram.com\/aldeco_interiorfabrics\/<\/a><\/p>\n","protected":false},"featured_media":214123,"template":"","meta":[],"product_brand":[],"product_cat":[],"product_tag":[],"class_list":{"0":"post-214148","1":"product","2":"type-product","3":"status-publish","4":"has-post-thumbnail","6":"pa_cleanability-8283","7":"pa_composition-ext-48-pp-33-pes-19-co-es","8":"pa_line-oportunidades-es","9":"pa_lithfastness-6-es-2","10":"pa_opportunities-activo","11":"pa_range-liso-es","14":"first","15":"instock","16":"shipping-taxable","17":"purchasable","18":"product-type-variable"},"acf":[],"_links":{"self":[{"href":"https:\/\/staging.aldeco.pt\/es\/wp-json\/wp\/v2\/product\/214148","targetHints":{"allow":["GET"]}}],"collection":[{"href":"https:\/\/staging.aldeco.pt\/es\/wp-json\/wp\/v2\/product"}],"about":[{"href":"https:\/\/staging.aldeco.pt\/es\/wp-json\/wp\/v2\/types\/product"}],"version-history":[{"count":1,"href":"https:\/\/staging.aldeco.pt\/es\/wp-json\/wp\/v2\/product\/214148\/revisions"}],"predecessor-version":[{"id":214196,"href":"https:\/\/staging.aldeco.pt\/es\/wp-json\/wp\/v2\/product\/214148\/revisions\/214196"}],"wp:featuredmedia":[{"embeddable":true,"href":"https:\/\/staging.aldeco.pt\/es\/wp-json\/wp\/v2\/media\/214123"}],"wp:attachment":[{"href":"https:\/\/staging.aldeco.pt\/es\/wp-json\/wp\/v2\/media?parent=214148"}],"wp:term":[{"taxonomy":"product_brand","embeddable":true,"href":"https:\/\/staging.aldeco.pt\/es\/wp-json\/wp\/v2\/product_brand?post=214148"},{"taxonomy":"product_cat","embeddable":true,"href":"https:\/\/staging.aldeco.pt\/es\/wp-json\/wp\/v2\/product_cat?post=214148"},{"taxonomy":"product_tag","embeddable":true,"href":"https:\/\/staging.aldeco.pt\/es\/wp-json\/wp\/v2\/product_tag?post=214148"}],"curies":[{"name":"wp","href":"https:\/\/api.w.org\/{rel}","templated":true}]}}